{"id":247,"date":"2013-08-19T14:28:53","date_gmt":"2013-03-13T08:16:15","guid":{"rendered":"https:\/\/blogs.terrassa.cat\/p180\/?page_id=247"},"modified":"2013-08-19T14:28:53","modified_gmt":"2013-03-13T08:16:15","slug":"visio-p180","status":"publish","type":"page","link":"https:\/\/blogs.terrassa.cat\/ciutatdigital\/visio-p180\/","title":{"rendered":"Visi\u00f3"},"content":{"rendered":"<p>&nbsp;<\/p>\n<div style=\"text-align: justify\">L\u2019Ajuntament de Terrassa ha engegat un programa de modernitzaci\u00f3 tecnol\u00f2gica que est\u00e0 modificant la cultura organitzativa del mateix en benefici dels treballadors i treballadores. D\u2019aquest canvi tecnol\u00f2gic intern tamb\u00e9 en sortiran guanyant tots els ciutadans i ciutadanes de Terrassa.&nbsp;<\/p>\n<p style=\"text-align: justify\">La integraci\u00f3 de les Tecnologies de la Informaci\u00f3 i la Comunicaci\u00f3 en l\u2019\u00e0mbit de l\u2019Administraci\u00f3 P\u00fablica, ha de ser el mitj\u00e0 que faci possible i exit\u00f3s l\u2019apropament de l\u2019Administraci\u00f3 Participativa a la ciutadania.<\/p>\n<p style=\"text-align: justify\">L&#8217;evoluci\u00f3 tecnol\u00f2gica que hem patit els \u00faltims anys ha estat molt gran i l&#8217;esfor\u00e7 de renovaci\u00f3, per part de l&#8217;Ajuntament de Terrassa, remarcable. Ara, avui, estem en un moment que podem garantir la integraci\u00f3 dels serveis en un entorn din\u00e0mic i evolutiu, amb solucions adients amb valor afegit.<\/p>\n<p style=\"text-align: justify\">El cam\u00ed a rec\u00f3rrer ha estat, i \u00e9s, complicat i ple de dificultats, per\u00f2 gr\u00e0cies a tot l&#8217;equip del Servei de Tecnologia i a la involucraci\u00f3 directa dels serveis afectats en cada projecte, es consolida la renovaci\u00f3 i actualitzaci\u00f3 de tot el suport tecnol\u00f2gic de l\u2019Ajuntament. Seguim caminant per esdevenir, dia a dia, una Administraci\u00f3 m\u00e9s eficient i oberta, facilitant l\u2019acc\u00e9s a tot all\u00f2 que es necessita per treballar i promoure l\u2019aprenentatge mitjan\u00e7ant l\u2019intercanvi d\u2019experi\u00e8ncies i la compartici\u00f3 de bones pr\u00e0ctiques.<\/p>\n<p style=\"text-align: justify\">Parlarem de govern obert, smart city, open data, big data, innovaci\u00f3 i, administraci\u00f3 electr\u00f2nica, cloud, comunicacions, xarxes, aplicacions, mobilitat, efici\u00e8ncia, productivitat i un munt de coses m\u00e9s.<\/p>\n<p style=\"text-align: justify\">La l\u00ednia estrat\u00e8gica, els objectius a assolir, el com ho fem i de quina manera\u2026tot aix\u00f2 ho trobar\u00e0s aqu\u00ed.<\/p>\n<\/div>\n","protected":false},"excerpt":{"rendered":"<p>&nbsp; L\u2019Ajuntament de Terrassa ha engegat un programa de modernitzaci\u00f3 tecnol\u00f2gica que est\u00e0 modificant la cultura organitzativa del mateix en benefici dels treballadors i treballadores. D\u2019aquest canvi tecnol\u00f2gic intern tamb\u00e9 en sortiran guanyant tots els ciutadans i ciutadanes de Terrassa.&nbsp; La integraci\u00f3 de les Tecnologies de la Informaci\u00f3 i la [&hellip;]<\/p>\n","protected":false},"author":2,"featured_media":0,"parent":0,"menu_order":0,"comment_status":"open","ping_status":"open","template":"","meta":{"footnotes":""},"class_list":["post-247","page","type-page","status-publish","hentry"],"_links":{"self":[{"href":"https:\/\/blogs.terrassa.cat\/ciutatdigital\/wp-json\/wp\/v2\/pages\/247","targetHints":{"allow":["GET"]}}],"collection":[{"href":"https:\/\/blogs.terrassa.cat\/ciutatdigital\/wp-json\/wp\/v2\/pages"}],"about":[{"href":"https:\/\/blogs.terrassa.cat\/ciutatdigital\/wp-json\/wp\/v2\/types\/page"}],"author":[{"embeddable":true,"href":"https:\/\/blogs.terrassa.cat\/ciutatdigital\/wp-json\/wp\/v2\/users\/2"}],"replies":[{"embeddable":true,"href":"https:\/\/blogs.terrassa.cat\/ciutatdigital\/wp-json\/wp\/v2\/comments?post=247"}],"version-history":[{"count":0,"href":"https:\/\/blogs.terrassa.cat\/ciutatdigital\/wp-json\/wp\/v2\/pages\/247\/revisions"}],"wp:attachment":[{"href":"https:\/\/blogs.terrassa.cat\/ciutatdigital\/wp-json\/wp\/v2\/media?parent=247"}],"curies":[{"name":"wp","href":"https:\/\/api.w.org\/{rel}","templated":true}]}}