{"id":763,"date":"2013-08-19T14:28:53","date_gmt":"2013-08-19T12:13:38","guid":{"rendered":"https:\/\/blogs.terrassa.cat\/smarterrassa\/?page_id=763"},"modified":"2013-08-19T14:28:53","modified_gmt":"2013-08-19T12:13:38","slug":"vision","status":"publish","type":"page","link":"https:\/\/blogs.terrassa.cat\/ciutatdigital\/en\/vision\/","title":{"rendered":"Visi\u00f3n"},"content":{"rendered":"<div style=\"text-align: justify\">\n<p>El Ayuntamiento de Terrassa ha puesto en marcha un programa de  modernizaci\u00f3n tecnol\u00f3gica que est\u00e1 modificando la cultura organizativa  del mismo en beneficio de los trabajadores y trabajadoras. De este  cambio tecnol\u00f3gico interno tambi\u00e9n saldr\u00e1n ganando todos los ciudadanos y  ciudadanas de Terrassa.<\/p>\n<p>La integraci\u00f3n de las Tecnolog\u00edas de la Informaci\u00f3n y la Comunicaci\u00f3n en  el \u00e1mbito de la Administraci\u00f3n P\u00fablica, tiene que ser el medio que haga  posible el acercamiento de la Administraci\u00f3n Participativa a la  ciudadan\u00eda y que adem\u00e1s, sea un \u00e9xito.<\/p>\n<p>La evoluci\u00f3n tecnol\u00f3gica que hemos sufrido los \u00faltimos a\u00f1os ha sido muy  grande y el esfuerzo de renovaci\u00f3n, por parte del Ayuntamiento de  Terrassa, remarcable. Ahora, hoy, estamos en un momento que podemos  garantizar la integraci\u00f3n de los servicios en un entorno din\u00e1mico y  evolutivo, con soluciones adecuadas con valor a\u00f1adido.<\/p>\n<p>El camino a recorrer ha sido, y es, complicado y lleno de dificultades,  pero gracias a todo el equipo de los Servicios de Tecnolog\u00eda y a la  involucraci\u00f3 directa de los servicios afectados en cada proyecto, se  consolida la renovaci\u00f3n y actualizaci\u00f3n de todo el apoyo tecnol\u00f3gico del  Ayuntamiento y seguimos andando para acontecer, d\u00eda a d\u00eda, una  Administraci\u00f3n m\u00e1s eficiente y abierta, facilitando el acceso a todo  aquello que se necesita para trabajar y promover el aprendizaje mediante  el intercambio de experiencias y la compartici\u00f3n de buenas pr\u00e1cticas.<\/p>\n<p>Hablaremos de gobierno abierto, smart city, open data, big data,  innovaci\u00f3n y, administraci\u00f3n electr\u00f3nica, cloud, comunicaciones, redes,  aplicaciones, movilidad, eficiencia, productividad y un mont\u00f3n de cosas  m\u00e1s.<\/p>\n<p>La l\u00ednea estrat\u00e9gica, los objetivos a lograr, el como lo hacemos y de qu\u00e9 manera\u2026todo esto lo encontrar\u00e1s aqu\u00ed.<\/p>\n<\/div>\n","protected":false},"excerpt":{"rendered":"<p>El Ayuntamiento de Terrassa ha puesto en marcha un programa de modernizaci\u00f3n tecnol\u00f3gica que est\u00e1 modificando la cultura organizativa del mismo en beneficio de los trabajadores y trabajadoras. De este cambio tecnol\u00f3gico interno tambi\u00e9n saldr\u00e1n ganando todos los ciudadanos y ciudadanas de Terrassa. La integraci\u00f3n de las Tecnolog\u00edas de la [&hellip;]<\/p>\n","protected":false},"author":1,"featured_media":0,"parent":0,"menu_order":0,"comment_status":"open","ping_status":"open","template":"","meta":{"footnotes":""},"class_list":["post-763","page","type-page","status-publish","hentry"],"_links":{"self":[{"href":"https:\/\/blogs.terrassa.cat\/ciutatdigital\/wp-json\/wp\/v2\/pages\/763","targetHints":{"allow":["GET"]}}],"collection":[{"href":"https:\/\/blogs.terrassa.cat\/ciutatdigital\/wp-json\/wp\/v2\/pages"}],"about":[{"href":"https:\/\/blogs.terrassa.cat\/ciutatdigital\/wp-json\/wp\/v2\/types\/page"}],"author":[{"embeddable":true,"href":"https:\/\/blogs.terrassa.cat\/ciutatdigital\/wp-json\/wp\/v2\/users\/1"}],"replies":[{"embeddable":true,"href":"https:\/\/blogs.terrassa.cat\/ciutatdigital\/wp-json\/wp\/v2\/comments?post=763"}],"version-history":[{"count":0,"href":"https:\/\/blogs.terrassa.cat\/ciutatdigital\/wp-json\/wp\/v2\/pages\/763\/revisions"}],"wp:attachment":[{"href":"https:\/\/blogs.terrassa.cat\/ciutatdigital\/wp-json\/wp\/v2\/media?parent=763"}],"curies":[{"name":"wp","href":"https:\/\/api.w.org\/{rel}","templated":true}]}}