{"id":116,"date":"2013-10-08T12:57:43","date_gmt":"2013-03-25T13:21:57","guid":{"rendered":"https:\/\/blogs.terrassa.cat\/internacional\/?page_id=116"},"modified":"2013-10-08T12:57:43","modified_gmt":"2013-03-25T13:21:57","slug":"contacto","status":"publish","type":"page","link":"https:\/\/blogs.terrassa.cat\/internacional\/es\/contacto\/","title":{"rendered":"Contacto"},"content":{"rendered":"\n<figure class=\"wp-block-image size-large\"><img loading=\"lazy\" decoding=\"async\" width=\"512\" height=\"341\" src=\"https:\/\/blogs.terrassa.cat\/internacional\/wp-content\/uploads\/sites\/3\/2020\/11\/VAPOR_ESCODI_COMERC_RETAIL_TERRASSA-3.jpg\" alt=\"\" class=\"wp-image-4499\" srcset=\"https:\/\/blogs.terrassa.cat\/internacional\/wp-content\/uploads\/sites\/3\/2020\/11\/VAPOR_ESCODI_COMERC_RETAIL_TERRASSA-3.jpg 512w, https:\/\/blogs.terrassa.cat\/internacional\/wp-content\/uploads\/sites\/3\/2020\/11\/VAPOR_ESCODI_COMERC_RETAIL_TERRASSA-3-300x200.jpg 300w, https:\/\/blogs.terrassa.cat\/internacional\/wp-content\/uploads\/sites\/3\/2020\/11\/VAPOR_ESCODI_COMERC_RETAIL_TERRASSA-3-360x240.jpg 360w\" sizes=\"auto, (max-width: 512px) 100vw, 512px\" \/><\/figure>\n\n\n<p style=\"text-align: left\"><strong>Direcci\u00f3n<\/strong><\/p>\n<p style=\"text-align: left\">Colom, 114 | 2a planta | 08222 Terrassa | Catalu\u00f1a <a href=\"http:\/\/bit.ly\/1AR5XS0\"><img decoding=\"async\" title=\"Acceso al mapa on-line con la posici\u00f3n de la oficina\" src=\"https:\/\/aoberta.terrassa.cat\/imatges\/css_inc\/punt_separacio_peu.gif\" alt=\"Acceso al mapa\" \/><\/a><\/p>\n<h2>Como contactar<\/h2>\n<p>Correo electr\u00f3nico: <a href=\"mailto:international@terrassa.cat\">international@terrassa.cat<\/a><br \/>P\u00e1gina web: <a href=\"http:\/\/www.terrassa.cat\/internacional\">Relacions Europees i Internacionals<\/a><\/p>\n<p>Twitter: @RRII_Terrassa<\/p>\n<table>\n<tbody>\n<tr>\n<td valign=\"top\">Tel\u00e9fono:<\/td>\n<td>937 363 025<br \/>937 397 000<\/td>\n<\/tr>\n<\/tbody>\n<\/table>\n<p style=\"text-align: left\"><a style=\"color: #0000ff;text-align: left\" href=\"http:\/\/goo.gl\/maps\/Vs3wD\">Muestra la direcci\u00f3n en Google Maps<\/a><\/p>","protected":false},"excerpt":{"rendered":"<p>Direcci\u00f3n Colom, 114 | 2a planta | 08222 Terrassa | Catalu\u00f1a Como contactar Correo electr\u00f3nico: international@terrassa.catP\u00e1gina web: Relacions Europees i Internacionals Twitter: @RRII_Terrassa Tel\u00e9fono: 937 363 025937 397 000 Muestra la direcci\u00f3n en Google Maps<\/p>\n","protected":false},"author":3,"featured_media":0,"parent":0,"menu_order":0,"comment_status":"closed","ping_status":"closed","template":"","meta":{"footnotes":""},"class_list":["post-116","page","type-page","status-publish","hentry"],"_links":{"self":[{"href":"https:\/\/blogs.terrassa.cat\/internacional\/wp-json\/wp\/v2\/pages\/116","targetHints":{"allow":["GET"]}}],"collection":[{"href":"https:\/\/blogs.terrassa.cat\/internacional\/wp-json\/wp\/v2\/pages"}],"about":[{"href":"https:\/\/blogs.terrassa.cat\/internacional\/wp-json\/wp\/v2\/types\/page"}],"author":[{"embeddable":true,"href":"https:\/\/blogs.terrassa.cat\/internacional\/wp-json\/wp\/v2\/users\/3"}],"replies":[{"embeddable":true,"href":"https:\/\/blogs.terrassa.cat\/internacional\/wp-json\/wp\/v2\/comments?post=116"}],"version-history":[{"count":0,"href":"https:\/\/blogs.terrassa.cat\/internacional\/wp-json\/wp\/v2\/pages\/116\/revisions"}],"wp:attachment":[{"href":"https:\/\/blogs.terrassa.cat\/internacional\/wp-json\/wp\/v2\/media?parent=116"}],"curies":[{"name":"wp","href":"https:\/\/api.w.org\/{rel}","templated":true}]}}