{"id":143,"date":"2025-03-17T11:52:33","date_gmt":"2025-03-17T10:52:33","guid":{"rendered":"https:\/\/portfolio34988.wordpress.com\/?page_id=143"},"modified":"2025-07-10T14:06:00","modified_gmt":"2025-07-10T12:06:00","slug":"mateu-avellaneda-estimant-terrassa","status":"publish","type":"page","link":"https:\/\/blogs.terrassa.cat\/mateuavellaneda\/","title":{"rendered":"Exposici\u00f3 virtual"},"content":{"rendered":"\n<div class=\"wp-block-group alignfull is-content-justification-center\" style=\"margin-top:0;margin-bottom:0;padding-top:var(--wp--preset--spacing--20);padding-right:var(--wp--style--root--padding-right, var(--wp--custom--gap--horizontal));padding-bottom:var(--wp--preset--spacing--20);padding-left:var(--wp--style--root--padding-left, var(--wp--custom--gap--horizontal))\"><div class=\"wp-block-group__inner-container is-layout-constrained wp-container-core-group-is-layout-1317244b wp-block-group-is-layout-constrained\">\n<header class=\"wp-block-group alignwide is-content-justification-space-between is-nowrap is-layout-flex wp-container-core-group-is-layout-3cfe626b wp-block-group-is-layout-flex\" style=\"margin-top:0;margin-bottom:0\">\n<div class=\"wp-block-group wp-container-content-9cfa9a5a is-content-justification-center\"><div class=\"wp-block-group__inner-container is-layout-constrained wp-block-group-is-layout-constrained\"><h1 class=\"has-text-align-center wp-block-site-title has-libre-baskerville-font-family\"><a href=\"https:\/\/blogs.terrassa.cat\/mateuavellaneda\" target=\"_self\" rel=\"home\">Mateu Avellaneda: estimant Terrassa<\/a><\/h1><\/div><\/div>\n<\/header>\n<\/div><\/div>\n\n\n\n<h3 class=\"wp-block-heading has-text-align-center has-libre-baskerville-font-family\" id=\"exposicio-virtual-d-un-dels-artistes-mes-importants-de-la-ciutat-de-terrassa\">Exposici\u00f3 virtual d&#8217;un destacat artista de la ciutat de Terrassa.<\/h3>\n\n\n\n<figure class=\"wp-block-image size-large\"><img loading=\"lazy\" decoding=\"async\" width=\"1024\" height=\"319\" src=\"https:\/\/blogs.terrassa.cat\/mateuavellaneda\/wp-content\/uploads\/sites\/6\/2025\/06\/14539-scaled-e1750847519686-1024x319.jpg\" alt=\"\" class=\"wp-image-1534\" srcset=\"https:\/\/blogs.terrassa.cat\/mateuavellaneda\/wp-content\/uploads\/sites\/6\/2025\/06\/14539-scaled-e1750847519686-1024x319.jpg 1024w, https:\/\/blogs.terrassa.cat\/mateuavellaneda\/wp-content\/uploads\/sites\/6\/2025\/06\/14539-scaled-e1750847519686-300x94.jpg 300w, https:\/\/blogs.terrassa.cat\/mateuavellaneda\/wp-content\/uploads\/sites\/6\/2025\/06\/14539-scaled-e1750847519686-768x239.jpg 768w, https:\/\/blogs.terrassa.cat\/mateuavellaneda\/wp-content\/uploads\/sites\/6\/2025\/06\/14539-scaled-e1750847519686-1536x479.jpg 1536w, https:\/\/blogs.terrassa.cat\/mateuavellaneda\/wp-content\/uploads\/sites\/6\/2025\/06\/14539-scaled-e1750847519686-2048x639.jpg 2048w, https:\/\/blogs.terrassa.cat\/mateuavellaneda\/wp-content\/uploads\/sites\/6\/2025\/06\/14539-scaled-e1750847519686-1200x374.jpg 1200w, https:\/\/blogs.terrassa.cat\/mateuavellaneda\/wp-content\/uploads\/sites\/6\/2025\/06\/14539-scaled-e1750847519686-1980x617.jpg 1980w\" sizes=\"auto, (max-width: 1024px) 100vw, 1024px\" \/><\/figure>\n\n\n\n<figure class=\"wp-block-pullquote has-cormorant-font-family\"><blockquote><p><em>Mateu Avellaneda va basar la seva vida i el seu art en la ciutat de Terrassa. La gent m\u00e9s propera a ell afirm\u00e0 que com ell, cap dibuixant va estimar ni estimar\u00e0 tant la ciutat.<\/em><\/p><cite><em>Trenchs, M (1963) Mateu Avellaneda Iconograf\u00eda Terrassenca- Esb\u00f3s Biogr\u00e0fic<\/em><\/cite><\/blockquote><\/figure>\n\n\n\n<div class=\"wp-block-cover is-light wp-duotone-grayscale\" id=\"biografia\"><img loading=\"lazy\" decoding=\"async\" width=\"276\" height=\"300\" class=\"wp-block-cover__image-background wp-image-55 size-medium\" alt=\"\" src=\"https:\/\/blogs.terrassa.cat\/mateuavellaneda\/wp-content\/uploads\/sites\/6\/2025\/03\/mateu-avellaneda-1-e1750843503866-276x300.jpg\" style=\"object-position:40% 43%\" data-object-fit=\"cover\" data-object-position=\"40% 43%\" srcset=\"https:\/\/blogs.terrassa.cat\/mateuavellaneda\/wp-content\/uploads\/sites\/6\/2025\/03\/mateu-avellaneda-1-e1750843503866-276x300.jpg 276w, https:\/\/blogs.terrassa.cat\/mateuavellaneda\/wp-content\/uploads\/sites\/6\/2025\/03\/mateu-avellaneda-1-e1750843503866.jpg 586w\" sizes=\"auto, (max-width: 276px) 100vw, 276px\" \/><span aria-hidden=\"true\" class=\"wp-block-cover__background has-background-dim-0 has-background-dim\" style=\"background-color:#937c70\"><\/span><div class=\"wp-block-cover__inner-container is-layout-flow wp-block-cover-is-layout-flow\">\n<div class=\"wp-block-group\"><div class=\"wp-block-group__inner-container is-layout-constrained wp-block-group-is-layout-constrained\">\n<h2 class=\"wp-block-heading has-libre-baskerville-font-family\">Biografia de l&#8217;artista<\/h2>\n<\/div><\/div>\n\n\n\n<div class=\"wp-block-buttons is-layout-flex wp-block-buttons-is-layout-flex\">\n<div class=\"wp-block-button\"><a class=\"wp-block-button__link wp-element-button\" href=\"\/mateuavellaneda\/biografia-de-lartista\/\">Obre <\/a><\/div>\n<\/div>\n<\/div><\/div>\n\n\n\n<div class=\"wp-block-cover is-light\" id=\"esglesies\"><img loading=\"lazy\" decoding=\"async\" width=\"1024\" height=\"747\" class=\"wp-block-cover__image-background wp-image-738 size-large\" alt=\"\" src=\"https:\/\/blogs.terrassa.cat\/mateuavellaneda\/wp-content\/uploads\/sites\/6\/2025\/06\/14852-e1750843646483-1024x747.jpg\" data-object-fit=\"cover\" srcset=\"https:\/\/blogs.terrassa.cat\/mateuavellaneda\/wp-content\/uploads\/sites\/6\/2025\/06\/14852-e1750843646483-1024x747.jpg 1024w, https:\/\/blogs.terrassa.cat\/mateuavellaneda\/wp-content\/uploads\/sites\/6\/2025\/06\/14852-e1750843646483-300x219.jpg 300w, https:\/\/blogs.terrassa.cat\/mateuavellaneda\/wp-content\/uploads\/sites\/6\/2025\/06\/14852-e1750843646483-768x560.jpg 768w, https:\/\/blogs.terrassa.cat\/mateuavellaneda\/wp-content\/uploads\/sites\/6\/2025\/06\/14852-e1750843646483-1200x875.jpg 1200w, https:\/\/blogs.terrassa.cat\/mateuavellaneda\/wp-content\/uploads\/sites\/6\/2025\/06\/14852-e1750843646483.jpg 1504w\" sizes=\"auto, (max-width: 1024px) 100vw, 1024px\" \/><span aria-hidden=\"true\" class=\"wp-block-cover__background has-background-dim\" style=\"background-color:#f4f0dd\"><\/span><div class=\"wp-block-cover__inner-container is-layout-flow wp-block-cover-is-layout-flow\">\n<div class=\"wp-block-group\"><div class=\"wp-block-group__inner-container is-layout-constrained wp-block-group-is-layout-constrained\">\n<h2 class=\"wp-block-heading has-libre-baskerville-font-family\">Esgl\u00e9sies i ermites<\/h2>\n<\/div><\/div>\n\n\n\n<div class=\"wp-block-buttons is-layout-flex wp-block-buttons-is-layout-flex\">\n<div class=\"wp-block-button\"><a class=\"wp-block-button__link wp-element-button\" href=\"\/mateuavellaneda\/?page_id=162\">obre <\/a><\/div>\n<\/div>\n<\/div><\/div>\n\n\n\n<div class=\"wp-block-cover is-light\" id=\"masies\"><img loading=\"lazy\" decoding=\"async\" width=\"480\" height=\"340\" class=\"wp-block-cover__image-background wp-image-98 size-full\" alt=\"\" src=\"https:\/\/blogs.terrassa.cat\/mateuavellaneda\/wp-content\/uploads\/sites\/6\/2025\/03\/ca-narnella.jpg\" data-object-fit=\"cover\" srcset=\"https:\/\/blogs.terrassa.cat\/mateuavellaneda\/wp-content\/uploads\/sites\/6\/2025\/03\/ca-narnella.jpg 480w, https:\/\/blogs.terrassa.cat\/mateuavellaneda\/wp-content\/uploads\/sites\/6\/2025\/03\/ca-narnella-300x213.jpg 300w\" sizes=\"auto, (max-width: 480px) 100vw, 480px\" \/><span aria-hidden=\"true\" class=\"wp-block-cover__background has-background-dim\" style=\"background-color:#ece6cd\"><\/span><div class=\"wp-block-cover__inner-container is-layout-flow wp-block-cover-is-layout-flow\">\n<div class=\"wp-block-group\"><div class=\"wp-block-group__inner-container is-layout-constrained wp-block-group-is-layout-constrained\">\n<h2 class=\"wp-block-heading has-libre-baskerville-font-family\">Masies<\/h2>\n<\/div><\/div>\n\n\n\n<div class=\"wp-block-buttons is-layout-flex wp-block-buttons-is-layout-flex\">\n<div class=\"wp-block-button\"><a class=\"wp-block-button__link wp-element-button\" href=\"\/mateuavellaneda\/?page_id=158\">Obre <\/a><\/div>\n<\/div>\n<\/div><\/div>\n\n\n\n<div class=\"wp-block-cover is-light\" id=\"terrassa\"><img loading=\"lazy\" decoding=\"async\" width=\"480\" height=\"376\" class=\"wp-block-cover__image-background wp-image-110 size-full\" alt=\"\" src=\"https:\/\/blogs.terrassa.cat\/mateuavellaneda\/wp-content\/uploads\/sites\/6\/2025\/03\/carrer-de-baix-placa-ca-la-baldirona.jpg\" data-object-fit=\"cover\" srcset=\"https:\/\/blogs.terrassa.cat\/mateuavellaneda\/wp-content\/uploads\/sites\/6\/2025\/03\/carrer-de-baix-placa-ca-la-baldirona.jpg 480w, https:\/\/blogs.terrassa.cat\/mateuavellaneda\/wp-content\/uploads\/sites\/6\/2025\/03\/carrer-de-baix-placa-ca-la-baldirona-300x235.jpg 300w\" sizes=\"auto, (max-width: 480px) 100vw, 480px\" \/><span aria-hidden=\"true\" class=\"wp-block-cover__background has-background-dim-0 has-background-dim\" style=\"background-color:#f6ebd3\"><\/span><div class=\"wp-block-cover__inner-container is-layout-flow wp-block-cover-is-layout-flow\">\n<div class=\"wp-block-group\"><div class=\"wp-block-group__inner-container is-layout-constrained wp-block-group-is-layout-constrained\">\n<h2 class=\"wp-block-heading has-libre-baskerville-font-family\">Carrers i espai urb\u00e0<\/h2>\n<\/div><\/div>\n\n\n\n<div class=\"wp-block-buttons is-layout-flex wp-block-buttons-is-layout-flex\">\n<div class=\"wp-block-button\"><a class=\"wp-block-button__link wp-element-button\" href=\"\/mateuavellaneda\/context-terrassa\/\">obre <\/a><\/div>\n<\/div>\n<\/div><\/div>\n\n\n\n<div class=\"wp-block-cover is-light\" style=\"min-height:410px;aspect-ratio:unset;\" id=\"exlibris\"><img loading=\"lazy\" decoding=\"async\" width=\"418\" height=\"303\" class=\"wp-block-cover__image-background wp-image-212 size-full\" alt=\"\" src=\"https:\/\/blogs.terrassa.cat\/mateuavellaneda\/wp-content\/uploads\/sites\/6\/2025\/03\/exlibris3-e1750843674961.jpg\" style=\"object-position:55% 54%\" data-object-fit=\"cover\" data-object-position=\"55% 54%\" srcset=\"https:\/\/blogs.terrassa.cat\/mateuavellaneda\/wp-content\/uploads\/sites\/6\/2025\/03\/exlibris3-e1750843674961.jpg 418w, https:\/\/blogs.terrassa.cat\/mateuavellaneda\/wp-content\/uploads\/sites\/6\/2025\/03\/exlibris3-e1750843674961-300x217.jpg 300w\" sizes=\"auto, (max-width: 418px) 100vw, 418px\" \/><span aria-hidden=\"true\" class=\"wp-block-cover__background has-background-dim-20 has-background-dim\" style=\"background-color:#ffd5d5\"><\/span><div class=\"wp-block-cover__inner-container is-layout-flow wp-block-cover-is-layout-flow\">\n<div class=\"wp-block-group\"><div class=\"wp-block-group__inner-container is-layout-constrained wp-block-group-is-layout-constrained\">\n<h2 class=\"wp-block-heading has-libre-baskerville-font-family\">Her\u00e0ldica i identitat<\/h2>\n<\/div><\/div>\n\n\n\n<div class=\"wp-block-buttons is-layout-flex wp-block-buttons-is-layout-flex\">\n<div class=\"wp-block-button\"><a class=\"wp-block-button__link wp-element-button\" href=\"\/mateuavellaneda\/?page_id=170\">obre<\/a><\/div>\n<\/div>\n<\/div><\/div>\n\n\n\n<div class=\"wp-block-cover is-light\" id=\"exlibris\"><img loading=\"lazy\" decoding=\"async\" width=\"480\" height=\"338\" class=\"wp-block-cover__image-background wp-image-385 size-full\" alt=\"\" src=\"https:\/\/blogs.terrassa.cat\/mateuavellaneda\/wp-content\/uploads\/sites\/6\/2025\/04\/castell-cartoixa-vallparadis-ma1.jpg\" data-object-fit=\"cover\" srcset=\"https:\/\/blogs.terrassa.cat\/mateuavellaneda\/wp-content\/uploads\/sites\/6\/2025\/04\/castell-cartoixa-vallparadis-ma1.jpg 480w, https:\/\/blogs.terrassa.cat\/mateuavellaneda\/wp-content\/uploads\/sites\/6\/2025\/04\/castell-cartoixa-vallparadis-ma1-300x211.jpg 300w\" sizes=\"auto, (max-width: 480px) 100vw, 480px\" \/><span aria-hidden=\"true\" class=\"wp-block-cover__background has-background-dim-20 has-background-dim\" style=\"background-color:#898989\"><\/span><div class=\"wp-block-cover__inner-container is-layout-flow wp-block-cover-is-layout-flow\">\n<div class=\"wp-block-group\"><div class=\"wp-block-group__inner-container is-layout-constrained wp-block-group-is-layout-constrained\">\n<h2 class=\"wp-block-heading has-libre-baskerville-font-family\">Edificis emblem\u00e0tics<\/h2>\n<\/div><\/div>\n\n\n\n<div class=\"wp-block-buttons is-layout-flex wp-block-buttons-is-layout-flex\">\n<div class=\"wp-block-button\"><a class=\"wp-block-button__link wp-element-button\" href=\"\/mateuavellaneda\/mmmmmm\/\">obre <\/a><\/div>\n<\/div>\n<\/div><\/div>\n\n\n\n<div class=\"wp-block-cover is-light\" style=\"min-height:378px;aspect-ratio:unset;\" id=\"emap\"><img loading=\"lazy\" decoding=\"async\" width=\"480\" height=\"340\" class=\"wp-block-cover__image-background wp-image-1678 size-full\" alt=\"\" src=\"https:\/\/blogs.terrassa.cat\/mateuavellaneda\/wp-content\/uploads\/sites\/6\/2025\/06\/Runes-d\u00b4una-casa-al-carrer-Major-pati-de-Can-Vinyals.jpg\" style=\"object-position:44% 0%\" data-object-fit=\"cover\" data-object-position=\"44% 0%\" srcset=\"https:\/\/blogs.terrassa.cat\/mateuavellaneda\/wp-content\/uploads\/sites\/6\/2025\/06\/Runes-d\u00b4una-casa-al-carrer-Major-pati-de-Can-Vinyals.jpg 480w, https:\/\/blogs.terrassa.cat\/mateuavellaneda\/wp-content\/uploads\/sites\/6\/2025\/06\/Runes-d\u00b4una-casa-al-carrer-Major-pati-de-Can-Vinyals-300x213.jpg 300w\" sizes=\"auto, (max-width: 480px) 100vw, 480px\" \/><span aria-hidden=\"true\" class=\"wp-block-cover__background has-background-dim\" style=\"background-color:#e4e3d2\"><\/span><div class=\"wp-block-cover__inner-container is-layout-flow wp-block-cover-is-layout-flow\">\n<div class=\"wp-block-group\"><div class=\"wp-block-group__inner-container is-layout-constrained wp-block-group-is-layout-constrained\">\n<h2 class=\"wp-block-heading has-libre-baskerville-font-family\">E-map<\/h2>\n<\/div><\/div>\n\n\n\n<div class=\"wp-block-buttons is-layout-flex wp-block-buttons-is-layout-flex\">\n<div class=\"wp-block-button\"><a class=\"wp-block-button__link wp-element-button\" href=\"\/mateuavellaneda\/?page_id=174\">Obre <\/a><\/div>\n<\/div>\n<\/div><\/div>\n\n\n\n<figure class=\"wp-block-pullquote has-cormorant-font-family\"><blockquote><p>Han estat sempre el seu amor: la fam\u00edlia, la ciutat i els dibuixos.<\/p><cite><em>Trenchs, M (1963)<\/em><\/cite><\/blockquote><\/figure>\n\n\n<div class=\"is-default-size aligncenter wp-block-site-logo\"><a href=\"https:\/\/blogs.terrassa.cat\/mateuavellaneda\/\" class=\"custom-logo-link\" rel=\"home\"><img loading=\"lazy\" decoding=\"async\" width=\"842\" height=\"332\" src=\"https:\/\/blogs.terrassa.cat\/mateuavellaneda\/wp-content\/uploads\/sites\/6\/2025\/03\/cropped-image.png\" class=\"custom-logo\" alt=\"Mateu Avellaneda: estimant Terrassa\" srcset=\"https:\/\/blogs.terrassa.cat\/mateuavellaneda\/wp-content\/uploads\/sites\/6\/2025\/03\/cropped-image.png 842w, https:\/\/blogs.terrassa.cat\/mateuavellaneda\/wp-content\/uploads\/sites\/6\/2025\/03\/cropped-image-300x118.png 300w, https:\/\/blogs.terrassa.cat\/mateuavellaneda\/wp-content\/uploads\/sites\/6\/2025\/03\/cropped-image-768x303.png 768w\" sizes=\"auto, (max-width: 842px) 100vw, 842px\" \/><\/a><\/div>\n\n\n<p><\/p>\n","protected":false},"excerpt":{"rendered":"<p>Exposici\u00f3 virtual d&#8217;un destacat artista de la ciutat de Terrassa. Mateu Avellaneda va basar la seva vida i el seu art en la ciutat de Terrassa. La gent m\u00e9s propera a ell afirm\u00e0 que com ell, cap dibuixant va estimar ni estimar\u00e0 tant la ciutat. Trenchs, M (1963) Mateu Avellaneda Iconograf\u00eda Terrassenca- Esb\u00f3s Biogr\u00e0fic Han [&hellip;]<\/p>\n","protected":false},"author":8,"featured_media":0,"parent":0,"menu_order":0,"comment_status":"closed","ping_status":"closed","template":"","meta":{"footnotes":""},"class_list":["post-143","page","type-page","status-publish","hentry"],"jetpack_sharing_enabled":true,"_links":{"self":[{"href":"https:\/\/blogs.terrassa.cat\/mateuavellaneda\/wp-json\/wp\/v2\/pages\/143","targetHints":{"allow":["GET"]}}],"collection":[{"href":"https:\/\/blogs.terrassa.cat\/mateuavellaneda\/wp-json\/wp\/v2\/pages"}],"about":[{"href":"https:\/\/blogs.terrassa.cat\/mateuavellaneda\/wp-json\/wp\/v2\/types\/page"}],"author":[{"embeddable":true,"href":"https:\/\/blogs.terrassa.cat\/mateuavellaneda\/wp-json\/wp\/v2\/users\/8"}],"replies":[{"embeddable":true,"href":"https:\/\/blogs.terrassa.cat\/mateuavellaneda\/wp-json\/wp\/v2\/comments?post=143"}],"version-history":[{"count":9,"href":"https:\/\/blogs.terrassa.cat\/mateuavellaneda\/wp-json\/wp\/v2\/pages\/143\/revisions"}],"predecessor-version":[{"id":1956,"href":"https:\/\/blogs.terrassa.cat\/mateuavellaneda\/wp-json\/wp\/v2\/pages\/143\/revisions\/1956"}],"wp:attachment":[{"href":"https:\/\/blogs.terrassa.cat\/mateuavellaneda\/wp-json\/wp\/v2\/media?parent=143"}],"curies":[{"name":"wp","href":"https:\/\/api.w.org\/{rel}","templated":true}]}}