{"id":152,"date":"2025-03-17T11:22:55","date_gmt":"2025-03-17T10:22:55","guid":{"rendered":"https:\/\/portfolio34988.wordpress.com\/?page_id=152"},"modified":"2025-07-10T14:21:26","modified_gmt":"2025-07-10T12:21:26","slug":"biografia-de-lartista","status":"publish","type":"page","link":"https:\/\/blogs.terrassa.cat\/mateuavellaneda\/biografia-de-lartista\/","title":{"rendered":"Biografia de l&#8217;artista"},"content":{"rendered":"<div class=\"wp-block-image\">\n<figure class=\"aligncenter size-full\"><img loading=\"lazy\" decoding=\"async\" width=\"437\" height=\"625\" src=\"https:\/\/blogs.terrassa.cat\/mateuavellaneda\/wp-content\/uploads\/sites\/6\/2025\/06\/avellaneda.jpg\" alt=\"\" class=\"wp-image-1542\" srcset=\"https:\/\/blogs.terrassa.cat\/mateuavellaneda\/wp-content\/uploads\/sites\/6\/2025\/06\/avellaneda.jpg 437w, https:\/\/blogs.terrassa.cat\/mateuavellaneda\/wp-content\/uploads\/sites\/6\/2025\/06\/avellaneda-210x300.jpg 210w\" sizes=\"auto, (max-width: 437px) 100vw, 437px\" \/><\/figure>\n<\/div>\n\n\n<div class=\"wp-block-group is-nowrap is-layout-flex wp-container-core-group-is-layout-ad2f72ca wp-block-group-is-layout-flex\">\n<h4 class=\"wp-block-heading has-libre-baskerville-font-family\">Mateu Avellaneda i Canyadell nascut a Terrassa el 24 de juny de 1902. Fou un destacat dibuixant terrassenc conegut per la seva tasca en la divulgaci\u00f3 de la hist\u00f2ria de la ciutat mitjan\u00e7ant les seves il\u00b7lustracions, especialment els seus gravats d&#8217;edificis distribu\u00efts per tota Terrassa i voltants.<\/h4>\n<\/div>\n\n\n\n<p><strong>Formaci\u00f3<\/strong><\/p>\n\n\n\n<p class=\"has-text-align-left\">Comen\u00e7a a estudiar amb el senyor Escoda i m\u00e9s endavant amb el senyor Tries. Des de jove, va mostrar una inclinaci\u00f3 per les arts, tot i que el seu pare volia que aprengu\u00e9s un ofici del m\u00f3n del comer\u00e7, per\u00f2 la seva passi\u00f3 art\u00edstica, el va portar a estudiar belles arts i a aprendre l&#8217;ofici d&#8217;escultor sota la tutela de C\u00e8sar Cabanes, escultor nascut a Arenys de Mar, per\u00f2 que feia vida a Terrassa.<\/p>\n\n\n\n<p class=\"has-text-align-left\">El seu primer dibuix el fa al 1927 i es tracta d\u2019un dibuix de l\u2019ermita de Sant Mu\u00e7. Posteriorment, va seguir el mestratge de reconeguts artistes com Joan Junceda, un dibuixant i il\u00b7lustrador espanyol i un dels caricaturistes m\u00e9s importants de la primera meitat del segle XX i Apel\u00b7les Mestres, artista catal\u00e0 molt polifac\u00e8tic i un dels impulsors de les arts gr\u00e0fiques. Amb aquest darrer, va mantenir una estreta amistat que li va permetre reunir un valu\u00f3s fons documental, actualment dipositat a la Biblioteca de Catalunya.\u00a0<\/p>\n\n\n\n<div class=\"wp-block-group alignfull is-content-justification-center\" style=\"margin-top:0;margin-bottom:0;padding-top:var(--wp--preset--spacing--50);padding-bottom:var(--wp--preset--spacing--50)\"><div class=\"wp-block-group__inner-container is-layout-constrained wp-block-group-is-layout-constrained\">\n<div class=\"wp-block-group alignwide\"><div class=\"wp-block-group__inner-container is-layout-flow wp-block-group-is-layout-flow\">\n<div class=\"wp-block-group alignwide\"><div class=\"wp-block-group__inner-container is-layout-flow wp-block-group-is-layout-flow\">\n<div class=\"wp-block-columns alignwide is-layout-flex wp-container-core-columns-is-layout-2d60ce37 wp-block-columns-is-layout-flex\">\n<div class=\"wp-block-column is-layout-flow wp-block-column-is-layout-flow\">\n<figure class=\"wp-block-image size-full is-resized\"><img loading=\"lazy\" decoding=\"async\" width=\"640\" height=\"808\" src=\"https:\/\/blogs.terrassa.cat\/mateuavellaneda\/wp-content\/uploads\/sites\/6\/2025\/05\/retrat-apeles-mestres-2.jpg\" alt=\"\" class=\"wp-image-530\" style=\"aspect-ratio:3\/4;object-fit:cover;width:315px;height:auto\" srcset=\"https:\/\/blogs.terrassa.cat\/mateuavellaneda\/wp-content\/uploads\/sites\/6\/2025\/05\/retrat-apeles-mestres-2.jpg 640w, https:\/\/blogs.terrassa.cat\/mateuavellaneda\/wp-content\/uploads\/sites\/6\/2025\/05\/retrat-apeles-mestres-2-238x300.jpg 238w\" sizes=\"auto, (max-width: 640px) 100vw, 640px\" \/><\/figure>\n\n\n\n<p class=\"has-ibarra-real-nova-font-family has-normal-font-size\"><strong>Retrat d&#8217;Apel\u00b7les Mestres<\/strong><\/p>\n\n\n\n<h3 class=\"wp-block-heading has-text-align-left has-ibarra-real-nova-font-family has-small-font-size\"><strong>Ubicaci\u00f3: Museu Nacional d&#8217;Art de Catalunya<br>Obra no exposada<br>Artistes \/ Creadors \/ Autoritats: F. Malagarriga Cardona?<br>Data: 1874<br>Mesures: 54 x 41 cm<br>N\u00fam. de cat\u00e0leg: 045270-000<br>Tema: Retrat<br>Tipologia: Pintura, Oli sobre tela<\/strong><\/h3>\n\n\n\n<p class=\"has-text-align-left\"><\/p>\n<\/div>\n\n\n\n<div class=\"wp-block-column is-layout-flow wp-block-column-is-layout-flow\">\n<figure class=\"wp-block-image size-full is-resized\"><img loading=\"lazy\" decoding=\"async\" width=\"374\" height=\"594\" src=\"https:\/\/blogs.terrassa.cat\/mateuavellaneda\/wp-content\/uploads\/sites\/6\/2025\/05\/cesar-cabanes.jpg\" alt=\"\" class=\"wp-image-532\" style=\"aspect-ratio:0.75;object-fit:cover;width:312px;height:auto\" srcset=\"https:\/\/blogs.terrassa.cat\/mateuavellaneda\/wp-content\/uploads\/sites\/6\/2025\/05\/cesar-cabanes.jpg 374w, https:\/\/blogs.terrassa.cat\/mateuavellaneda\/wp-content\/uploads\/sites\/6\/2025\/05\/cesar-cabanes-189x300.jpg 189w\" sizes=\"auto, (max-width: 374px) 100vw, 374px\" \/><\/figure>\n\n\n\n<h3 class=\"wp-block-heading has-text-align-left has-ibarra-real-nova-font-family has-normal-font-size\">C\u00e8sar Cabanes i Badosa<\/h3>\n\n\n\n<h3 class=\"wp-block-heading has-ibarra-real-nova-font-family has-small-font-size\"><strong>Ubicaci\u00f3: Museu de Terrassa<br>Artistes \/ Creadors \/ Autoritats: Francesc Amer i Esteve<br>Data: 1908<br>Tema: Retrat<br>Tipologia: Fotografia<\/strong><\/h3>\n<\/div>\n<\/div>\n<\/div><\/div>\n<\/div><\/div>\n<\/div><\/div>\n\n\n\n<p class=\"has-text-align-left\">Durant la seva carrera va fer diverses exposicions, sobretot al centre cultural dels Amics de les Arts i al Centre Excursionista de Terrassa. Les exposicions es van dur a terme entre el 1927, la primera ubicada a les galeries Alavedra i l&#8217;\u00faltima al 1947, al Centre Excursionista de Terrassa. La seva primera exposici\u00f3 va ser de forma col\u00b7lectiva amb altres artistes on es dona a con\u00e8ixer i l&#8217;\u00faltima, va ser tot un \u00e8xit, igual que les darreres exposicions que va fer l&#8217;any 1943 i 1946 al Centre Cultural dels Amics de les Arts.<\/p>\n\n\n\n<p class=\"has-text-align-left\">Al llarg de la seva traject\u00f2ria art\u00edstica va participar en diversos concursos. En 1933 particip\u00e0 en el III Concurs <em>masia catalana<\/em> on queda guanyador igual que al IV Concurs de <em>masia catalana<\/em> tamb\u00e9.<\/p>\n\n\n\n<p class=\"has-text-align-left\"><\/p>\n\n\n\n<p class=\"has-text-align-left\"><strong>Vida personal<\/strong><\/p>\n\n\n\n<p class=\"has-text-align-left\">Fill de Ramon Avellaneda, originari de Sant Juli\u00e0 d&#8217;Altura, i d&#8217;Irene Canyadell, de Terrassa, Mateu va n\u00e9ixer el 24 de juny de 1902 al carrer de Topete n\u00famero 171. El 1928, es va casar amb Roser Ma\u00f1osas i Prat. La seva vida, tot i ser relativament curta, va estar plena de contribucions significatives al patrimoni cultural de Terrassa. Alternava la seva vida com a treballador a la ind\u00fastria llanera amb la seva producci\u00f3 art\u00edstica. Era un home molt proper a la fam\u00edlia. Va morir a Terrassa el 23 d&#8217;agost de 1949 als 47 anys.<\/p>\n\n\n\n<p class=\"has-text-align-left\"><strong>Obra i llegat<\/strong><\/p>\n\n\n\n<p class=\"has-text-align-left\">Avellaneda va destacar com a il\u00b7lustrador de goigs i ex-libris, per\u00f2 la seva aportaci\u00f3 m\u00e9s rellevant va ser en la representaci\u00f3 gr\u00e0fica de la hist\u00f2ria de Terrassa. Els seus dibuixos van servir per il\u00b7lustrar obres com <em>Historial del castell i quadra del Vallparad\u00eds, de Terrassa<\/em> (1936) i <em>Hist\u00f2ria monet\u00e0ria de Terrassa<\/em> (1951), ambdues de Salvador Card\u00fas.<\/p>\n\n\n\n<p class=\"has-text-align-left\"><strong>Col\u00b7laboracions i Reconeixements<\/strong><\/p>\n\n\n\n<p class=\"has-text-align-left\">A m\u00e9s de la seva obra individual, Avellaneda va col\u00b7laborar amb diverses entitats culturals de Terrassa. Per exemple, va dissenyar el logotip de l&#8217;Agrupaci\u00f3 de Pessebristes de Terrassa l&#8217;any 1949, que encara avui \u00e9s reconegut per la seva bellesa i simbolisme.<\/p>\n\n\n\n<p class=\"has-text-align-left\">El 1963, Marian Trenchs va publicar &#8220;Iconografia terrassenca. Esb\u00f3s biogr\u00e0fic de Mateu Avellaneda&#8221;. Una obra que recull els dibuixos de la ciutat antiga realitzats per Avellaneda i que inclou una biografia de l&#8217;artista. Segons Trenchs, &#8220;la seva obra quedava palpitant, unida per sempre a la ciutat, i ja no ser\u00e0 possible parlar d&#8217;art i d&#8217;hist\u00f2ria local sense fer refer\u00e8ncia a aquest terrassenc que ho dibuix\u00e0 tot i ens deix\u00e0 sense fer remor, perqu\u00e8 a ell no el poguessin dibuixar&#8221;.<\/p>\n\n\n<div class=\"wp-block-image\">\n<figure class=\"aligncenter size-large is-resized\"><img loading=\"lazy\" decoding=\"async\" width=\"842\" height=\"1200\" src=\"https:\/\/blogs.terrassa.cat\/mateuavellaneda\/wp-content\/uploads\/sites\/6\/2025\/06\/llibre-avellaneda-edited-1.jpg\" alt=\"\" class=\"wp-image-1700\" style=\"width:246px;height:auto\" srcset=\"https:\/\/blogs.terrassa.cat\/mateuavellaneda\/wp-content\/uploads\/sites\/6\/2025\/06\/llibre-avellaneda-edited-1.jpg 842w, https:\/\/blogs.terrassa.cat\/mateuavellaneda\/wp-content\/uploads\/sites\/6\/2025\/06\/llibre-avellaneda-edited-1-211x300.jpg 211w, https:\/\/blogs.terrassa.cat\/mateuavellaneda\/wp-content\/uploads\/sites\/6\/2025\/06\/llibre-avellaneda-edited-1-719x1024.jpg 719w, https:\/\/blogs.terrassa.cat\/mateuavellaneda\/wp-content\/uploads\/sites\/6\/2025\/06\/llibre-avellaneda-edited-1-768x1095.jpg 768w\" sizes=\"auto, (max-width: 842px) 100vw, 842px\" \/><\/figure>\n<\/div>\n\n\n<p class=\"has-text-align-left\">La seva contribuci\u00f3 a la preservaci\u00f3 de la mem\u00f2ria hist\u00f2rica de Terrassa \u00e9s inestimable, ja que, gr\u00e0cies als seus dibuixos, es conserven imatges d&#8217;edificis i racons de la ciutat que han desaparegut amb el pas del temps.<\/p>\n\n\n\n<figure class=\"wp-block-gallery has-nested-images columns-3 is-cropped is-style-rectangular wp-block-gallery-1 is-layout-flex wp-block-gallery-is-layout-flex\">\n<figure class=\"wp-block-image size-large\"><img loading=\"lazy\" decoding=\"async\" width=\"1024\" height=\"958\" data-id=\"867\" src=\"https:\/\/blogs.terrassa.cat\/mateuavellaneda\/wp-content\/uploads\/sites\/6\/2025\/06\/MARIA-DE-TOUDEL-1-e1750846422259-1024x958.jpg\" alt=\"\" class=\"wp-image-867\" srcset=\"https:\/\/blogs.terrassa.cat\/mateuavellaneda\/wp-content\/uploads\/sites\/6\/2025\/06\/MARIA-DE-TOUDEL-1-e1750846422259-1024x958.jpg 1024w, https:\/\/blogs.terrassa.cat\/mateuavellaneda\/wp-content\/uploads\/sites\/6\/2025\/06\/MARIA-DE-TOUDEL-1-e1750846422259-300x281.jpg 300w, https:\/\/blogs.terrassa.cat\/mateuavellaneda\/wp-content\/uploads\/sites\/6\/2025\/06\/MARIA-DE-TOUDEL-1-e1750846422259-768x719.jpg 768w, https:\/\/blogs.terrassa.cat\/mateuavellaneda\/wp-content\/uploads\/sites\/6\/2025\/06\/MARIA-DE-TOUDEL-1-e1750846422259.jpg 1186w\" sizes=\"auto, (max-width: 1024px) 100vw, 1024px\" \/><\/figure>\n\n\n\n<figure class=\"wp-block-image size-large\"><img decoding=\"async\" data-id=\"1825\" src=\"https:\/\/blogs.terrassa.cat\/mateuavellaneda\/wp-content\/uploads\/sites\/6\/2025\/07\/14691-edited.jpg\" alt=\"\" class=\"wp-image-1825\" \/><\/figure>\n\n\n\n<figure class=\"wp-block-image size-large\"><img loading=\"lazy\" decoding=\"async\" width=\"1024\" height=\"742\" data-id=\"1143\" src=\"https:\/\/blogs.terrassa.cat\/mateuavellaneda\/wp-content\/uploads\/sites\/6\/2025\/06\/14593-1-1024x742.jpg\" alt=\"\" class=\"wp-image-1143\" srcset=\"https:\/\/blogs.terrassa.cat\/mateuavellaneda\/wp-content\/uploads\/sites\/6\/2025\/06\/14593-1-1024x742.jpg 1024w, https:\/\/blogs.terrassa.cat\/mateuavellaneda\/wp-content\/uploads\/sites\/6\/2025\/06\/14593-1-300x217.jpg 300w, https:\/\/blogs.terrassa.cat\/mateuavellaneda\/wp-content\/uploads\/sites\/6\/2025\/06\/14593-1-768x557.jpg 768w, https:\/\/blogs.terrassa.cat\/mateuavellaneda\/wp-content\/uploads\/sites\/6\/2025\/06\/14593-1-1536x1114.jpg 1536w, https:\/\/blogs.terrassa.cat\/mateuavellaneda\/wp-content\/uploads\/sites\/6\/2025\/06\/14593-1-2048x1485.jpg 2048w, https:\/\/blogs.terrassa.cat\/mateuavellaneda\/wp-content\/uploads\/sites\/6\/2025\/06\/14593-1-1200x870.jpg 1200w, https:\/\/blogs.terrassa.cat\/mateuavellaneda\/wp-content\/uploads\/sites\/6\/2025\/06\/14593-1-1980x1435.jpg 1980w\" sizes=\"auto, (max-width: 1024px) 100vw, 1024px\" \/><\/figure>\n\n\n\n<figure class=\"wp-block-image size-large\"><img decoding=\"async\" data-id=\"739\" src=\"https:\/\/blogs.terrassa.cat\/mateuavellaneda\/wp-content\/uploads\/sites\/6\/2025\/06\/14852-1-1021x1024.jpg\" alt=\"\" class=\"wp-image-739\" \/><\/figure>\n\n\n\n<figure class=\"wp-block-image size-large\"><img loading=\"lazy\" decoding=\"async\" width=\"1952\" height=\"1402\" data-id=\"1827\" src=\"https:\/\/blogs.terrassa.cat\/mateuavellaneda\/wp-content\/uploads\/sites\/6\/2025\/07\/14598-edited.jpg\" alt=\"\" class=\"wp-image-1827\" srcset=\"https:\/\/blogs.terrassa.cat\/mateuavellaneda\/wp-content\/uploads\/sites\/6\/2025\/07\/14598-edited.jpg 1952w, https:\/\/blogs.terrassa.cat\/mateuavellaneda\/wp-content\/uploads\/sites\/6\/2025\/07\/14598-edited-300x215.jpg 300w, https:\/\/blogs.terrassa.cat\/mateuavellaneda\/wp-content\/uploads\/sites\/6\/2025\/07\/14598-edited-1024x735.jpg 1024w, https:\/\/blogs.terrassa.cat\/mateuavellaneda\/wp-content\/uploads\/sites\/6\/2025\/07\/14598-edited-768x552.jpg 768w, https:\/\/blogs.terrassa.cat\/mateuavellaneda\/wp-content\/uploads\/sites\/6\/2025\/07\/14598-edited-1536x1103.jpg 1536w, https:\/\/blogs.terrassa.cat\/mateuavellaneda\/wp-content\/uploads\/sites\/6\/2025\/07\/14598-edited-1200x862.jpg 1200w\" sizes=\"auto, (max-width: 1952px) 100vw, 1952px\" \/><\/figure>\n<\/figure>\n\n\n\n<div class=\"wp-block-buttons is-layout-flex wp-block-buttons-is-layout-flex\">\n<div class=\"wp-block-button\"><a class=\"wp-block-button__link wp-element-button\" href=\"https:\/\/blogs.terrassa.cat\/mateuavellaneda\/\">torna<\/a><\/div>\n<\/div>\n","protected":false},"excerpt":{"rendered":"<p>Mateu Avellaneda i Canyadell nascut a Terrassa el 24 de juny de 1902. Fou un destacat dibuixant terrassenc conegut per la seva tasca en la divulgaci\u00f3 de la hist\u00f2ria de la ciutat mitjan\u00e7ant les seves il\u00b7lustracions, especialment els seus gravats d&#8217;edificis distribu\u00efts per tota Terrassa i voltants. Formaci\u00f3 Comen\u00e7a a estudiar amb el senyor Escoda [&hellip;]<\/p>\n","protected":false},"author":8,"featured_media":0,"parent":0,"menu_order":0,"comment_status":"closed","ping_status":"closed","template":"","meta":{"footnotes":""},"class_list":["post-152","page","type-page","status-publish","hentry"],"jetpack_sharing_enabled":true,"_links":{"self":[{"href":"https:\/\/blogs.terrassa.cat\/mateuavellaneda\/wp-json\/wp\/v2\/pages\/152","targetHints":{"allow":["GET"]}}],"collection":[{"href":"https:\/\/blogs.terrassa.cat\/mateuavellaneda\/wp-json\/wp\/v2\/pages"}],"about":[{"href":"https:\/\/blogs.terrassa.cat\/mateuavellaneda\/wp-json\/wp\/v2\/types\/page"}],"author":[{"embeddable":true,"href":"https:\/\/blogs.terrassa.cat\/mateuavellaneda\/wp-json\/wp\/v2\/users\/8"}],"replies":[{"embeddable":true,"href":"https:\/\/blogs.terrassa.cat\/mateuavellaneda\/wp-json\/wp\/v2\/comments?post=152"}],"version-history":[{"count":14,"href":"https:\/\/blogs.terrassa.cat\/mateuavellaneda\/wp-json\/wp\/v2\/pages\/152\/revisions"}],"predecessor-version":[{"id":1959,"href":"https:\/\/blogs.terrassa.cat\/mateuavellaneda\/wp-json\/wp\/v2\/pages\/152\/revisions\/1959"}],"wp:attachment":[{"href":"https:\/\/blogs.terrassa.cat\/mateuavellaneda\/wp-json\/wp\/v2\/media?parent=152"}],"curies":[{"name":"wp","href":"https:\/\/api.w.org\/{rel}","templated":true}]}}