{"id":1862,"date":"2025-07-03T13:53:58","date_gmt":"2025-07-03T11:53:58","guid":{"rendered":"https:\/\/blogs.terrassa.cat\/mateuavellaneda\/?page_id=1862"},"modified":"2025-07-14T10:26:37","modified_gmt":"2025-07-14T08:26:37","slug":"credit","status":"publish","type":"page","link":"https:\/\/blogs.terrassa.cat\/mateuavellaneda\/credit\/","title":{"rendered":"Cr\u00e8dits"},"content":{"rendered":"\n<p class=\"has-normal-font-size\"><strong>Ho organitzen:<\/strong><\/p>\n\n\n\n<figure class=\"wp-block-gallery has-nested-images columns-default is-cropped wp-block-gallery-1 is-layout-flex wp-block-gallery-is-layout-flex\">\n<figure class=\"wp-block-image size-large is-resized\"><img decoding=\"async\" data-id=\"1867\" src=\"https:\/\/blogs.terrassa.cat\/mateuavellaneda\/wp-content\/uploads\/sites\/6\/2025\/07\/image.png\" alt=\"\" class=\"wp-image-1867\" style=\"width:179px;height:auto\" \/><\/figure>\n<\/figure>\n\n\n\n<figure class=\"wp-block-image size-full is-resized\"><img loading=\"lazy\" decoding=\"async\" width=\"842\" height=\"595\" src=\"https:\/\/blogs.terrassa.cat\/mateuavellaneda\/wp-content\/uploads\/sites\/6\/2025\/07\/logo_Museu-de-Terrassa-1tinta.png\" alt=\"\" class=\"wp-image-1884\" style=\"width:161px;height:auto\" srcset=\"https:\/\/blogs.terrassa.cat\/mateuavellaneda\/wp-content\/uploads\/sites\/6\/2025\/07\/logo_Museu-de-Terrassa-1tinta.png 842w, https:\/\/blogs.terrassa.cat\/mateuavellaneda\/wp-content\/uploads\/sites\/6\/2025\/07\/logo_Museu-de-Terrassa-1tinta-300x212.png 300w, https:\/\/blogs.terrassa.cat\/mateuavellaneda\/wp-content\/uploads\/sites\/6\/2025\/07\/logo_Museu-de-Terrassa-1tinta-768x543.png 768w\" sizes=\"auto, (max-width: 842px) 100vw, 842px\" \/><\/figure>\n\n\n\n<p class=\"has-normal-font-size\"><strong>Coordinaci\u00f3:      <\/strong>   <\/p>\n\n\n\n<p style=\"font-size:18px\">Gemma Ramos i Serra<\/p>\n\n\n\n<p style=\"font-size:18px\">M. Gemma Garcia i Llinares<\/p>\n\n\n\n<p class=\"has-normal-font-size\"><strong>Comissariat:    <\/strong><\/p>\n\n\n\n<p style=\"font-size:18px\">Andrea L\u00f3pez Borr\u00e1s<\/p>\n\n\n\n<p style=\"font-size:18px\">Sandro Garc\u00eda S\u00e1nchez<\/p>\n\n\n\n<p class=\"has-normal-font-size\"><strong>Fotografies:         <\/strong>  <\/p>\n\n\n\n<p style=\"font-size:18px\">Arxiu municipal de Terrassa (AMAT)<\/p>\n\n\n\n<p class=\"has-small-font-size\">Museu de Terrassa <\/p>\n\n\n\n<p class=\"has-small-font-size\">Andrea L\u00f3pez Borr\u00e1s<\/p>\n\n\n\n<p><\/p>\n\n\n\n<div class=\"wp-block-buttons is-layout-flex wp-block-buttons-is-layout-flex\">\n<div class=\"wp-block-button\"><a class=\"wp-block-button__link wp-element-button\" href=\"https:\/\/blogs.terrassa.cat\/mateuavellaneda\/\">TORNa<\/a><\/div>\n<\/div>\n\n\n\n<p><\/p>\n","protected":false},"excerpt":{"rendered":"<p>Ho organitzen: Coordinaci\u00f3: Gemma Ramos i Serra M. Gemma Garcia i Llinares Comissariat: Andrea L\u00f3pez Borr\u00e1s Sandro Garc\u00eda S\u00e1nchez Fotografies: Arxiu municipal de Terrassa (AMAT) Museu de Terrassa Andrea L\u00f3pez Borr\u00e1s<\/p>\n","protected":false},"author":8,"featured_media":0,"parent":0,"menu_order":0,"comment_status":"closed","ping_status":"closed","template":"","meta":{"footnotes":""},"class_list":["post-1862","page","type-page","status-publish","hentry"],"jetpack_sharing_enabled":true,"_links":{"self":[{"href":"https:\/\/blogs.terrassa.cat\/mateuavellaneda\/wp-json\/wp\/v2\/pages\/1862","targetHints":{"allow":["GET"]}}],"collection":[{"href":"https:\/\/blogs.terrassa.cat\/mateuavellaneda\/wp-json\/wp\/v2\/pages"}],"about":[{"href":"https:\/\/blogs.terrassa.cat\/mateuavellaneda\/wp-json\/wp\/v2\/types\/page"}],"author":[{"embeddable":true,"href":"https:\/\/blogs.terrassa.cat\/mateuavellaneda\/wp-json\/wp\/v2\/users\/8"}],"replies":[{"embeddable":true,"href":"https:\/\/blogs.terrassa.cat\/mateuavellaneda\/wp-json\/wp\/v2\/comments?post=1862"}],"version-history":[{"count":15,"href":"https:\/\/blogs.terrassa.cat\/mateuavellaneda\/wp-json\/wp\/v2\/pages\/1862\/revisions"}],"predecessor-version":[{"id":1964,"href":"https:\/\/blogs.terrassa.cat\/mateuavellaneda\/wp-json\/wp\/v2\/pages\/1862\/revisions\/1964"}],"wp:attachment":[{"href":"https:\/\/blogs.terrassa.cat\/mateuavellaneda\/wp-json\/wp\/v2\/media?parent=1862"}],"curies":[{"name":"wp","href":"https:\/\/api.w.org\/{rel}","templated":true}]}}