{"id":410,"date":"2025-06-13T09:25:27","date_gmt":"2025-06-13T07:25:27","guid":{"rendered":"https:\/\/portfolio34988.wordpress.com\/?page_id=410"},"modified":"2025-07-08T11:45:13","modified_gmt":"2025-07-08T09:45:13","slug":"can-barba-de-la-pedra-blanca","status":"publish","type":"page","link":"https:\/\/blogs.terrassa.cat\/mateuavellaneda\/can-barba-de-la-pedra-blanca\/","title":{"rendered":"Can Barba de la Pedra Blanca"},"content":{"rendered":"<div class=\"align wp-block-icb-image-compare\" id='icbImageCompare-1' data-attributes='{&quot;beforeImg&quot;:{&quot;id&quot;:1073,&quot;url&quot;:&quot;https:\\\/\\\/blogs.terrassa.cat\\\/mateuavellaneda\\\/wp-content\\\/uploads\\\/sites\\\/6\\\/2025\\\/06\\\/CAN-BARBA-01.jpg&quot;,&quot;alt&quot;:&quot;&quot;,&quot;title&quot;:&quot;CAN BARBA 01&quot;,&quot;caption&quot;:&quot;&quot;},&quot;afterImg&quot;:{&quot;id&quot;:1055,&quot;url&quot;:&quot;https:\\\/\\\/blogs.terrassa.cat\\\/mateuavellaneda\\\/wp-content\\\/uploads\\\/sites\\\/6\\\/2025\\\/06\\\/14598.jpg&quot;,&quot;alt&quot;:&quot;&quot;,&quot;title&quot;:&quot;14598&quot;,&quot;caption&quot;:&quot;&quot;},&quot;cap&quot;:&quot;Comparaci\\u00f3 entre l&#039;actual masia i el dibuix de Mateu Avellaneda de 1932&quot;,&quot;align&quot;:&quot;&quot;,&quot;alignment&quot;:&quot;center&quot;,&quot;theme&quot;:&quot;default&quot;,&quot;width&quot;:&quot;80%&quot;,&quot;border&quot;:[],&quot;orientation&quot;:&quot;horizontal&quot;,&quot;isSwap&quot;:false,&quot;isLabel&quot;:true,&quot;label&quot;:{&quot;hAlign&quot;:&quot;bottom&quot;,&quot;vAlign&quot;:&quot;center&quot;,&quot;isShowHover&quot;:false},&quot;beforeLabel&quot;:&quot;&quot;,&quot;afterLabel&quot;:&quot;&quot;,&quot;labelTypo&quot;:{&quot;fontSize&quot;:{&quot;desktop&quot;:15,&quot;tablet&quot;:15,&quot;mobile&quot;:15}},&quot;labelColors&quot;:{&quot;color&quot;:&quot;#fff&quot;,&quot;bg&quot;:&quot;#00000080&quot;},&quot;labelPadding&quot;:{&quot;vertical&quot;:&quot;10px&quot;,&quot;horizontal&quot;:&quot;15px&quot;},&quot;isCap&quot;:true,&quot;capAlign&quot;:&quot;center&quot;,&quot;capTypo&quot;:{&quot;fontSize&quot;:{&quot;desktop&quot;:14,&quot;tablet&quot;:14,&quot;mobile&quot;:14}},&quot;capColors&quot;:{&quot;color&quot;:&quot;#333&quot;,&quot;bg&quot;:&quot;#f4f4f4&quot;},&quot;capPadding&quot;:{&quot;vertical&quot;:&quot;10px&quot;,&quot;horizontal&quot;:&quot;15px&quot;},&quot;dragg&quot;:{&quot;handleType&quot;:&quot;default&quot;,&quot;shapeType&quot;:&quot;default&quot;},&quot;styles&quot;:{&quot;container&quot;:{&quot;height&quot;:{&quot;desktop&quot;:&quot;&quot;,&quot;tablet&quot;:&quot;&quot;,&quot;mobile&quot;:&quot;&quot;}},&quot;dragg&quot;:{&quot;line&quot;:{&quot;bg&quot;:{&quot;color&quot;:&quot;#fff&quot;},&quot;size&quot;:2},&quot;icon&quot;:{&quot;color&quot;:&quot;&quot;},&quot;handler&quot;:{&quot;color&quot;:&quot;&quot;}}},&quot;options&quot;:{&quot;defaultOffset&quot;:0.5,&quot;moveMouseOver&quot;:false,&quot;isMoveClick&quot;:false,&quot;autoSlide&quot;:{&quot;isAutoSlide&quot;:false,&quot;speed&quot;:5,&quot;isHoverStop&quot;:true}},&quot;sliderOptions&quot;:{&quot;arrowType&quot;:&quot;style1&quot;,&quot;height&quot;:{&quot;desktop&quot;:&quot;400px&quot;,&quot;tablet&quot;:&quot;400px&quot;,&quot;mobile&quot;:&quot;400px&quot;},&quot;autoplay&quot;:true,&quot;dots&quot;:false,&quot;speed&quot;:500,&quot;autoplaySpeed&quot;:2500,&quot;pauseOnHover&quot;:true,&quot;infinite&quot;:true,&quot;arrows&quot;:true,&quot;slidesView&quot;:{&quot;desktop&quot;:1,&quot;tablet&quot;:1,&quot;mobile&quot;:1}},&quot;sliderStyle&quot;:{&quot;pagination&quot;:{&quot;active&quot;:&quot;#4527a4&quot;},&quot;navigation&quot;:{&quot;icon&quot;:{&quot;normal&quot;:{&quot;color&quot;:&quot;#000&quot;,&quot;size&quot;:&quot;22px&quot;},&quot;hover&quot;:{&quot;color&quot;:&quot;&quot;,&quot;size&quot;:&quot;22px&quot;}},&quot;container&quot;:{&quot;height&quot;:&quot;&quot;,&quot;width&quot;:&quot;&quot;,&quot;normal&quot;:{&quot;bg&quot;:{&quot;color&quot;:&quot;#fff&quot;},&quot;border&quot;:[],&quot;radius&quot;:{&quot;left&quot;:&quot;30px&quot;,&quot;right&quot;:&quot;30px&quot;,&quot;top&quot;:&quot;30px&quot;,&quot;bottom&quot;:&quot;30px&quot;}},&quot;hover&quot;:{&quot;bg&quot;:{&quot;color&quot;:&quot;#fff&quot;},&quot;border&quot;:[],&quot;radius&quot;:[]}}}},&quot;slider&quot;:[{&quot;beforeImg&quot;:{&quot;img&quot;:{&quot;url&quot;:&quot;https:\\\/\\\/templates.bplugins.com\\\/wp-content\\\/uploads\\\/2025\\\/03\\\/beafImg.jpg&quot;},&quot;beforeLabel&quot;:&quot;Before Label&quot;},&quot;afterImg&quot;:{&quot;img&quot;:{&quot;url&quot;:&quot;https:\\\/\\\/templates.bplugins.com\\\/wp-content\\\/uploads\\\/2025\\\/03\\\/beafImg2.jpg&quot;},&quot;afterLabel&quot;:&quot;After Label&quot;},&quot;caption&quot;:&quot;Before After Image Caption&quot;},{&quot;beforeImg&quot;:{&quot;img&quot;:{&quot;url&quot;:&quot;https:\\\/\\\/templates.bplugins.com\\\/wp-content\\\/uploads\\\/2025\\\/03\\\/beafImg.jpg&quot;},&quot;beforeLabel&quot;:&quot;Before Label&quot;},&quot;afterImg&quot;:{&quot;img&quot;:{&quot;url&quot;:&quot;https:\\\/\\\/templates.bplugins.com\\\/wp-content\\\/uploads\\\/2025\\\/03\\\/beafImg2.jpg&quot;},&quot;afterLabel&quot;:&quot;After Label&quot;},&quot;caption&quot;:&quot;Before After Image Caption&quot;},{&quot;beforeImg&quot;:{&quot;img&quot;:{&quot;url&quot;:&quot;https:\\\/\\\/templates.bplugins.com\\\/wp-content\\\/uploads\\\/2025\\\/03\\\/beafImg.jpg&quot;},&quot;beforeLabel&quot;:&quot;Before Label&quot;},&quot;afterImg&quot;:{&quot;img&quot;:{&quot;url&quot;:&quot;https:\\\/\\\/templates.bplugins.com\\\/wp-content\\\/uploads\\\/2025\\\/03\\\/beafImg2.jpg&quot;},&quot;afterLabel&quot;:&quot;After Label&quot;},&quot;caption&quot;:&quot;Before After Image Caption&quot;}]}' data-icbchecker='false'><\/div>\n\n\n<div class=\"wp-block-group alignfull is-content-justification-center\" style=\"margin-top:0;margin-bottom:0;padding-top:var(--wp--preset--spacing--50);padding-bottom:var(--wp--preset--spacing--50)\"><div class=\"wp-block-group__inner-container is-layout-constrained wp-block-group-is-layout-constrained\">\n<p class=\"has-text-align-left\">\u00a0Masia formada per diversos cossos afegits al llarg del temps. El cos principal presenta planta baixa, pis i coberta a dues aig\u00fces. La fa\u00e7ana principal, a migdia, \u00e9s perpendicular al carener. El portal d&#8217;acc\u00e9s \u00e9s en arc de mig punt adovellat. Al pis hi ha una finestra amb capitells i llinda esculturada de motius g\u00f2tics. Al costat esquerre s&#8217;afegeix un cos d&#8217;edifici cobert a un sol vessant i que presenta una finestra g\u00f2tica esculturada amb dos caps i llinda lobulada, immediatament al costat hi ha una galeria d&#8217;arcs de mig punt. Tot el conjunt format per la masia i les seves depend\u00e8ncies formen un clos al voltant d&#8217;un pati central, al que s&#8217;accedeix per un portal cobert. Els brancals i les llindes estan fets amb pedra de gres.<\/p>\n\n\n\n<div class=\"wp-block-jetpack-slideshow aligncenter\" data-effect=\"slide\" style=\"--aspect-ratio:calc(2368 \/ 1480)\"><div class=\"wp-block-jetpack-slideshow_container swiper-container\"><ul class=\"wp-block-jetpack-slideshow_swiper-wrapper swiper-wrapper\"><li class=\"wp-block-jetpack-slideshow_slide swiper-slide\"><figure><img loading=\"lazy\" decoding=\"async\" width=\"2368\" height=\"1480\" alt=\"\" class=\"wp-block-jetpack-slideshow_image wp-image-1053\" data-id=\"1053\" data-aspect-ratio=\"2368 \/ 1480\" src=\"https:\/\/blogs.terrassa.cat\/mateuavellaneda\/wp-content\/uploads\/sites\/6\/2025\/06\/14596-e1751619877511.jpg\" srcset=\"https:\/\/blogs.terrassa.cat\/mateuavellaneda\/wp-content\/uploads\/sites\/6\/2025\/06\/14596-e1751619877511.jpg 2368w, https:\/\/blogs.terrassa.cat\/mateuavellaneda\/wp-content\/uploads\/sites\/6\/2025\/06\/14596-e1751619877511-300x188.jpg 300w, https:\/\/blogs.terrassa.cat\/mateuavellaneda\/wp-content\/uploads\/sites\/6\/2025\/06\/14596-e1751619877511-1024x640.jpg 1024w, https:\/\/blogs.terrassa.cat\/mateuavellaneda\/wp-content\/uploads\/sites\/6\/2025\/06\/14596-e1751619877511-768x480.jpg 768w, https:\/\/blogs.terrassa.cat\/mateuavellaneda\/wp-content\/uploads\/sites\/6\/2025\/06\/14596-e1751619877511-1536x960.jpg 1536w, https:\/\/blogs.terrassa.cat\/mateuavellaneda\/wp-content\/uploads\/sites\/6\/2025\/06\/14596-e1751619877511-2048x1280.jpg 2048w, https:\/\/blogs.terrassa.cat\/mateuavellaneda\/wp-content\/uploads\/sites\/6\/2025\/06\/14596-e1751619877511-1200x750.jpg 1200w, https:\/\/blogs.terrassa.cat\/mateuavellaneda\/wp-content\/uploads\/sites\/6\/2025\/06\/14596-e1751619877511-1980x1238.jpg 1980w\" sizes=\"(max-width: 2368px) 100vw, 2368px\" \/><figcaption class=\"wp-block-jetpack-slideshow_caption gallery-caption\">Can Barba. La sala principal (M. Avellaneda 1927)<\/figcaption><\/figure><\/li><li class=\"wp-block-jetpack-slideshow_slide swiper-slide\"><figure><img loading=\"lazy\" decoding=\"async\" width=\"1484\" height=\"1090\" alt=\"\" class=\"wp-block-jetpack-slideshow_image wp-image-1054\" data-id=\"1054\" data-aspect-ratio=\"1484 \/ 1090\" src=\"https:\/\/blogs.terrassa.cat\/mateuavellaneda\/wp-content\/uploads\/sites\/6\/2025\/06\/14597-e1751619958556.jpg\" srcset=\"https:\/\/blogs.terrassa.cat\/mateuavellaneda\/wp-content\/uploads\/sites\/6\/2025\/06\/14597-e1751619958556.jpg 1484w, https:\/\/blogs.terrassa.cat\/mateuavellaneda\/wp-content\/uploads\/sites\/6\/2025\/06\/14597-e1751619958556-300x220.jpg 300w, https:\/\/blogs.terrassa.cat\/mateuavellaneda\/wp-content\/uploads\/sites\/6\/2025\/06\/14597-e1751619958556-1024x752.jpg 1024w, https:\/\/blogs.terrassa.cat\/mateuavellaneda\/wp-content\/uploads\/sites\/6\/2025\/06\/14597-e1751619958556-768x564.jpg 768w, https:\/\/blogs.terrassa.cat\/mateuavellaneda\/wp-content\/uploads\/sites\/6\/2025\/06\/14597-e1751619958556-1200x881.jpg 1200w\" sizes=\"(max-width: 1484px) 100vw, 1484px\" \/><figcaption class=\"wp-block-jetpack-slideshow_caption gallery-caption\">Finestra neog\u00f2tica (M. Avellaneda 1932)<\/figcaption><\/figure><\/li><li class=\"wp-block-jetpack-slideshow_slide swiper-slide\"><figure><img loading=\"lazy\" decoding=\"async\" width=\"1488\" height=\"2066\" alt=\"\" class=\"wp-block-jetpack-slideshow_image wp-image-1056\" data-id=\"1056\" data-aspect-ratio=\"1488 \/ 2066\" src=\"https:\/\/blogs.terrassa.cat\/mateuavellaneda\/wp-content\/uploads\/sites\/6\/2025\/06\/14599.jpg\" srcset=\"https:\/\/blogs.terrassa.cat\/mateuavellaneda\/wp-content\/uploads\/sites\/6\/2025\/06\/14599.jpg 1488w, https:\/\/blogs.terrassa.cat\/mateuavellaneda\/wp-content\/uploads\/sites\/6\/2025\/06\/14599-216x300.jpg 216w, https:\/\/blogs.terrassa.cat\/mateuavellaneda\/wp-content\/uploads\/sites\/6\/2025\/06\/14599-738x1024.jpg 738w, https:\/\/blogs.terrassa.cat\/mateuavellaneda\/wp-content\/uploads\/sites\/6\/2025\/06\/14599-768x1066.jpg 768w, https:\/\/blogs.terrassa.cat\/mateuavellaneda\/wp-content\/uploads\/sites\/6\/2025\/06\/14599-1106x1536.jpg 1106w, https:\/\/blogs.terrassa.cat\/mateuavellaneda\/wp-content\/uploads\/sites\/6\/2025\/06\/14599-1475x2048.jpg 1475w, https:\/\/blogs.terrassa.cat\/mateuavellaneda\/wp-content\/uploads\/sites\/6\/2025\/06\/14599-1200x1666.jpg 1200w\" sizes=\"(max-width: 1488px) 100vw, 1488px\" \/><figcaption class=\"wp-block-jetpack-slideshow_caption gallery-caption\">Vista de la finestra des de l&#8217;interior (M. Avellaneda 1932)<\/figcaption><\/figure><\/li><li class=\"wp-block-jetpack-slideshow_slide swiper-slide\"><figure><img loading=\"lazy\" decoding=\"async\" width=\"2074\" height=\"1480\" alt=\"\" class=\"wp-block-jetpack-slideshow_image wp-image-1057\" data-id=\"1057\" data-aspect-ratio=\"2074 \/ 1480\" src=\"https:\/\/blogs.terrassa.cat\/mateuavellaneda\/wp-content\/uploads\/sites\/6\/2025\/06\/14600.jpg\" srcset=\"https:\/\/blogs.terrassa.cat\/mateuavellaneda\/wp-content\/uploads\/sites\/6\/2025\/06\/14600.jpg 2074w, https:\/\/blogs.terrassa.cat\/mateuavellaneda\/wp-content\/uploads\/sites\/6\/2025\/06\/14600-300x214.jpg 300w, https:\/\/blogs.terrassa.cat\/mateuavellaneda\/wp-content\/uploads\/sites\/6\/2025\/06\/14600-1024x731.jpg 1024w, https:\/\/blogs.terrassa.cat\/mateuavellaneda\/wp-content\/uploads\/sites\/6\/2025\/06\/14600-768x548.jpg 768w, https:\/\/blogs.terrassa.cat\/mateuavellaneda\/wp-content\/uploads\/sites\/6\/2025\/06\/14600-1536x1096.jpg 1536w, https:\/\/blogs.terrassa.cat\/mateuavellaneda\/wp-content\/uploads\/sites\/6\/2025\/06\/14600-2048x1461.jpg 2048w, https:\/\/blogs.terrassa.cat\/mateuavellaneda\/wp-content\/uploads\/sites\/6\/2025\/06\/14600-1200x856.jpg 1200w, https:\/\/blogs.terrassa.cat\/mateuavellaneda\/wp-content\/uploads\/sites\/6\/2025\/06\/14600-1980x1413.jpg 1980w\" sizes=\"(max-width: 2074px) 100vw, 2074px\" \/><figcaption class=\"wp-block-jetpack-slideshow_caption gallery-caption\">Una sala de la masia (M. Avellaneda 1932)<\/figcaption><\/figure><\/li><li class=\"wp-block-jetpack-slideshow_slide swiper-slide\"><figure><img loading=\"lazy\" decoding=\"async\" width=\"1983\" height=\"1386\" alt=\"\" class=\"wp-block-jetpack-slideshow_image wp-image-1062\" data-id=\"1062\" data-aspect-ratio=\"1983 \/ 1386\" src=\"https:\/\/blogs.terrassa.cat\/mateuavellaneda\/wp-content\/uploads\/sites\/6\/2025\/06\/14605-e1751367685578.jpg\" srcset=\"https:\/\/blogs.terrassa.cat\/mateuavellaneda\/wp-content\/uploads\/sites\/6\/2025\/06\/14605-e1751367685578.jpg 1983w, https:\/\/blogs.terrassa.cat\/mateuavellaneda\/wp-content\/uploads\/sites\/6\/2025\/06\/14605-e1751367685578-300x210.jpg 300w, https:\/\/blogs.terrassa.cat\/mateuavellaneda\/wp-content\/uploads\/sites\/6\/2025\/06\/14605-e1751367685578-1024x716.jpg 1024w, https:\/\/blogs.terrassa.cat\/mateuavellaneda\/wp-content\/uploads\/sites\/6\/2025\/06\/14605-e1751367685578-768x537.jpg 768w, https:\/\/blogs.terrassa.cat\/mateuavellaneda\/wp-content\/uploads\/sites\/6\/2025\/06\/14605-e1751367685578-1536x1074.jpg 1536w, https:\/\/blogs.terrassa.cat\/mateuavellaneda\/wp-content\/uploads\/sites\/6\/2025\/06\/14605-e1751367685578-1200x839.jpg 1200w, https:\/\/blogs.terrassa.cat\/mateuavellaneda\/wp-content\/uploads\/sites\/6\/2025\/06\/14605-e1751367685578-1980x1384.jpg 1980w\" sizes=\"(max-width: 1983px) 100vw, 1983px\" \/><figcaption class=\"wp-block-jetpack-slideshow_caption gallery-caption\">Fa\u00e7ana nord (M. Avellaneda 1932)<\/figcaption><\/figure><\/li><li class=\"wp-block-jetpack-slideshow_slide swiper-slide\"><figure><img loading=\"lazy\" decoding=\"async\" width=\"1997\" height=\"1466\" alt=\"\" class=\"wp-block-jetpack-slideshow_image wp-image-1063\" data-id=\"1063\" data-aspect-ratio=\"1997 \/ 1466\" src=\"https:\/\/blogs.terrassa.cat\/mateuavellaneda\/wp-content\/uploads\/sites\/6\/2025\/06\/14606-e1751367621597.jpg\" srcset=\"https:\/\/blogs.terrassa.cat\/mateuavellaneda\/wp-content\/uploads\/sites\/6\/2025\/06\/14606-e1751367621597.jpg 1997w, https:\/\/blogs.terrassa.cat\/mateuavellaneda\/wp-content\/uploads\/sites\/6\/2025\/06\/14606-e1751367621597-300x220.jpg 300w, https:\/\/blogs.terrassa.cat\/mateuavellaneda\/wp-content\/uploads\/sites\/6\/2025\/06\/14606-e1751367621597-1024x752.jpg 1024w, https:\/\/blogs.terrassa.cat\/mateuavellaneda\/wp-content\/uploads\/sites\/6\/2025\/06\/14606-e1751367621597-768x564.jpg 768w, https:\/\/blogs.terrassa.cat\/mateuavellaneda\/wp-content\/uploads\/sites\/6\/2025\/06\/14606-e1751367621597-1536x1128.jpg 1536w, https:\/\/blogs.terrassa.cat\/mateuavellaneda\/wp-content\/uploads\/sites\/6\/2025\/06\/14606-e1751367621597-1200x881.jpg 1200w, https:\/\/blogs.terrassa.cat\/mateuavellaneda\/wp-content\/uploads\/sites\/6\/2025\/06\/14606-e1751367621597-1980x1454.jpg 1980w\" sizes=\"(max-width: 1997px) 100vw, 1997px\" \/><figcaption class=\"wp-block-jetpack-slideshow_caption gallery-caption\">La llar (M. Avellaneda 1932)<\/figcaption><\/figure><\/li><\/ul><a class=\"wp-block-jetpack-slideshow_button-prev swiper-button-prev swiper-button-white\" role=\"button\"><\/a><a class=\"wp-block-jetpack-slideshow_button-next swiper-button-next swiper-button-white\" role=\"button\"><\/a><a aria-label=\"Pause Slideshow\" class=\"wp-block-jetpack-slideshow_button-pause\" role=\"button\"><\/a><div class=\"wp-block-jetpack-slideshow_pagination swiper-pagination swiper-pagination-white\"><\/div><\/div><\/div>\n<\/div><\/div>\n\n\n\n<p class=\"has-background\" style=\"background-color:#d30000;font-size:14px\">Adre\u00e7a: <a href=\"https:\/\/www.google.com\/maps\/place\/41%C2%B033'10.8%22N+2%C2%B003'25.6%22E\/@41.552993,2.0545471,851m\/data=!3m2!1e3!4b1!4m4!3m3!8m2!3d41.552989!4d2.057122?entry=ttu&amp;g_ep=EgoyMDI1MDYxMC4xIKXMDSoASAFQAw%3D%3D\" data-type=\"link\" data-id=\"https:\/\/www.google.com\/maps\/place\/41%C2%B033'10.8%22N+2%C2%B003'25.6%22E\/@41.552993,2.0545471,851m\/data=!3m2!1e3!4b1!4m4!3m3!8m2!3d41.552989!4d2.057122?entry=ttu&amp;g_ep=EgoyMDI1MDYxMC4xIKXMDSoASAFQAw%3D%3D\">C\/ Can Barba de la Pedra Blanca, 08227 Terrassa, Barcelona <\/a><\/p>\n\n\n\n<div class=\"wp-block-buttons is-layout-flex wp-block-buttons-is-layout-flex\">\n<div class=\"wp-block-button\"><a class=\"wp-block-button__link wp-element-button\" href=\"https:\/\/blogs.terrassa.cat\/mateuavellaneda\/masies\/\">TORNAR<\/a><\/div>\n<\/div>\n","protected":false},"excerpt":{"rendered":"<p>\u00a0Masia formada per diversos cossos afegits al llarg del temps. El cos principal presenta planta baixa, pis i coberta a dues aig\u00fces. La fa\u00e7ana principal, a migdia, \u00e9s perpendicular al carener. El portal d&#8217;acc\u00e9s \u00e9s en arc de mig punt adovellat. Al pis hi ha una finestra amb capitells i llinda esculturada de motius g\u00f2tics. [&hellip;]<\/p>\n","protected":false},"author":8,"featured_media":0,"parent":0,"menu_order":0,"comment_status":"closed","ping_status":"closed","template":"","meta":{"footnotes":""},"class_list":["post-410","page","type-page","status-publish","hentry"],"jetpack_sharing_enabled":true,"_links":{"self":[{"href":"https:\/\/blogs.terrassa.cat\/mateuavellaneda\/wp-json\/wp\/v2\/pages\/410","targetHints":{"allow":["GET"]}}],"collection":[{"href":"https:\/\/blogs.terrassa.cat\/mateuavellaneda\/wp-json\/wp\/v2\/pages"}],"about":[{"href":"https:\/\/blogs.terrassa.cat\/mateuavellaneda\/wp-json\/wp\/v2\/types\/page"}],"author":[{"embeddable":true,"href":"https:\/\/blogs.terrassa.cat\/mateuavellaneda\/wp-json\/wp\/v2\/users\/8"}],"replies":[{"embeddable":true,"href":"https:\/\/blogs.terrassa.cat\/mateuavellaneda\/wp-json\/wp\/v2\/comments?post=410"}],"version-history":[{"count":10,"href":"https:\/\/blogs.terrassa.cat\/mateuavellaneda\/wp-json\/wp\/v2\/pages\/410\/revisions"}],"predecessor-version":[{"id":1922,"href":"https:\/\/blogs.terrassa.cat\/mateuavellaneda\/wp-json\/wp\/v2\/pages\/410\/revisions\/1922"}],"wp:attachment":[{"href":"https:\/\/blogs.terrassa.cat\/mateuavellaneda\/wp-json\/wp\/v2\/media?parent=410"}],"curies":[{"name":"wp","href":"https:\/\/api.w.org\/{rel}","templated":true}]}}