{"id":416,"date":"2025-06-16T10:09:44","date_gmt":"2025-06-16T08:09:44","guid":{"rendered":"https:\/\/portfolio34988.wordpress.com\/?page_id=416"},"modified":"2025-06-30T11:28:11","modified_gmt":"2025-06-30T09:28:11","slug":"can-carbonell","status":"publish","type":"page","link":"https:\/\/blogs.terrassa.cat\/mateuavellaneda\/can-carbonell\/","title":{"rendered":"Can Carbonell"},"content":{"rendered":"\n<div class=\"wp-block-group alignfull is-content-justification-center\" style=\"margin-top:0;margin-bottom:0;padding-top:var(--wp--preset--spacing--50);padding-bottom:var(--wp--preset--spacing--50)\"><div class=\"wp-block-group__inner-container is-layout-constrained wp-block-group-is-layout-constrained\">\n<p class=\"has-text-align-left\">Masia t\u00edpica vallesana del pla, molt reformada i amb afegits. El cos principal \u00e9s rectangular, de planta baixa i dos pisos. La coberta \u00e9s a dues vessants. La fa\u00e7ana principal \u00e9s perpendicular al carener i de composici\u00f3 sim\u00e8trica. La planta baixa presenta un portal d&#8217;acc\u00e9s en arc de mig punt adovellat, flanquejat per dues finestres de factura m\u00e9s tardana. La planta pis presenta una finestra amb motllura de perfil g\u00f2tic al centre, i a cada banda s&#8217;obre una finestra i un balc\u00f3 d&#8217;\u00e8poca posterior. El segon pis \u00e9s centrat per un joc de tres finestres en arc de mig punt lligades entre s\u00ed per una l\u00ednia d&#8217;imposta. L&#8217;exterior de l&#8217;edifici \u00e9s arrebossat, deixant veure les dovelles i perfils de pedra.<\/p>\n<\/div><\/div>\n\n\n<div class=\"align wp-block-icb-image-compare\" id='icbImageCompare-1' data-attributes='{&quot;beforeImg&quot;:{&quot;id&quot;:1133,&quot;url&quot;:&quot;https:\\\/\\\/blogs.terrassa.cat\\\/mateuavellaneda\\\/wp-content\\\/uploads\\\/sites\\\/6\\\/2025\\\/06\\\/53_Can_Carbonell_Terrassa-scaled.jpg&quot;,&quot;alt&quot;:&quot;&quot;,&quot;title&quot;:&quot;53_Can_Carbonell_(Terrassa)&quot;,&quot;caption&quot;:&quot;&quot;},&quot;afterImg&quot;:{&quot;uploading&quot;:false,&quot;date&quot;:&quot;2025-06-16T08:05:46.000Z&quot;,&quot;filename&quot;:&quot;14642-scaled-e1750061353943.jpg&quot;,&quot;menuOrder&quot;:0,&quot;uploadedTo&quot;:416,&quot;type&quot;:&quot;image&quot;,&quot;subtype&quot;:&quot;jpeg&quot;,&quot;id&quot;:1134,&quot;title&quot;:&quot;14642&quot;,&quot;url&quot;:&quot;https:\\\/\\\/blogs.terrassa.cat\\\/mateuavellaneda\\\/wp-content\\\/uploads\\\/sites\\\/6\\\/2025\\\/06\\\/14642-scaled-e1750061353943.jpg&quot;,&quot;link&quot;:&quot;https:\\\/\\\/blogs.terrassa.cat\\\/mateuavellaneda\\\/?attachment_id=1134&quot;,&quot;alt&quot;:&quot;&quot;,&quot;author&quot;:&quot;8&quot;,&quot;description&quot;:&quot;&quot;,&quot;caption&quot;:&quot;&quot;,&quot;name&quot;:&quot;14642&quot;,&quot;status&quot;:&quot;inherit&quot;,&quot;modified&quot;:&quot;2025-06-16T08:05:46.000Z&quot;,&quot;mime&quot;:&quot;image\\\/jpeg&quot;,&quot;icon&quot;:&quot;https:\\\/\\\/blogs.terrassa.cat\\\/mateuavellaneda\\\/wp-includes\\\/images\\\/media\\\/default.svg&quot;,&quot;dateFormatted&quot;:&quot;16 de juny de 2025&quot;,&quot;nonces&quot;:{&quot;update&quot;:&quot;595cc7a35e&quot;,&quot;delete&quot;:&quot;88fcba5694&quot;,&quot;edit&quot;:&quot;9dc93c2997&quot;},&quot;editLink&quot;:&quot;https:\\\/\\\/blogs.terrassa.cat\\\/mateuavellaneda\\\/wp-admin\\\/post.php?post=1134&amp;action=edit&quot;,&quot;meta&quot;:false,&quot;authorName&quot;:&quot;museu&quot;,&quot;authorLink&quot;:&quot;https:\\\/\\\/blogs.terrassa.cat\\\/mateuavellaneda\\\/wp-admin\\\/profile.php&quot;,&quot;uploadedToTitle&quot;:&quot;Can Carbonell&quot;,&quot;uploadedToLink&quot;:&quot;https:\\\/\\\/blogs.terrassa.cat\\\/mateuavellaneda\\\/wp-admin\\\/post.php?post=416&amp;action=edit&quot;,&quot;filesizeInBytes&quot;:265413,&quot;filesizeHumanReadable&quot;:&quot;259 KiB&quot;,&quot;context&quot;:&quot;&quot;,&quot;originalImageURL&quot;:&quot;https:\\\/\\\/blogs.terrassa.cat\\\/mateuavellaneda\\\/wp-content\\\/uploads\\\/sites\\\/6\\\/2025\\\/06\\\/14642.jpg&quot;,&quot;originalImageName&quot;:&quot;14642.jpg&quot;,&quot;height&quot;:1430,&quot;width&quot;:2560,&quot;orientation&quot;:&quot;landscape&quot;,&quot;sizes&quot;:{&quot;thumbnail&quot;:{&quot;height&quot;:150,&quot;width&quot;:150,&quot;url&quot;:&quot;https:\\\/\\\/blogs.terrassa.cat\\\/mateuavellaneda\\\/wp-content\\\/uploads\\\/sites\\\/6\\\/2025\\\/06\\\/14642-scaled-e1750061353943-150x150.jpg&quot;,&quot;orientation&quot;:&quot;landscape&quot;},&quot;medium&quot;:{&quot;height&quot;:168,&quot;width&quot;:300,&quot;url&quot;:&quot;https:\\\/\\\/blogs.terrassa.cat\\\/mateuavellaneda\\\/wp-content\\\/uploads\\\/sites\\\/6\\\/2025\\\/06\\\/14642-scaled-e1750061353943-300x168.jpg&quot;,&quot;orientation&quot;:&quot;landscape&quot;},&quot;large&quot;:{&quot;height&quot;:324,&quot;width&quot;:580,&quot;url&quot;:&quot;https:\\\/\\\/blogs.terrassa.cat\\\/mateuavellaneda\\\/wp-content\\\/uploads\\\/sites\\\/6\\\/2025\\\/06\\\/14642-scaled-e1750061353943-1024x572.jpg&quot;,&quot;orientation&quot;:&quot;landscape&quot;},&quot;full&quot;:{&quot;url&quot;:&quot;https:\\\/\\\/blogs.terrassa.cat\\\/mateuavellaneda\\\/wp-content\\\/uploads\\\/sites\\\/6\\\/2025\\\/06\\\/14642-scaled-e1750061353943.jpg&quot;,&quot;height&quot;:1430,&quot;width&quot;:2560,&quot;orientation&quot;:&quot;landscape&quot;}},&quot;compat&quot;:{&quot;item&quot;:&quot;&quot;,&quot;meta&quot;:&quot;&quot;}},&quot;align&quot;:&quot;&quot;,&quot;alignment&quot;:&quot;center&quot;,&quot;theme&quot;:&quot;default&quot;,&quot;width&quot;:&quot;80%&quot;,&quot;border&quot;:[],&quot;orientation&quot;:&quot;horizontal&quot;,&quot;isSwap&quot;:false,&quot;isLabel&quot;:true,&quot;label&quot;:{&quot;hAlign&quot;:&quot;bottom&quot;,&quot;vAlign&quot;:&quot;center&quot;,&quot;isShowHover&quot;:false},&quot;beforeLabel&quot;:&quot;&quot;,&quot;afterLabel&quot;:&quot;&quot;,&quot;labelTypo&quot;:{&quot;fontSize&quot;:{&quot;desktop&quot;:15,&quot;tablet&quot;:15,&quot;mobile&quot;:15}},&quot;labelColors&quot;:{&quot;color&quot;:&quot;#fff&quot;,&quot;bg&quot;:&quot;#00000080&quot;},&quot;labelPadding&quot;:{&quot;vertical&quot;:&quot;10px&quot;,&quot;horizontal&quot;:&quot;15px&quot;},&quot;isCap&quot;:true,&quot;cap&quot;:&quot;&quot;,&quot;capAlign&quot;:&quot;center&quot;,&quot;capTypo&quot;:{&quot;fontSize&quot;:{&quot;desktop&quot;:14,&quot;tablet&quot;:14,&quot;mobile&quot;:14}},&quot;capColors&quot;:{&quot;color&quot;:&quot;#333&quot;,&quot;bg&quot;:&quot;#f4f4f4&quot;},&quot;capPadding&quot;:{&quot;vertical&quot;:&quot;10px&quot;,&quot;horizontal&quot;:&quot;15px&quot;},&quot;dragg&quot;:{&quot;handleType&quot;:&quot;default&quot;,&quot;shapeType&quot;:&quot;default&quot;},&quot;styles&quot;:{&quot;container&quot;:{&quot;height&quot;:{&quot;desktop&quot;:&quot;&quot;,&quot;tablet&quot;:&quot;&quot;,&quot;mobile&quot;:&quot;&quot;}},&quot;dragg&quot;:{&quot;line&quot;:{&quot;bg&quot;:{&quot;color&quot;:&quot;#fff&quot;},&quot;size&quot;:2},&quot;icon&quot;:{&quot;color&quot;:&quot;&quot;},&quot;handler&quot;:{&quot;color&quot;:&quot;&quot;}}},&quot;options&quot;:{&quot;defaultOffset&quot;:0.5,&quot;moveMouseOver&quot;:false,&quot;isMoveClick&quot;:false,&quot;autoSlide&quot;:{&quot;isAutoSlide&quot;:false,&quot;speed&quot;:5,&quot;isHoverStop&quot;:true}},&quot;sliderOptions&quot;:{&quot;arrowType&quot;:&quot;style1&quot;,&quot;height&quot;:{&quot;desktop&quot;:&quot;400px&quot;,&quot;tablet&quot;:&quot;400px&quot;,&quot;mobile&quot;:&quot;400px&quot;},&quot;autoplay&quot;:true,&quot;dots&quot;:false,&quot;speed&quot;:500,&quot;autoplaySpeed&quot;:2500,&quot;pauseOnHover&quot;:true,&quot;infinite&quot;:true,&quot;arrows&quot;:true,&quot;slidesView&quot;:{&quot;desktop&quot;:1,&quot;tablet&quot;:1,&quot;mobile&quot;:1}},&quot;sliderStyle&quot;:{&quot;pagination&quot;:{&quot;active&quot;:&quot;#4527a4&quot;},&quot;navigation&quot;:{&quot;icon&quot;:{&quot;normal&quot;:{&quot;color&quot;:&quot;#000&quot;,&quot;size&quot;:&quot;22px&quot;},&quot;hover&quot;:{&quot;color&quot;:&quot;&quot;,&quot;size&quot;:&quot;22px&quot;}},&quot;container&quot;:{&quot;height&quot;:&quot;&quot;,&quot;width&quot;:&quot;&quot;,&quot;normal&quot;:{&quot;bg&quot;:{&quot;color&quot;:&quot;#fff&quot;},&quot;border&quot;:[],&quot;radius&quot;:{&quot;left&quot;:&quot;30px&quot;,&quot;right&quot;:&quot;30px&quot;,&quot;top&quot;:&quot;30px&quot;,&quot;bottom&quot;:&quot;30px&quot;}},&quot;hover&quot;:{&quot;bg&quot;:{&quot;color&quot;:&quot;#fff&quot;},&quot;border&quot;:[],&quot;radius&quot;:[]}}}},&quot;slider&quot;:[{&quot;beforeImg&quot;:{&quot;img&quot;:{&quot;url&quot;:&quot;https:\\\/\\\/templates.bplugins.com\\\/wp-content\\\/uploads\\\/2025\\\/03\\\/beafImg.jpg&quot;},&quot;beforeLabel&quot;:&quot;Before Label&quot;},&quot;afterImg&quot;:{&quot;img&quot;:{&quot;url&quot;:&quot;https:\\\/\\\/templates.bplugins.com\\\/wp-content\\\/uploads\\\/2025\\\/03\\\/beafImg2.jpg&quot;},&quot;afterLabel&quot;:&quot;After Label&quot;},&quot;caption&quot;:&quot;Before After Image Caption&quot;},{&quot;beforeImg&quot;:{&quot;img&quot;:{&quot;url&quot;:&quot;https:\\\/\\\/templates.bplugins.com\\\/wp-content\\\/uploads\\\/2025\\\/03\\\/beafImg.jpg&quot;},&quot;beforeLabel&quot;:&quot;Before Label&quot;},&quot;afterImg&quot;:{&quot;img&quot;:{&quot;url&quot;:&quot;https:\\\/\\\/templates.bplugins.com\\\/wp-content\\\/uploads\\\/2025\\\/03\\\/beafImg2.jpg&quot;},&quot;afterLabel&quot;:&quot;After Label&quot;},&quot;caption&quot;:&quot;Before After Image Caption&quot;},{&quot;beforeImg&quot;:{&quot;img&quot;:{&quot;url&quot;:&quot;https:\\\/\\\/templates.bplugins.com\\\/wp-content\\\/uploads\\\/2025\\\/03\\\/beafImg.jpg&quot;},&quot;beforeLabel&quot;:&quot;Before Label&quot;},&quot;afterImg&quot;:{&quot;img&quot;:{&quot;url&quot;:&quot;https:\\\/\\\/templates.bplugins.com\\\/wp-content\\\/uploads\\\/2025\\\/03\\\/beafImg2.jpg&quot;},&quot;afterLabel&quot;:&quot;After Label&quot;},&quot;caption&quot;:&quot;Before After Image Caption&quot;}]}' data-icbchecker='false'><\/div>\n\n\n<p class=\"has-background\" style=\"background-color:#d30000;font-size:14px\">Adre\u00e7a:<a href=\"https:\/\/www.google.com\/maps\/place\/Mas%C3%ADa+Can+Carbonell\/@41.5911031,2.0084886,820m\/data=!3m2!1e3!4b1!4m6!3m5!1s0x12a4ed4a4d2c2d0f:0x8020e5b4d3480cbe!8m2!3d41.5911031!4d2.0084886!16s%2Fg%2F11hctgp_7m?hl=es&amp;entry=ttu&amp;g_ep=EgoyMDI1MDYxNi4wIKXMDSoASAFQAw%3D%3D\" data-type=\"link\" data-id=\"https:\/\/www.google.com\/maps\/place\/Mas%C3%ADa+Can+Carbonell\/@41.5911031,2.0084886,820m\/data=!3m2!1e3!4b1!4m6!3m5!1s0x12a4ed4a4d2c2d0f:0x8020e5b4d3480cbe!8m2!3d41.5911031!4d2.0084886!16s%2Fg%2F11hctgp_7m?hl=es&amp;entry=ttu&amp;g_ep=EgoyMDI1MDYxNi4wIKXMDSoASAFQAw%3D%3D\"> 08225 Terrassa, Barcelona<\/a><\/p>\n\n\n\n<div class=\"wp-block-buttons is-layout-flex wp-block-buttons-is-layout-flex\">\n<div class=\"wp-block-button\"><a class=\"wp-block-button__link wp-element-button\" href=\"https:\/\/blogs.terrassa.cat\/mateuavellaneda\/masies\/\">torna<\/a><\/div>\n<\/div>\n","protected":false},"excerpt":{"rendered":"<p>Masia t\u00edpica vallesana del pla, molt reformada i amb afegits. El cos principal \u00e9s rectangular, de planta baixa i dos pisos. La coberta \u00e9s a dues vessants. La fa\u00e7ana principal \u00e9s perpendicular al carener i de composici\u00f3 sim\u00e8trica. La planta baixa presenta un portal d&#8217;acc\u00e9s en arc de mig punt adovellat, flanquejat per dues finestres [&hellip;]<\/p>\n","protected":false},"author":8,"featured_media":0,"parent":0,"menu_order":0,"comment_status":"closed","ping_status":"closed","template":"","meta":{"footnotes":""},"class_list":["post-416","page","type-page","status-publish","hentry"],"jetpack_sharing_enabled":true,"_links":{"self":[{"href":"https:\/\/blogs.terrassa.cat\/mateuavellaneda\/wp-json\/wp\/v2\/pages\/416","targetHints":{"allow":["GET"]}}],"collection":[{"href":"https:\/\/blogs.terrassa.cat\/mateuavellaneda\/wp-json\/wp\/v2\/pages"}],"about":[{"href":"https:\/\/blogs.terrassa.cat\/mateuavellaneda\/wp-json\/wp\/v2\/types\/page"}],"author":[{"embeddable":true,"href":"https:\/\/blogs.terrassa.cat\/mateuavellaneda\/wp-json\/wp\/v2\/users\/8"}],"replies":[{"embeddable":true,"href":"https:\/\/blogs.terrassa.cat\/mateuavellaneda\/wp-json\/wp\/v2\/comments?post=416"}],"version-history":[{"count":5,"href":"https:\/\/blogs.terrassa.cat\/mateuavellaneda\/wp-json\/wp\/v2\/pages\/416\/revisions"}],"predecessor-version":[{"id":1929,"href":"https:\/\/blogs.terrassa.cat\/mateuavellaneda\/wp-json\/wp\/v2\/pages\/416\/revisions\/1929"}],"wp:attachment":[{"href":"https:\/\/blogs.terrassa.cat\/mateuavellaneda\/wp-json\/wp\/v2\/media?parent=416"}],"curies":[{"name":"wp","href":"https:\/\/api.w.org\/{rel}","templated":true}]}}