{"id":418,"date":"2025-06-16T10:22:07","date_gmt":"2025-06-16T08:22:07","guid":{"rendered":"https:\/\/portfolio34988.wordpress.com\/?page_id=418"},"modified":"2025-07-15T11:43:13","modified_gmt":"2025-07-15T09:43:13","slug":"can-cardus","status":"publish","type":"page","link":"https:\/\/blogs.terrassa.cat\/mateuavellaneda\/can-cardus\/","title":{"rendered":"Can Card\u00fas"},"content":{"rendered":"<div class=\"align wp-block-icb-image-compare\" id='icbImageCompare-1' data-attributes='{&quot;beforeImg&quot;:{&quot;id&quot;:1144,&quot;title&quot;:&quot;33480039Master&quot;,&quot;filename&quot;:&quot;33480039Master-e1750062468914.jpg&quot;,&quot;url&quot;:&quot;https:\\\/\\\/blogs.terrassa.cat\\\/mateuavellaneda\\\/wp-content\\\/uploads\\\/sites\\\/6\\\/2025\\\/06\\\/33480039Master-e1750062468914.jpg&quot;,&quot;link&quot;:&quot;https:\\\/\\\/blogs.terrassa.cat\\\/mateuavellaneda\\\/33480039master\\\/&quot;,&quot;alt&quot;:&quot;&quot;,&quot;author&quot;:&quot;8&quot;,&quot;description&quot;:&quot;&quot;,&quot;caption&quot;:&quot;&quot;,&quot;name&quot;:&quot;33480039master&quot;,&quot;status&quot;:&quot;inherit&quot;,&quot;uploadedTo&quot;:0,&quot;date&quot;:&quot;2025-06-16T08:23:49.000Z&quot;,&quot;modified&quot;:&quot;2025-06-16T08:23:49.000Z&quot;,&quot;menuOrder&quot;:0,&quot;mime&quot;:&quot;image\\\/jpeg&quot;,&quot;type&quot;:&quot;image&quot;,&quot;subtype&quot;:&quot;jpeg&quot;,&quot;icon&quot;:&quot;https:\\\/\\\/blogs.terrassa.cat\\\/mateuavellaneda\\\/wp-includes\\\/images\\\/media\\\/default.svg&quot;,&quot;dateFormatted&quot;:&quot;16 de juny de 2025&quot;,&quot;nonces&quot;:{&quot;update&quot;:&quot;be72d686a7&quot;,&quot;delete&quot;:&quot;e65fc0cf48&quot;,&quot;edit&quot;:&quot;2b9dfc85a9&quot;},&quot;editLink&quot;:&quot;https:\\\/\\\/blogs.terrassa.cat\\\/mateuavellaneda\\\/wp-admin\\\/post.php?post=1144&amp;action=edit&quot;,&quot;meta&quot;:false,&quot;authorName&quot;:&quot;museu&quot;,&quot;authorLink&quot;:&quot;https:\\\/\\\/blogs.terrassa.cat\\\/mateuavellaneda\\\/wp-admin\\\/profile.php&quot;,&quot;filesizeInBytes&quot;:224336,&quot;filesizeHumanReadable&quot;:&quot;219 KiB&quot;,&quot;context&quot;:&quot;&quot;,&quot;height&quot;:995,&quot;width&quot;:1600,&quot;orientation&quot;:&quot;landscape&quot;,&quot;sizes&quot;:{&quot;thumbnail&quot;:{&quot;height&quot;:150,&quot;width&quot;:150,&quot;url&quot;:&quot;https:\\\/\\\/blogs.terrassa.cat\\\/mateuavellaneda\\\/wp-content\\\/uploads\\\/sites\\\/6\\\/2025\\\/06\\\/33480039Master-e1750062468914-150x150.jpg&quot;,&quot;orientation&quot;:&quot;landscape&quot;},&quot;medium&quot;:{&quot;height&quot;:187,&quot;width&quot;:300,&quot;url&quot;:&quot;https:\\\/\\\/blogs.terrassa.cat\\\/mateuavellaneda\\\/wp-content\\\/uploads\\\/sites\\\/6\\\/2025\\\/06\\\/33480039Master-e1750062468914-300x187.jpg&quot;,&quot;orientation&quot;:&quot;landscape&quot;},&quot;large&quot;:{&quot;height&quot;:361,&quot;width&quot;:580,&quot;url&quot;:&quot;https:\\\/\\\/blogs.terrassa.cat\\\/mateuavellaneda\\\/wp-content\\\/uploads\\\/sites\\\/6\\\/2025\\\/06\\\/33480039Master-e1750062468914-1024x637.jpg&quot;,&quot;orientation&quot;:&quot;landscape&quot;},&quot;full&quot;:{&quot;url&quot;:&quot;https:\\\/\\\/blogs.terrassa.cat\\\/mateuavellaneda\\\/wp-content\\\/uploads\\\/sites\\\/6\\\/2025\\\/06\\\/33480039Master-e1750062468914.jpg&quot;,&quot;height&quot;:995,&quot;width&quot;:1600,&quot;orientation&quot;:&quot;landscape&quot;}},&quot;compat&quot;:{&quot;item&quot;:&quot;&quot;,&quot;meta&quot;:&quot;&quot;}},&quot;afterImg&quot;:{&quot;id&quot;:1143,&quot;url&quot;:&quot;https:\\\/\\\/blogs.terrassa.cat\\\/mateuavellaneda\\\/wp-content\\\/uploads\\\/sites\\\/6\\\/2025\\\/06\\\/14593-1.jpg&quot;,&quot;alt&quot;:&quot;&quot;,&quot;title&quot;:&quot;14593&quot;,&quot;caption&quot;:&quot;&quot;},&quot;align&quot;:&quot;&quot;,&quot;alignment&quot;:&quot;center&quot;,&quot;theme&quot;:&quot;default&quot;,&quot;width&quot;:&quot;80%&quot;,&quot;border&quot;:[],&quot;orientation&quot;:&quot;horizontal&quot;,&quot;isSwap&quot;:false,&quot;isLabel&quot;:true,&quot;label&quot;:{&quot;hAlign&quot;:&quot;bottom&quot;,&quot;vAlign&quot;:&quot;center&quot;,&quot;isShowHover&quot;:false},&quot;beforeLabel&quot;:&quot;&quot;,&quot;afterLabel&quot;:&quot;&quot;,&quot;labelTypo&quot;:{&quot;fontSize&quot;:{&quot;desktop&quot;:15,&quot;tablet&quot;:15,&quot;mobile&quot;:15}},&quot;labelColors&quot;:{&quot;color&quot;:&quot;#fff&quot;,&quot;bg&quot;:&quot;#00000080&quot;},&quot;labelPadding&quot;:{&quot;vertical&quot;:&quot;10px&quot;,&quot;horizontal&quot;:&quot;15px&quot;},&quot;isCap&quot;:true,&quot;cap&quot;:&quot;&quot;,&quot;capAlign&quot;:&quot;center&quot;,&quot;capTypo&quot;:{&quot;fontSize&quot;:{&quot;desktop&quot;:14,&quot;tablet&quot;:14,&quot;mobile&quot;:14}},&quot;capColors&quot;:{&quot;color&quot;:&quot;#333&quot;,&quot;bg&quot;:&quot;#f4f4f4&quot;},&quot;capPadding&quot;:{&quot;vertical&quot;:&quot;10px&quot;,&quot;horizontal&quot;:&quot;15px&quot;},&quot;dragg&quot;:{&quot;handleType&quot;:&quot;default&quot;,&quot;shapeType&quot;:&quot;default&quot;},&quot;styles&quot;:{&quot;container&quot;:{&quot;height&quot;:{&quot;desktop&quot;:&quot;&quot;,&quot;tablet&quot;:&quot;&quot;,&quot;mobile&quot;:&quot;&quot;}},&quot;dragg&quot;:{&quot;line&quot;:{&quot;bg&quot;:{&quot;color&quot;:&quot;#fff&quot;},&quot;size&quot;:2},&quot;icon&quot;:{&quot;color&quot;:&quot;&quot;},&quot;handler&quot;:{&quot;color&quot;:&quot;&quot;}}},&quot;options&quot;:{&quot;defaultOffset&quot;:0.5,&quot;moveMouseOver&quot;:false,&quot;isMoveClick&quot;:false,&quot;autoSlide&quot;:{&quot;isAutoSlide&quot;:false,&quot;speed&quot;:5,&quot;isHoverStop&quot;:true}},&quot;sliderOptions&quot;:{&quot;arrowType&quot;:&quot;style1&quot;,&quot;height&quot;:{&quot;desktop&quot;:&quot;400px&quot;,&quot;tablet&quot;:&quot;400px&quot;,&quot;mobile&quot;:&quot;400px&quot;},&quot;autoplay&quot;:true,&quot;dots&quot;:false,&quot;speed&quot;:500,&quot;autoplaySpeed&quot;:2500,&quot;pauseOnHover&quot;:true,&quot;infinite&quot;:true,&quot;arrows&quot;:true,&quot;slidesView&quot;:{&quot;desktop&quot;:1,&quot;tablet&quot;:1,&quot;mobile&quot;:1}},&quot;sliderStyle&quot;:{&quot;pagination&quot;:{&quot;active&quot;:&quot;#4527a4&quot;},&quot;navigation&quot;:{&quot;icon&quot;:{&quot;normal&quot;:{&quot;color&quot;:&quot;#000&quot;,&quot;size&quot;:&quot;22px&quot;},&quot;hover&quot;:{&quot;color&quot;:&quot;&quot;,&quot;size&quot;:&quot;22px&quot;}},&quot;container&quot;:{&quot;height&quot;:&quot;&quot;,&quot;width&quot;:&quot;&quot;,&quot;normal&quot;:{&quot;bg&quot;:{&quot;color&quot;:&quot;#fff&quot;},&quot;border&quot;:[],&quot;radius&quot;:{&quot;left&quot;:&quot;30px&quot;,&quot;right&quot;:&quot;30px&quot;,&quot;top&quot;:&quot;30px&quot;,&quot;bottom&quot;:&quot;30px&quot;}},&quot;hover&quot;:{&quot;bg&quot;:{&quot;color&quot;:&quot;#fff&quot;},&quot;border&quot;:[],&quot;radius&quot;:[]}}}},&quot;slider&quot;:[{&quot;beforeImg&quot;:{&quot;img&quot;:{&quot;url&quot;:&quot;https:\\\/\\\/templates.bplugins.com\\\/wp-content\\\/uploads\\\/2025\\\/03\\\/beafImg.jpg&quot;},&quot;beforeLabel&quot;:&quot;Before Label&quot;},&quot;afterImg&quot;:{&quot;img&quot;:{&quot;url&quot;:&quot;https:\\\/\\\/templates.bplugins.com\\\/wp-content\\\/uploads\\\/2025\\\/03\\\/beafImg2.jpg&quot;},&quot;afterLabel&quot;:&quot;After Label&quot;},&quot;caption&quot;:&quot;Before After Image Caption&quot;},{&quot;beforeImg&quot;:{&quot;img&quot;:{&quot;url&quot;:&quot;https:\\\/\\\/templates.bplugins.com\\\/wp-content\\\/uploads\\\/2025\\\/03\\\/beafImg.jpg&quot;},&quot;beforeLabel&quot;:&quot;Before Label&quot;},&quot;afterImg&quot;:{&quot;img&quot;:{&quot;url&quot;:&quot;https:\\\/\\\/templates.bplugins.com\\\/wp-content\\\/uploads\\\/2025\\\/03\\\/beafImg2.jpg&quot;},&quot;afterLabel&quot;:&quot;After Label&quot;},&quot;caption&quot;:&quot;Before After Image Caption&quot;},{&quot;beforeImg&quot;:{&quot;img&quot;:{&quot;url&quot;:&quot;https:\\\/\\\/templates.bplugins.com\\\/wp-content\\\/uploads\\\/2025\\\/03\\\/beafImg.jpg&quot;},&quot;beforeLabel&quot;:&quot;Before Label&quot;},&quot;afterImg&quot;:{&quot;img&quot;:{&quot;url&quot;:&quot;https:\\\/\\\/templates.bplugins.com\\\/wp-content\\\/uploads\\\/2025\\\/03\\\/beafImg2.jpg&quot;},&quot;afterLabel&quot;:&quot;After Label&quot;},&quot;caption&quot;:&quot;Before After Image Caption&quot;}]}' data-icbchecker='false'><\/div>\n\n\n<p class=\"has-text-align-left\">Documentada des del segle XIII. Masia de planta rectangular, amb planta baixa, pis i golfes, amb coberta a dos vessants. Fa\u00e7ana principal a migdia, perpendicular al carener i de composici\u00f3 sim\u00e8trica. Planta baixa amb portal d&#8217;acc\u00e9s en arc de mig punt adovellat i cobert per un atri de columnes toscanes de ciment, que suporten una tribuna del pis superior. Tot aquest conjunt \u00e9s un afegit d&#8217;\u00e8poques posteriors. A la resta de la fa\u00e7ana apareixen quatre finestres, dues a la planta baixa de factura molt senzilla i dues a la planta superior amb brancals de pedra i llindes motllurades que presenten uns relleus centrals amb les inscripcions de 1592 i 1588. Fa\u00e7ana acaba amb una cornisa de teules i rajoles i amb una pedra de fil d&#8217;escaires. La resta amb estucat de color blanc. A la fa\u00e7ana de llevant hi ha un seguit de finestres, tamb\u00e9 de pedra, amb la inscripci\u00f3 1588.<\/p>\n\n\n\n<div class=\"wp-block-jetpack-slideshow aligncenter\" data-effect=\"slide\"><div class=\"wp-block-jetpack-slideshow_container swiper-container\"><ul class=\"wp-block-jetpack-slideshow_swiper-wrapper swiper-wrapper\"><li class=\"wp-block-jetpack-slideshow_slide swiper-slide\"><figure><img loading=\"lazy\" decoding=\"async\" width=\"720\" height=\"1024\" alt=\"\" class=\"wp-block-jetpack-slideshow_image wp-image-1140\" data-id=\"1140\" src=\"https:\/\/blogs.terrassa.cat\/mateuavellaneda\/wp-content\/uploads\/sites\/6\/2025\/06\/14592-1-720x1024.jpg\" srcset=\"https:\/\/blogs.terrassa.cat\/mateuavellaneda\/wp-content\/uploads\/sites\/6\/2025\/06\/14592-1-720x1024.jpg 720w, https:\/\/blogs.terrassa.cat\/mateuavellaneda\/wp-content\/uploads\/sites\/6\/2025\/06\/14592-1-211x300.jpg 211w, https:\/\/blogs.terrassa.cat\/mateuavellaneda\/wp-content\/uploads\/sites\/6\/2025\/06\/14592-1-768x1092.jpg 768w, https:\/\/blogs.terrassa.cat\/mateuavellaneda\/wp-content\/uploads\/sites\/6\/2025\/06\/14592-1-1080x1536.jpg 1080w, https:\/\/blogs.terrassa.cat\/mateuavellaneda\/wp-content\/uploads\/sites\/6\/2025\/06\/14592-1-1440x2048.jpg 1440w, https:\/\/blogs.terrassa.cat\/mateuavellaneda\/wp-content\/uploads\/sites\/6\/2025\/06\/14592-1-1200x1706.jpg 1200w, https:\/\/blogs.terrassa.cat\/mateuavellaneda\/wp-content\/uploads\/sites\/6\/2025\/06\/14592-1.jpg 1451w\" sizes=\"(max-width: 720px) 100vw, 720px\" \/><figcaption class=\"wp-block-jetpack-slideshow_caption gallery-caption\">Una de les entrades de Can Card\u00fas (M. Avellaneda 1935) <\/figcaption><\/figure><\/li><li class=\"wp-block-jetpack-slideshow_slide swiper-slide\"><figure><img loading=\"lazy\" decoding=\"async\" width=\"1024\" height=\"732\" alt=\"\" class=\"wp-block-jetpack-slideshow_image wp-image-1141\" data-id=\"1141\" src=\"https:\/\/blogs.terrassa.cat\/mateuavellaneda\/wp-content\/uploads\/sites\/6\/2025\/06\/14594-1-1024x732.jpg\" srcset=\"https:\/\/blogs.terrassa.cat\/mateuavellaneda\/wp-content\/uploads\/sites\/6\/2025\/06\/14594-1-1024x732.jpg 1024w, https:\/\/blogs.terrassa.cat\/mateuavellaneda\/wp-content\/uploads\/sites\/6\/2025\/06\/14594-1-300x215.jpg 300w, https:\/\/blogs.terrassa.cat\/mateuavellaneda\/wp-content\/uploads\/sites\/6\/2025\/06\/14594-1-768x549.jpg 768w, https:\/\/blogs.terrassa.cat\/mateuavellaneda\/wp-content\/uploads\/sites\/6\/2025\/06\/14594-1-1536x1099.jpg 1536w, https:\/\/blogs.terrassa.cat\/mateuavellaneda\/wp-content\/uploads\/sites\/6\/2025\/06\/14594-1-2048x1465.jpg 2048w, https:\/\/blogs.terrassa.cat\/mateuavellaneda\/wp-content\/uploads\/sites\/6\/2025\/06\/14594-1-1200x858.jpg 1200w, https:\/\/blogs.terrassa.cat\/mateuavellaneda\/wp-content\/uploads\/sites\/6\/2025\/06\/14594-1-1980x1416.jpg 1980w\" sizes=\"(max-width: 1024px) 100vw, 1024px\" \/><figcaption class=\"wp-block-jetpack-slideshow_caption gallery-caption\"> Una habitaci\u00f3 de Can Card\u00fas (M. Avellaneda 1935) <\/figcaption><\/figure><\/li><li class=\"wp-block-jetpack-slideshow_slide swiper-slide\"><figure><img loading=\"lazy\" decoding=\"async\" width=\"1024\" height=\"736\" alt=\"\" class=\"wp-block-jetpack-slideshow_image wp-image-1142\" data-id=\"1142\" src=\"https:\/\/blogs.terrassa.cat\/mateuavellaneda\/wp-content\/uploads\/sites\/6\/2025\/06\/14601-1-1024x736.jpg\" srcset=\"https:\/\/blogs.terrassa.cat\/mateuavellaneda\/wp-content\/uploads\/sites\/6\/2025\/06\/14601-1-1024x736.jpg 1024w, https:\/\/blogs.terrassa.cat\/mateuavellaneda\/wp-content\/uploads\/sites\/6\/2025\/06\/14601-1-300x216.jpg 300w, https:\/\/blogs.terrassa.cat\/mateuavellaneda\/wp-content\/uploads\/sites\/6\/2025\/06\/14601-1-768x552.jpg 768w, https:\/\/blogs.terrassa.cat\/mateuavellaneda\/wp-content\/uploads\/sites\/6\/2025\/06\/14601-1-1536x1105.jpg 1536w, https:\/\/blogs.terrassa.cat\/mateuavellaneda\/wp-content\/uploads\/sites\/6\/2025\/06\/14601-1-2048x1473.jpg 2048w, https:\/\/blogs.terrassa.cat\/mateuavellaneda\/wp-content\/uploads\/sites\/6\/2025\/06\/14601-1-1200x863.jpg 1200w, https:\/\/blogs.terrassa.cat\/mateuavellaneda\/wp-content\/uploads\/sites\/6\/2025\/06\/14601-1-1980x1424.jpg 1980w\" sizes=\"(max-width: 1024px) 100vw, 1024px\" \/><figcaption class=\"wp-block-jetpack-slideshow_caption gallery-caption\">Finestra  (M. Avellaneda 1935) <\/figcaption><\/figure><\/li><\/ul><a class=\"wp-block-jetpack-slideshow_button-prev swiper-button-prev swiper-button-white\" role=\"button\"><\/a><a class=\"wp-block-jetpack-slideshow_button-next swiper-button-next swiper-button-white\" role=\"button\"><\/a><a aria-label=\"Pause Slideshow\" class=\"wp-block-jetpack-slideshow_button-pause\" role=\"button\"><\/a><div class=\"wp-block-jetpack-slideshow_pagination swiper-pagination swiper-pagination-white\"><\/div><\/div><\/div>\n\n\n\n<p class=\"has-background\" style=\"background-color:#d30000;font-size:14px\">Adre\u00e7a: <a href=\"https:\/\/www.google.es\/maps\/place\/Can+Card%C3%BAs+de+les+Orioles\/@41.5778446,1.9892674,205m\/data=!3m2!1e3!4b1!4m6!3m5!1s0x12a493dabcfa5c3d:0xcb976cc70ac3d670!8m2!3d41.5778436!4d1.9899111!16s%2Fg%2F11bv3035jr?hl=es&amp;entry=ttu&amp;g_ep=EgoyMDI1MDYxNi4wIKXMDSoASAFQAw%3D%3D\" data-type=\"link\" data-id=\"https:\/\/www.google.es\/maps\/place\/Can+Card%C3%BAs+de+les+Orioles\/@41.5778446,1.9892674,205m\/data=!3m2!1e3!4b1!4m6!3m5!1s0x12a493dabcfa5c3d:0xcb976cc70ac3d670!8m2!3d41.5778436!4d1.9899111!16s%2Fg%2F11bv3035jr?hl=es&amp;entry=ttu&amp;g_ep=EgoyMDI1MDYxNi4wIKXMDSoASAFQAw%3D%3D\">Cami de la Serra de les Aymerigues, 08225, Barcelona<\/a><\/p>\n\n\n\n<div class=\"wp-block-buttons is-layout-flex wp-block-buttons-is-layout-flex\">\n<div class=\"wp-block-button\"><a class=\"wp-block-button__link wp-element-button\" href=\"https:\/\/blogs.terrassa.cat\/mateuavellaneda\/masies\/\">torna<\/a><\/div>\n<\/div>\n","protected":false},"excerpt":{"rendered":"<p>Documentada des del segle XIII. Masia de planta rectangular, amb planta baixa, pis i golfes, amb coberta a dos vessants. Fa\u00e7ana principal a migdia, perpendicular al carener i de composici\u00f3 sim\u00e8trica. Planta baixa amb portal d&#8217;acc\u00e9s en arc de mig punt adovellat i cobert per un atri de columnes toscanes de ciment, que suporten una [&hellip;]<\/p>\n","protected":false},"author":8,"featured_media":0,"parent":0,"menu_order":0,"comment_status":"closed","ping_status":"closed","template":"","meta":{"footnotes":""},"class_list":["post-418","page","type-page","status-publish","hentry"],"jetpack_sharing_enabled":true,"_links":{"self":[{"href":"https:\/\/blogs.terrassa.cat\/mateuavellaneda\/wp-json\/wp\/v2\/pages\/418","targetHints":{"allow":["GET"]}}],"collection":[{"href":"https:\/\/blogs.terrassa.cat\/mateuavellaneda\/wp-json\/wp\/v2\/pages"}],"about":[{"href":"https:\/\/blogs.terrassa.cat\/mateuavellaneda\/wp-json\/wp\/v2\/types\/page"}],"author":[{"embeddable":true,"href":"https:\/\/blogs.terrassa.cat\/mateuavellaneda\/wp-json\/wp\/v2\/users\/8"}],"replies":[{"embeddable":true,"href":"https:\/\/blogs.terrassa.cat\/mateuavellaneda\/wp-json\/wp\/v2\/comments?post=418"}],"version-history":[{"count":7,"href":"https:\/\/blogs.terrassa.cat\/mateuavellaneda\/wp-json\/wp\/v2\/pages\/418\/revisions"}],"predecessor-version":[{"id":1985,"href":"https:\/\/blogs.terrassa.cat\/mateuavellaneda\/wp-json\/wp\/v2\/pages\/418\/revisions\/1985"}],"wp:attachment":[{"href":"https:\/\/blogs.terrassa.cat\/mateuavellaneda\/wp-json\/wp\/v2\/media?parent=418"}],"curies":[{"name":"wp","href":"https:\/\/api.w.org\/{rel}","templated":true}]}}