{"id":447,"date":"2025-06-16T11:44:06","date_gmt":"2025-06-16T09:44:06","guid":{"rendered":"https:\/\/portfolio34988.wordpress.com\/?page_id=447"},"modified":"2025-07-15T11:26:43","modified_gmt":"2025-07-15T09:26:43","slug":"can-fatjo","status":"publish","type":"page","link":"https:\/\/blogs.terrassa.cat\/mateuavellaneda\/can-fatjo\/","title":{"rendered":"Can Fatj\u00f3"},"content":{"rendered":"\n<div class=\"wp-block-jetpack-slideshow aligncenter\" data-effect=\"slide\" style=\"--aspect-ratio:calc(580 \/ 410)\"><div class=\"wp-block-jetpack-slideshow_container swiper-container\"><ul class=\"wp-block-jetpack-slideshow_swiper-wrapper swiper-wrapper\"><li class=\"wp-block-jetpack-slideshow_slide swiper-slide\"><figure><img loading=\"lazy\" decoding=\"async\" width=\"1024\" height=\"723\" alt=\"\" class=\"wp-block-jetpack-slideshow_image wp-image-1618\" data-id=\"1618\" data-aspect-ratio=\"580 \/ 410\" src=\"https:\/\/blogs.terrassa.cat\/mateuavellaneda\/wp-content\/uploads\/sites\/6\/2025\/06\/Sense-titol-1-1024x723.jpg\" srcset=\"https:\/\/blogs.terrassa.cat\/mateuavellaneda\/wp-content\/uploads\/sites\/6\/2025\/06\/Sense-titol-1-1024x723.jpg 1024w, https:\/\/blogs.terrassa.cat\/mateuavellaneda\/wp-content\/uploads\/sites\/6\/2025\/06\/Sense-titol-1-300x212.jpg 300w, https:\/\/blogs.terrassa.cat\/mateuavellaneda\/wp-content\/uploads\/sites\/6\/2025\/06\/Sense-titol-1-768x542.jpg 768w, https:\/\/blogs.terrassa.cat\/mateuavellaneda\/wp-content\/uploads\/sites\/6\/2025\/06\/Sense-titol-1-1536x1084.jpg 1536w, https:\/\/blogs.terrassa.cat\/mateuavellaneda\/wp-content\/uploads\/sites\/6\/2025\/06\/Sense-titol-1-1200x847.jpg 1200w, https:\/\/blogs.terrassa.cat\/mateuavellaneda\/wp-content\/uploads\/sites\/6\/2025\/06\/Sense-titol-1.jpg 1617w\" sizes=\"(max-width: 1024px) 100vw, 1024px\" \/><figcaption class=\"wp-block-jetpack-slideshow_caption gallery-caption\">Can Fatj\u00f3 (M. Avellaneda 1931)<\/figcaption><\/figure><\/li><li class=\"wp-block-jetpack-slideshow_slide swiper-slide\"><figure><img loading=\"lazy\" decoding=\"async\" width=\"785\" height=\"1024\" alt=\"\" class=\"wp-block-jetpack-slideshow_image wp-image-1169\" data-id=\"1169\" data-aspect-ratio=\"580 \/ 757\" src=\"https:\/\/blogs.terrassa.cat\/mateuavellaneda\/wp-content\/uploads\/sites\/6\/2025\/06\/14652-785x1024.jpg\" srcset=\"https:\/\/blogs.terrassa.cat\/mateuavellaneda\/wp-content\/uploads\/sites\/6\/2025\/06\/14652-785x1024.jpg 785w, https:\/\/blogs.terrassa.cat\/mateuavellaneda\/wp-content\/uploads\/sites\/6\/2025\/06\/14652-230x300.jpg 230w, https:\/\/blogs.terrassa.cat\/mateuavellaneda\/wp-content\/uploads\/sites\/6\/2025\/06\/14652-768x1001.jpg 768w, https:\/\/blogs.terrassa.cat\/mateuavellaneda\/wp-content\/uploads\/sites\/6\/2025\/06\/14652-1178x1536.jpg 1178w, https:\/\/blogs.terrassa.cat\/mateuavellaneda\/wp-content\/uploads\/sites\/6\/2025\/06\/14652-1200x1565.jpg 1200w, https:\/\/blogs.terrassa.cat\/mateuavellaneda\/wp-content\/uploads\/sites\/6\/2025\/06\/14652.jpg 1421w\" sizes=\"(max-width: 785px) 100vw, 785px\" \/><figcaption class=\"wp-block-jetpack-slideshow_caption gallery-caption\">Can Fatj\u00f3, detall (M. Avellaneda 1931)<\/figcaption><\/figure><\/li><li class=\"wp-block-jetpack-slideshow_slide swiper-slide\"><figure><img loading=\"lazy\" decoding=\"async\" width=\"781\" height=\"1024\" alt=\"\" class=\"wp-block-jetpack-slideshow_image wp-image-1170\" data-id=\"1170\" data-aspect-ratio=\"580 \/ 760\" src=\"https:\/\/blogs.terrassa.cat\/mateuavellaneda\/wp-content\/uploads\/sites\/6\/2025\/06\/14653-781x1024.jpg\" srcset=\"https:\/\/blogs.terrassa.cat\/mateuavellaneda\/wp-content\/uploads\/sites\/6\/2025\/06\/14653-781x1024.jpg 781w, https:\/\/blogs.terrassa.cat\/mateuavellaneda\/wp-content\/uploads\/sites\/6\/2025\/06\/14653-229x300.jpg 229w, https:\/\/blogs.terrassa.cat\/mateuavellaneda\/wp-content\/uploads\/sites\/6\/2025\/06\/14653-768x1006.jpg 768w, https:\/\/blogs.terrassa.cat\/mateuavellaneda\/wp-content\/uploads\/sites\/6\/2025\/06\/14653-1172x1536.jpg 1172w, https:\/\/blogs.terrassa.cat\/mateuavellaneda\/wp-content\/uploads\/sites\/6\/2025\/06\/14653-1200x1573.jpg 1200w, https:\/\/blogs.terrassa.cat\/mateuavellaneda\/wp-content\/uploads\/sites\/6\/2025\/06\/14653.jpg 1417w\" sizes=\"(max-width: 781px) 100vw, 781px\" \/><figcaption class=\"wp-block-jetpack-slideshow_caption gallery-caption\">Interior del mas (M. Avellaneda 1931)<\/figcaption><\/figure><\/li><li class=\"wp-block-jetpack-slideshow_slide swiper-slide\"><figure><img loading=\"lazy\" decoding=\"async\" width=\"790\" height=\"1024\" alt=\"\" class=\"wp-block-jetpack-slideshow_image wp-image-1171\" data-id=\"1171\" data-aspect-ratio=\"580 \/ 752\" src=\"https:\/\/blogs.terrassa.cat\/mateuavellaneda\/wp-content\/uploads\/sites\/6\/2025\/06\/14654-790x1024.jpg\" srcset=\"https:\/\/blogs.terrassa.cat\/mateuavellaneda\/wp-content\/uploads\/sites\/6\/2025\/06\/14654-790x1024.jpg 790w, https:\/\/blogs.terrassa.cat\/mateuavellaneda\/wp-content\/uploads\/sites\/6\/2025\/06\/14654-231x300.jpg 231w, https:\/\/blogs.terrassa.cat\/mateuavellaneda\/wp-content\/uploads\/sites\/6\/2025\/06\/14654-768x996.jpg 768w, https:\/\/blogs.terrassa.cat\/mateuavellaneda\/wp-content\/uploads\/sites\/6\/2025\/06\/14654-1184x1536.jpg 1184w, https:\/\/blogs.terrassa.cat\/mateuavellaneda\/wp-content\/uploads\/sites\/6\/2025\/06\/14654-1200x1556.jpg 1200w, https:\/\/blogs.terrassa.cat\/mateuavellaneda\/wp-content\/uploads\/sites\/6\/2025\/06\/14654.jpg 1421w\" sizes=\"(max-width: 790px) 100vw, 790px\" \/><figcaption class=\"wp-block-jetpack-slideshow_caption gallery-caption\">Interior del Mas (M. Avellaneda 1931)<\/figcaption><\/figure><\/li><li class=\"wp-block-jetpack-slideshow_slide swiper-slide\"><figure><img loading=\"lazy\" decoding=\"async\" width=\"1024\" height=\"781\" alt=\"\" class=\"wp-block-jetpack-slideshow_image wp-image-1172\" data-id=\"1172\" data-aspect-ratio=\"580 \/ 442\" src=\"https:\/\/blogs.terrassa.cat\/mateuavellaneda\/wp-content\/uploads\/sites\/6\/2025\/06\/14661-1024x781.jpg\" srcset=\"https:\/\/blogs.terrassa.cat\/mateuavellaneda\/wp-content\/uploads\/sites\/6\/2025\/06\/14661-1024x781.jpg 1024w, https:\/\/blogs.terrassa.cat\/mateuavellaneda\/wp-content\/uploads\/sites\/6\/2025\/06\/14661-300x229.jpg 300w, https:\/\/blogs.terrassa.cat\/mateuavellaneda\/wp-content\/uploads\/sites\/6\/2025\/06\/14661-768x586.jpg 768w, https:\/\/blogs.terrassa.cat\/mateuavellaneda\/wp-content\/uploads\/sites\/6\/2025\/06\/14661-1536x1172.jpg 1536w, https:\/\/blogs.terrassa.cat\/mateuavellaneda\/wp-content\/uploads\/sites\/6\/2025\/06\/14661-1200x916.jpg 1200w, https:\/\/blogs.terrassa.cat\/mateuavellaneda\/wp-content\/uploads\/sites\/6\/2025\/06\/14661.jpg 1853w\" sizes=\"(max-width: 1024px) 100vw, 1024px\" \/><figcaption class=\"wp-block-jetpack-slideshow_caption gallery-caption\">Interior del Mas (M. Avellaneda 1931)<\/figcaption><\/figure><\/li><li class=\"wp-block-jetpack-slideshow_slide swiper-slide\"><figure><img loading=\"lazy\" decoding=\"async\" width=\"1024\" height=\"712\" alt=\"\" class=\"wp-block-jetpack-slideshow_image wp-image-1173\" data-id=\"1173\" data-aspect-ratio=\"580 \/ 403\" src=\"https:\/\/blogs.terrassa.cat\/mateuavellaneda\/wp-content\/uploads\/sites\/6\/2025\/06\/14662-1024x712.jpg\" srcset=\"https:\/\/blogs.terrassa.cat\/mateuavellaneda\/wp-content\/uploads\/sites\/6\/2025\/06\/14662-1024x712.jpg 1024w, https:\/\/blogs.terrassa.cat\/mateuavellaneda\/wp-content\/uploads\/sites\/6\/2025\/06\/14662-300x209.jpg 300w, https:\/\/blogs.terrassa.cat\/mateuavellaneda\/wp-content\/uploads\/sites\/6\/2025\/06\/14662-768x534.jpg 768w, https:\/\/blogs.terrassa.cat\/mateuavellaneda\/wp-content\/uploads\/sites\/6\/2025\/06\/14662-1536x1069.jpg 1536w, https:\/\/blogs.terrassa.cat\/mateuavellaneda\/wp-content\/uploads\/sites\/6\/2025\/06\/14662-2048x1425.jpg 2048w, https:\/\/blogs.terrassa.cat\/mateuavellaneda\/wp-content\/uploads\/sites\/6\/2025\/06\/14662-1200x835.jpg 1200w, https:\/\/blogs.terrassa.cat\/mateuavellaneda\/wp-content\/uploads\/sites\/6\/2025\/06\/14662-1980x1377.jpg 1980w\" sizes=\"(max-width: 1024px) 100vw, 1024px\" \/><figcaption class=\"wp-block-jetpack-slideshow_caption gallery-caption\">El pastador (M. Avellaneda 1931)<\/figcaption><\/figure><\/li><li class=\"wp-block-jetpack-slideshow_slide swiper-slide\"><figure><img loading=\"lazy\" decoding=\"async\" width=\"1024\" height=\"780\" alt=\"\" class=\"wp-block-jetpack-slideshow_image wp-image-1619\" data-id=\"1619\" data-aspect-ratio=\"580 \/ 442\" src=\"https:\/\/blogs.terrassa.cat\/mateuavellaneda\/wp-content\/uploads\/sites\/6\/2025\/06\/fatjo-1024x780.jpg\" srcset=\"https:\/\/blogs.terrassa.cat\/mateuavellaneda\/wp-content\/uploads\/sites\/6\/2025\/06\/fatjo-1024x780.jpg 1024w, https:\/\/blogs.terrassa.cat\/mateuavellaneda\/wp-content\/uploads\/sites\/6\/2025\/06\/fatjo-300x228.jpg 300w, https:\/\/blogs.terrassa.cat\/mateuavellaneda\/wp-content\/uploads\/sites\/6\/2025\/06\/fatjo-768x585.jpg 768w, https:\/\/blogs.terrassa.cat\/mateuavellaneda\/wp-content\/uploads\/sites\/6\/2025\/06\/fatjo-1536x1170.jpg 1536w, https:\/\/blogs.terrassa.cat\/mateuavellaneda\/wp-content\/uploads\/sites\/6\/2025\/06\/fatjo-1200x914.jpg 1200w, https:\/\/blogs.terrassa.cat\/mateuavellaneda\/wp-content\/uploads\/sites\/6\/2025\/06\/fatjo.jpg 1795w\" sizes=\"(max-width: 1024px) 100vw, 1024px\" \/><figcaption class=\"wp-block-jetpack-slideshow_caption gallery-caption\">L&#8217;entrada (M. Avellaneda 1931)<\/figcaption><\/figure><\/li><\/ul><a class=\"wp-block-jetpack-slideshow_button-prev swiper-button-prev swiper-button-white\" role=\"button\"><\/a><a class=\"wp-block-jetpack-slideshow_button-next swiper-button-next swiper-button-white\" role=\"button\"><\/a><a aria-label=\"Pause Slideshow\" class=\"wp-block-jetpack-slideshow_button-pause\" role=\"button\"><\/a><div class=\"wp-block-jetpack-slideshow_pagination swiper-pagination swiper-pagination-white\"><\/div><\/div><\/div>\n\n\n\n<p>Aquest mas es localitzava des de fa segles a la intersecci\u00f3 que actualment formen el carrer Roca i Roca amb la carretera de Matadepera.<\/p>\n\n\n\n<p>Tot apunta que l&#8217;origen de la finca \u00e9s molt antic, ja que s\u2019hi va descobrir un Hermes d\u2019\u00e8poca romana als camps de conreu que en formaven part. Malgrat aix\u00f2, no es disposa de documentaci\u00f3 espec\u00edfica fins a l\u2019edat mitjana. Cap a mitjans del segle XV, l\u2019any 1455, el mas era conegut com a Mas Roig, prenent el nom del seu propietari d\u2019aleshores. M\u00e9s endavant, a l\u2019inici del segle XVI, es comen\u00e7a a identificar com a Mas Arc Sobir\u00e0, quan Bernat Card\u00fas n\u2019era l\u2019amo. El 1567 ja trobem documentat un nou propietari, Joan Fatj\u00f3, que hi fa una permuta de terres. A partir d\u2019aquest moment, la fam\u00edlia Fatj\u00f3 mantingu\u00e9 la possessi\u00f3 del mas fins a comen\u00e7aments del segle XX.<\/p>\n\n\n\n<p class=\"has-background\" style=\"background-color:#d30000;font-size:14px\">Adre\u00e7a: (Desapareguda)<\/p>\n\n\n\n<div class=\"wp-block-buttons is-layout-flex wp-block-buttons-is-layout-flex\">\n<div class=\"wp-block-button\"><a class=\"wp-block-button__link wp-element-button\" href=\"https:\/\/blogs.terrassa.cat\/mateuavellaneda\/masies\/\">torna<\/a><\/div>\n<\/div>\n","protected":false},"excerpt":{"rendered":"<p>Aquest mas es localitzava des de fa segles a la intersecci\u00f3 que actualment formen el carrer Roca i Roca amb la carretera de Matadepera. Tot apunta que l&#8217;origen de la finca \u00e9s molt antic, ja que s\u2019hi va descobrir un Hermes d\u2019\u00e8poca romana als camps de conreu que en formaven part. Malgrat aix\u00f2, no es [&hellip;]<\/p>\n","protected":false},"author":8,"featured_media":0,"parent":0,"menu_order":0,"comment_status":"closed","ping_status":"closed","template":"","meta":{"footnotes":""},"class_list":["post-447","page","type-page","status-publish","hentry"],"jetpack_sharing_enabled":true,"_links":{"self":[{"href":"https:\/\/blogs.terrassa.cat\/mateuavellaneda\/wp-json\/wp\/v2\/pages\/447","targetHints":{"allow":["GET"]}}],"collection":[{"href":"https:\/\/blogs.terrassa.cat\/mateuavellaneda\/wp-json\/wp\/v2\/pages"}],"about":[{"href":"https:\/\/blogs.terrassa.cat\/mateuavellaneda\/wp-json\/wp\/v2\/types\/page"}],"author":[{"embeddable":true,"href":"https:\/\/blogs.terrassa.cat\/mateuavellaneda\/wp-json\/wp\/v2\/users\/8"}],"replies":[{"embeddable":true,"href":"https:\/\/blogs.terrassa.cat\/mateuavellaneda\/wp-json\/wp\/v2\/comments?post=447"}],"version-history":[{"count":6,"href":"https:\/\/blogs.terrassa.cat\/mateuavellaneda\/wp-json\/wp\/v2\/pages\/447\/revisions"}],"predecessor-version":[{"id":1984,"href":"https:\/\/blogs.terrassa.cat\/mateuavellaneda\/wp-json\/wp\/v2\/pages\/447\/revisions\/1984"}],"wp:attachment":[{"href":"https:\/\/blogs.terrassa.cat\/mateuavellaneda\/wp-json\/wp\/v2\/media?parent=447"}],"curies":[{"name":"wp","href":"https:\/\/api.w.org\/{rel}","templated":true}]}}