{"id":449,"date":"2025-06-16T13:44:44","date_gmt":"2025-06-16T11:44:44","guid":{"rendered":"https:\/\/portfolio34988.wordpress.com\/?page_id=449"},"modified":"2025-07-15T11:54:50","modified_gmt":"2025-07-15T09:54:50","slug":"can-gorgs","status":"publish","type":"page","link":"https:\/\/blogs.terrassa.cat\/mateuavellaneda\/can-gorgs\/","title":{"rendered":"Can Gorgs"},"content":{"rendered":"\n<div class=\"wp-block-jetpack-slideshow aligncenter\" data-effect=\"slide\" style=\"--aspect-ratio:calc(2438 \/ 1714)\"><div class=\"wp-block-jetpack-slideshow_container swiper-container\"><ul class=\"wp-block-jetpack-slideshow_swiper-wrapper swiper-wrapper\"><li class=\"wp-block-jetpack-slideshow_slide swiper-slide\"><figure><img loading=\"lazy\" decoding=\"async\" width=\"2438\" height=\"1714\" alt=\"\" class=\"wp-block-jetpack-slideshow_image wp-image-1246\" data-id=\"1246\" data-aspect-ratio=\"2438 \/ 1714\" src=\"https:\/\/blogs.terrassa.cat\/mateuavellaneda\/wp-content\/uploads\/sites\/6\/2025\/06\/14677-1.jpg\" srcset=\"https:\/\/blogs.terrassa.cat\/mateuavellaneda\/wp-content\/uploads\/sites\/6\/2025\/06\/14677-1.jpg 2438w, https:\/\/blogs.terrassa.cat\/mateuavellaneda\/wp-content\/uploads\/sites\/6\/2025\/06\/14677-1-300x211.jpg 300w, https:\/\/blogs.terrassa.cat\/mateuavellaneda\/wp-content\/uploads\/sites\/6\/2025\/06\/14677-1-1024x720.jpg 1024w, https:\/\/blogs.terrassa.cat\/mateuavellaneda\/wp-content\/uploads\/sites\/6\/2025\/06\/14677-1-768x540.jpg 768w, https:\/\/blogs.terrassa.cat\/mateuavellaneda\/wp-content\/uploads\/sites\/6\/2025\/06\/14677-1-1536x1080.jpg 1536w, https:\/\/blogs.terrassa.cat\/mateuavellaneda\/wp-content\/uploads\/sites\/6\/2025\/06\/14677-1-2048x1440.jpg 2048w, https:\/\/blogs.terrassa.cat\/mateuavellaneda\/wp-content\/uploads\/sites\/6\/2025\/06\/14677-1-1200x844.jpg 1200w, https:\/\/blogs.terrassa.cat\/mateuavellaneda\/wp-content\/uploads\/sites\/6\/2025\/06\/14677-1-1980x1392.jpg 1980w\" sizes=\"(max-width: 2438px) 100vw, 2438px\" \/><figcaption class=\"wp-block-jetpack-slideshow_caption gallery-caption\">Can Gorgs (M. Avellaneda 1936)<\/figcaption><\/figure><\/li><li class=\"wp-block-jetpack-slideshow_slide swiper-slide\"><figure><img loading=\"lazy\" decoding=\"async\" width=\"2013\" height=\"1482\" alt=\"\" class=\"wp-block-jetpack-slideshow_image wp-image-1245\" data-id=\"1245\" data-aspect-ratio=\"2013 \/ 1482\" src=\"https:\/\/blogs.terrassa.cat\/mateuavellaneda\/wp-content\/uploads\/sites\/6\/2025\/06\/14679-1-e1750929556263.jpg\" srcset=\"https:\/\/blogs.terrassa.cat\/mateuavellaneda\/wp-content\/uploads\/sites\/6\/2025\/06\/14679-1-e1750929556263.jpg 2013w, https:\/\/blogs.terrassa.cat\/mateuavellaneda\/wp-content\/uploads\/sites\/6\/2025\/06\/14679-1-e1750929556263-300x221.jpg 300w, https:\/\/blogs.terrassa.cat\/mateuavellaneda\/wp-content\/uploads\/sites\/6\/2025\/06\/14679-1-e1750929556263-1024x754.jpg 1024w, https:\/\/blogs.terrassa.cat\/mateuavellaneda\/wp-content\/uploads\/sites\/6\/2025\/06\/14679-1-e1750929556263-768x565.jpg 768w, https:\/\/blogs.terrassa.cat\/mateuavellaneda\/wp-content\/uploads\/sites\/6\/2025\/06\/14679-1-e1750929556263-1536x1131.jpg 1536w, https:\/\/blogs.terrassa.cat\/mateuavellaneda\/wp-content\/uploads\/sites\/6\/2025\/06\/14679-1-e1750929556263-1200x883.jpg 1200w, https:\/\/blogs.terrassa.cat\/mateuavellaneda\/wp-content\/uploads\/sites\/6\/2025\/06\/14679-1-e1750929556263-1980x1458.jpg 1980w\" sizes=\"(max-width: 2013px) 100vw, 2013px\" \/><figcaption class=\"wp-block-jetpack-slideshow_caption gallery-caption\">La s\u00ednia (M. Avellaneda 1930)<\/figcaption><\/figure><\/li><li class=\"wp-block-jetpack-slideshow_slide swiper-slide\"><figure><img loading=\"lazy\" decoding=\"async\" width=\"2006\" height=\"1420\" alt=\"\" class=\"wp-block-jetpack-slideshow_image wp-image-1244\" data-id=\"1244\" data-aspect-ratio=\"2006 \/ 1420\" src=\"https:\/\/blogs.terrassa.cat\/mateuavellaneda\/wp-content\/uploads\/sites\/6\/2025\/06\/14680-1-e1750929616636.jpg\" srcset=\"https:\/\/blogs.terrassa.cat\/mateuavellaneda\/wp-content\/uploads\/sites\/6\/2025\/06\/14680-1-e1750929616636.jpg 2006w, https:\/\/blogs.terrassa.cat\/mateuavellaneda\/wp-content\/uploads\/sites\/6\/2025\/06\/14680-1-e1750929616636-300x212.jpg 300w, https:\/\/blogs.terrassa.cat\/mateuavellaneda\/wp-content\/uploads\/sites\/6\/2025\/06\/14680-1-e1750929616636-1024x725.jpg 1024w, https:\/\/blogs.terrassa.cat\/mateuavellaneda\/wp-content\/uploads\/sites\/6\/2025\/06\/14680-1-e1750929616636-768x544.jpg 768w, https:\/\/blogs.terrassa.cat\/mateuavellaneda\/wp-content\/uploads\/sites\/6\/2025\/06\/14680-1-e1750929616636-1536x1087.jpg 1536w, https:\/\/blogs.terrassa.cat\/mateuavellaneda\/wp-content\/uploads\/sites\/6\/2025\/06\/14680-1-e1750929616636-1200x849.jpg 1200w, https:\/\/blogs.terrassa.cat\/mateuavellaneda\/wp-content\/uploads\/sites\/6\/2025\/06\/14680-1-e1750929616636-1980x1402.jpg 1980w\" sizes=\"(max-width: 2006px) 100vw, 2006px\" \/><figcaption class=\"wp-block-jetpack-slideshow_caption gallery-caption\">Pl\u00e0nol de la s\u00ednia (M. Avellaneda 1933)<\/figcaption><\/figure><\/li><\/ul><a class=\"wp-block-jetpack-slideshow_button-prev swiper-button-prev swiper-button-white\" role=\"button\"><\/a><a class=\"wp-block-jetpack-slideshow_button-next swiper-button-next swiper-button-white\" role=\"button\"><\/a><a aria-label=\"Pause Slideshow\" class=\"wp-block-jetpack-slideshow_button-pause\" role=\"button\"><\/a><div class=\"wp-block-jetpack-slideshow_pagination swiper-pagination swiper-pagination-white\"><\/div><\/div><\/div>\n\n\n\n<p class=\"has-text-align-left\">La masia de Can Gorgs, era una antiga masia rural documentada en el 1455 amb el nom de mas de les Arenes Jussanes, i que a partir del segle XVI adopt\u00e0 el nom actual per la fam\u00edlia Gorgs, propiet\u00e0ria de la finca. Amb una arquitectura t\u00edpica de masia catalana, planta baixa, dos pisos, teulada a dues aig\u00fces i un rellotge de sol a la fa\u00e7ana, va destacar com a centre agr\u00edcola amb vinyes, oliveres, pou, s\u00ednia i bassa de reg. Els seus terrenys abastaven una \u00e0mplia zona avui urbanitzada, comprenent l\u2019actual pla\u00e7a de Catalunya i l\u2019avinguda de Barcelona. Desapareguda entre 1965 i 1967 per donar pas a la urbanitzaci\u00f3 moderna, nom\u00e9s en queda el record topon\u00edmic (&#8220;pla\u00e7a de Can Gorgs&#8221;) i la mem\u00f2ria oral, que conserva imatges de masovers amb ramats, repartiment de llet amb carro i trobades socials a l\u2019era. Can Gorgs \u00e9s avui un s\u00edmbol de la transformaci\u00f3 de la Terrassa rural cap a la ciutat contempor\u00e0nia.<\/p>\n\n\n\n<p class=\"has-primary-color has-text-color has-background has-link-color wp-elements-a10bc289323b377c77d56c35df27db87\" style=\"background-color:#d30000;font-size:14px\">Adre\u00e7a: (desapareguda)<\/p>\n\n\n\n<div class=\"wp-block-buttons is-layout-flex wp-block-buttons-is-layout-flex\">\n<div class=\"wp-block-button\"><a class=\"wp-block-button__link wp-element-button\" href=\"https:\/\/blogs.terrassa.cat\/mateuavellaneda\/masies\/\">Torna<\/a><\/div>\n<\/div>\n","protected":false},"excerpt":{"rendered":"<p>La masia de Can Gorgs, era una antiga masia rural documentada en el 1455 amb el nom de mas de les Arenes Jussanes, i que a partir del segle XVI adopt\u00e0 el nom actual per la fam\u00edlia Gorgs, propiet\u00e0ria de la finca. Amb una arquitectura t\u00edpica de masia catalana, planta baixa, dos pisos, teulada a [&hellip;]<\/p>\n","protected":false},"author":8,"featured_media":0,"parent":0,"menu_order":0,"comment_status":"closed","ping_status":"closed","template":"","meta":{"footnotes":""},"class_list":["post-449","page","type-page","status-publish","hentry"],"jetpack_sharing_enabled":true,"_links":{"self":[{"href":"https:\/\/blogs.terrassa.cat\/mateuavellaneda\/wp-json\/wp\/v2\/pages\/449","targetHints":{"allow":["GET"]}}],"collection":[{"href":"https:\/\/blogs.terrassa.cat\/mateuavellaneda\/wp-json\/wp\/v2\/pages"}],"about":[{"href":"https:\/\/blogs.terrassa.cat\/mateuavellaneda\/wp-json\/wp\/v2\/types\/page"}],"author":[{"embeddable":true,"href":"https:\/\/blogs.terrassa.cat\/mateuavellaneda\/wp-json\/wp\/v2\/users\/8"}],"replies":[{"embeddable":true,"href":"https:\/\/blogs.terrassa.cat\/mateuavellaneda\/wp-json\/wp\/v2\/comments?post=449"}],"version-history":[{"count":10,"href":"https:\/\/blogs.terrassa.cat\/mateuavellaneda\/wp-json\/wp\/v2\/pages\/449\/revisions"}],"predecessor-version":[{"id":1988,"href":"https:\/\/blogs.terrassa.cat\/mateuavellaneda\/wp-json\/wp\/v2\/pages\/449\/revisions\/1988"}],"wp:attachment":[{"href":"https:\/\/blogs.terrassa.cat\/mateuavellaneda\/wp-json\/wp\/v2\/media?parent=449"}],"curies":[{"name":"wp","href":"https:\/\/api.w.org\/{rel}","templated":true}]}}