{"id":453,"date":"2025-06-19T11:20:42","date_gmt":"2025-06-19T09:20:42","guid":{"rendered":"https:\/\/portfolio34988.wordpress.com\/?page_id=453"},"modified":"2025-07-08T12:05:43","modified_gmt":"2025-07-08T10:05:43","slug":"can-missert","status":"publish","type":"page","link":"https:\/\/blogs.terrassa.cat\/mateuavellaneda\/can-missert\/","title":{"rendered":"Can Missert"},"content":{"rendered":"\n<div class=\"wp-block-jetpack-slideshow aligncenter is-style-rectangular\" data-effect=\"slide\"><div class=\"wp-block-jetpack-slideshow_container swiper-container\"><ul class=\"wp-block-jetpack-slideshow_swiper-wrapper swiper-wrapper\"><li class=\"wp-block-jetpack-slideshow_slide swiper-slide\"><figure><img decoding=\"async\" alt=\"\" class=\"wp-block-jetpack-slideshow_image wp-image-1305\" data-id=\"1305\" src=\"https:\/\/blogs.terrassa.cat\/mateuavellaneda\/wp-content\/uploads\/sites\/6\/2025\/06\/14701-e1750930209532.jpg\" \/><figcaption class=\"wp-block-jetpack-slideshow_caption gallery-caption\">Can Missert<\/figcaption><\/figure><\/li><li class=\"wp-block-jetpack-slideshow_slide swiper-slide\"><figure><img loading=\"lazy\" decoding=\"async\" width=\"1494\" height=\"1470\" alt=\"\" class=\"wp-block-jetpack-slideshow_image wp-image-1306\" data-id=\"1306\" src=\"https:\/\/blogs.terrassa.cat\/mateuavellaneda\/wp-content\/uploads\/sites\/6\/2025\/06\/14702-e1750930235397.jpg\" srcset=\"https:\/\/blogs.terrassa.cat\/mateuavellaneda\/wp-content\/uploads\/sites\/6\/2025\/06\/14702-e1750930235397.jpg 1494w, https:\/\/blogs.terrassa.cat\/mateuavellaneda\/wp-content\/uploads\/sites\/6\/2025\/06\/14702-e1750930235397-300x295.jpg 300w, https:\/\/blogs.terrassa.cat\/mateuavellaneda\/wp-content\/uploads\/sites\/6\/2025\/06\/14702-e1750930235397-1024x1008.jpg 1024w, https:\/\/blogs.terrassa.cat\/mateuavellaneda\/wp-content\/uploads\/sites\/6\/2025\/06\/14702-e1750930235397-768x756.jpg 768w, https:\/\/blogs.terrassa.cat\/mateuavellaneda\/wp-content\/uploads\/sites\/6\/2025\/06\/14702-e1750930235397-1200x1181.jpg 1200w\" sizes=\"(max-width: 1494px) 100vw, 1494px\" \/><figcaption class=\"wp-block-jetpack-slideshow_caption gallery-caption\">Interior de Can Missert<\/figcaption><\/figure><\/li><li class=\"wp-block-jetpack-slideshow_slide swiper-slide\"><figure><img loading=\"lazy\" decoding=\"async\" width=\"2032\" height=\"1356\" alt=\"\" class=\"wp-block-jetpack-slideshow_image wp-image-1307\" data-id=\"1307\" src=\"https:\/\/blogs.terrassa.cat\/mateuavellaneda\/wp-content\/uploads\/sites\/6\/2025\/06\/14704-e1750930266263.jpg\" srcset=\"https:\/\/blogs.terrassa.cat\/mateuavellaneda\/wp-content\/uploads\/sites\/6\/2025\/06\/14704-e1750930266263.jpg 2032w, https:\/\/blogs.terrassa.cat\/mateuavellaneda\/wp-content\/uploads\/sites\/6\/2025\/06\/14704-e1750930266263-300x200.jpg 300w, https:\/\/blogs.terrassa.cat\/mateuavellaneda\/wp-content\/uploads\/sites\/6\/2025\/06\/14704-e1750930266263-1024x683.jpg 1024w, https:\/\/blogs.terrassa.cat\/mateuavellaneda\/wp-content\/uploads\/sites\/6\/2025\/06\/14704-e1750930266263-768x513.jpg 768w, https:\/\/blogs.terrassa.cat\/mateuavellaneda\/wp-content\/uploads\/sites\/6\/2025\/06\/14704-e1750930266263-1536x1025.jpg 1536w, https:\/\/blogs.terrassa.cat\/mateuavellaneda\/wp-content\/uploads\/sites\/6\/2025\/06\/14704-e1750930266263-1200x801.jpg 1200w, https:\/\/blogs.terrassa.cat\/mateuavellaneda\/wp-content\/uploads\/sites\/6\/2025\/06\/14704-e1750930266263-1980x1321.jpg 1980w\" sizes=\"(max-width: 2032px) 100vw, 2032px\" \/><figcaption class=\"wp-block-jetpack-slideshow_caption gallery-caption\">Montserrat des de Can Missert<\/figcaption><\/figure><\/li><\/ul><a class=\"wp-block-jetpack-slideshow_button-prev swiper-button-prev swiper-button-white\" role=\"button\"><\/a><a class=\"wp-block-jetpack-slideshow_button-next swiper-button-next swiper-button-white\" role=\"button\"><\/a><a aria-label=\"Pause Slideshow\" class=\"wp-block-jetpack-slideshow_button-pause\" role=\"button\"><\/a><div class=\"wp-block-jetpack-slideshow_pagination swiper-pagination swiper-pagination-white\"><\/div><\/div><\/div>\n\n\n\n<p class=\"has-text-align-left\">Can Missert, tamb\u00e9 coneguda hist\u00f2ricament com a Mas Berenguer, Mas Purull de les Figueres o Fornells, era una antiga masia dels voltants de Terrassa que va desapar\u00e8ixer de manera abrupta. El 1558 ja consta documentada amb el nom de Francesch Purull com a propietari. Segons el testimoni d\u2019en Ricard Font, la masia encara es trobava en bon estat quan va ser visitada, per\u00f2 poc despr\u00e9s va ser completament enderrocada i el terreny, fins i tot, llaurat. L\u2019amo va justificar-ne l\u2019enderroc dient que ho va fer per expulsar ocupes. A m\u00e9s, en aquest indret s\u2019hi van descobrir enterraments de l\u2019\u00e8poca hallst\u00e0ttica, fet que dona valor arqueol\u00f2gic al lloc. Per a Font, la desaparici\u00f3 tant de Can Missert com de Can Mir \u00e9s una mostra clara de la manca de sensibilitat patrimonial dels seus propietaris.<\/p>\n\n\n\n<p class=\"has-background\" style=\"background-color:#d30000;font-size:14px\">Adre\u00e7a: (Desapareguda)<\/p>\n\n\n\n<div class=\"wp-block-buttons is-layout-flex wp-block-buttons-is-layout-flex\">\n<div class=\"wp-block-button\"><a class=\"wp-block-button__link wp-element-button\" href=\"https:\/\/blogs.terrassa.cat\/mateuavellaneda\/masies\/\">torna<\/a><\/div>\n<\/div>\n","protected":false},"excerpt":{"rendered":"<p>Can Missert, tamb\u00e9 coneguda hist\u00f2ricament com a Mas Berenguer, Mas Purull de les Figueres o Fornells, era una antiga masia dels voltants de Terrassa que va desapar\u00e8ixer de manera abrupta. El 1558 ja consta documentada amb el nom de Francesch Purull com a propietari. Segons el testimoni d\u2019en Ricard Font, la masia encara es trobava [&hellip;]<\/p>\n","protected":false},"author":8,"featured_media":0,"parent":0,"menu_order":0,"comment_status":"closed","ping_status":"closed","template":"","meta":{"footnotes":""},"class_list":["post-453","page","type-page","status-publish","hentry"],"jetpack_sharing_enabled":true,"_links":{"self":[{"href":"https:\/\/blogs.terrassa.cat\/mateuavellaneda\/wp-json\/wp\/v2\/pages\/453","targetHints":{"allow":["GET"]}}],"collection":[{"href":"https:\/\/blogs.terrassa.cat\/mateuavellaneda\/wp-json\/wp\/v2\/pages"}],"about":[{"href":"https:\/\/blogs.terrassa.cat\/mateuavellaneda\/wp-json\/wp\/v2\/types\/page"}],"author":[{"embeddable":true,"href":"https:\/\/blogs.terrassa.cat\/mateuavellaneda\/wp-json\/wp\/v2\/users\/8"}],"replies":[{"embeddable":true,"href":"https:\/\/blogs.terrassa.cat\/mateuavellaneda\/wp-json\/wp\/v2\/comments?post=453"}],"version-history":[{"count":5,"href":"https:\/\/blogs.terrassa.cat\/mateuavellaneda\/wp-json\/wp\/v2\/pages\/453\/revisions"}],"predecessor-version":[{"id":1933,"href":"https:\/\/blogs.terrassa.cat\/mateuavellaneda\/wp-json\/wp\/v2\/pages\/453\/revisions\/1933"}],"wp:attachment":[{"href":"https:\/\/blogs.terrassa.cat\/mateuavellaneda\/wp-json\/wp\/v2\/media?parent=453"}],"curies":[{"name":"wp","href":"https:\/\/api.w.org\/{rel}","templated":true}]}}