{"id":457,"date":"2025-06-19T10:06:30","date_gmt":"2025-06-19T08:06:30","guid":{"rendered":"https:\/\/portfolio34988.wordpress.com\/?page_id=457"},"modified":"2025-07-15T12:30:57","modified_gmt":"2025-07-15T10:30:57","slug":"can-pous","status":"publish","type":"page","link":"https:\/\/blogs.terrassa.cat\/mateuavellaneda\/can-pous\/","title":{"rendered":"Can Pous"},"content":{"rendered":"\n<div class=\"wp-block-jetpack-slideshow aligncenter\" data-effect=\"slide\" style=\"--aspect-ratio:calc(580 \/ 419)\"><div class=\"wp-block-jetpack-slideshow_container swiper-container\"><ul class=\"wp-block-jetpack-slideshow_swiper-wrapper swiper-wrapper\"><li class=\"wp-block-jetpack-slideshow_slide swiper-slide\"><figure><img loading=\"lazy\" decoding=\"async\" width=\"1024\" height=\"740\" alt=\"\" class=\"wp-block-jetpack-slideshow_image wp-image-1343\" data-id=\"1343\" data-aspect-ratio=\"580 \/ 419\" src=\"https:\/\/blogs.terrassa.cat\/mateuavellaneda\/wp-content\/uploads\/sites\/6\/2025\/06\/14706-1024x740.jpg\" srcset=\"https:\/\/blogs.terrassa.cat\/mateuavellaneda\/wp-content\/uploads\/sites\/6\/2025\/06\/14706-1024x740.jpg 1024w, https:\/\/blogs.terrassa.cat\/mateuavellaneda\/wp-content\/uploads\/sites\/6\/2025\/06\/14706-300x217.jpg 300w, https:\/\/blogs.terrassa.cat\/mateuavellaneda\/wp-content\/uploads\/sites\/6\/2025\/06\/14706-768x555.jpg 768w, https:\/\/blogs.terrassa.cat\/mateuavellaneda\/wp-content\/uploads\/sites\/6\/2025\/06\/14706-1536x1110.jpg 1536w, https:\/\/blogs.terrassa.cat\/mateuavellaneda\/wp-content\/uploads\/sites\/6\/2025\/06\/14706-2048x1480.jpg 2048w, https:\/\/blogs.terrassa.cat\/mateuavellaneda\/wp-content\/uploads\/sites\/6\/2025\/06\/14706-1200x867.jpg 1200w, https:\/\/blogs.terrassa.cat\/mateuavellaneda\/wp-content\/uploads\/sites\/6\/2025\/06\/14706-1980x1431.jpg 1980w\" sizes=\"(max-width: 1024px) 100vw, 1024px\" \/><figcaption class=\"wp-block-jetpack-slideshow_caption gallery-caption\">Dibuix de Can Pous. (M. Avellaneda 1933)  <\/figcaption><\/figure><\/li><li class=\"wp-block-jetpack-slideshow_slide swiper-slide\"><figure><img loading=\"lazy\" decoding=\"async\" width=\"735\" height=\"1024\" alt=\"\" class=\"wp-block-jetpack-slideshow_image wp-image-1344\" data-id=\"1344\" data-aspect-ratio=\"580 \/ 808\" src=\"https:\/\/blogs.terrassa.cat\/mateuavellaneda\/wp-content\/uploads\/sites\/6\/2025\/06\/14707-e1751009003734-735x1024.jpg\" srcset=\"https:\/\/blogs.terrassa.cat\/mateuavellaneda\/wp-content\/uploads\/sites\/6\/2025\/06\/14707-e1751009003734-735x1024.jpg 735w, https:\/\/blogs.terrassa.cat\/mateuavellaneda\/wp-content\/uploads\/sites\/6\/2025\/06\/14707-e1751009003734-215x300.jpg 215w, https:\/\/blogs.terrassa.cat\/mateuavellaneda\/wp-content\/uploads\/sites\/6\/2025\/06\/14707-e1751009003734-768x1070.jpg 768w, https:\/\/blogs.terrassa.cat\/mateuavellaneda\/wp-content\/uploads\/sites\/6\/2025\/06\/14707-e1751009003734-1103x1536.jpg 1103w, https:\/\/blogs.terrassa.cat\/mateuavellaneda\/wp-content\/uploads\/sites\/6\/2025\/06\/14707-e1751009003734-1200x1671.jpg 1200w, https:\/\/blogs.terrassa.cat\/mateuavellaneda\/wp-content\/uploads\/sites\/6\/2025\/06\/14707-e1751009003734.jpg 1438w\" sizes=\"(max-width: 735px) 100vw, 735px\" \/><figcaption class=\"wp-block-jetpack-slideshow_caption gallery-caption\">Can Pous. L&#8217;era i l&#8217;entrada. Al fons les esgl\u00e9sies de Sant Pere <\/figcaption><\/figure><\/li><li class=\"wp-block-jetpack-slideshow_slide swiper-slide\"><figure><img loading=\"lazy\" decoding=\"async\" width=\"759\" height=\"1024\" alt=\"\" class=\"wp-block-jetpack-slideshow_image wp-image-1342\" data-id=\"1342\" data-aspect-ratio=\"580 \/ 783\" src=\"https:\/\/blogs.terrassa.cat\/mateuavellaneda\/wp-content\/uploads\/sites\/6\/2025\/06\/14705-759x1024.jpg\" srcset=\"https:\/\/blogs.terrassa.cat\/mateuavellaneda\/wp-content\/uploads\/sites\/6\/2025\/06\/14705-759x1024.jpg 759w, https:\/\/blogs.terrassa.cat\/mateuavellaneda\/wp-content\/uploads\/sites\/6\/2025\/06\/14705-222x300.jpg 222w, https:\/\/blogs.terrassa.cat\/mateuavellaneda\/wp-content\/uploads\/sites\/6\/2025\/06\/14705-768x1036.jpg 768w, https:\/\/blogs.terrassa.cat\/mateuavellaneda\/wp-content\/uploads\/sites\/6\/2025\/06\/14705-1139x1536.jpg 1139w, https:\/\/blogs.terrassa.cat\/mateuavellaneda\/wp-content\/uploads\/sites\/6\/2025\/06\/14705-1518x2048.jpg 1518w, https:\/\/blogs.terrassa.cat\/mateuavellaneda\/wp-content\/uploads\/sites\/6\/2025\/06\/14705-1200x1619.jpg 1200w, https:\/\/blogs.terrassa.cat\/mateuavellaneda\/wp-content\/uploads\/sites\/6\/2025\/06\/14705.jpg 1521w\" sizes=\"(max-width: 759px) 100vw, 759px\" \/><figcaption class=\"wp-block-jetpack-slideshow_caption gallery-caption\"> Can Pous. Gr\u00e0fic del banc d&#8217;esc\u00f3  (M. Avellaneda 1933)<\/figcaption><\/figure><\/li><\/ul><a class=\"wp-block-jetpack-slideshow_button-prev swiper-button-prev swiper-button-white\" role=\"button\"><\/a><a class=\"wp-block-jetpack-slideshow_button-next swiper-button-next swiper-button-white\" role=\"button\"><\/a><a aria-label=\"Pause Slideshow\" class=\"wp-block-jetpack-slideshow_button-pause\" role=\"button\"><\/a><div class=\"wp-block-jetpack-slideshow_pagination swiper-pagination swiper-pagination-white\"><\/div><\/div><\/div>\n\n\n\n<p class=\"has-text-align-left\">Can Pous va ser una de les darreres masies que va resistir el pas del temps dins del nucli urb\u00e0 de Terrassa, situada al carrer Francesc Salvans, a tocar de la zona on actualment es troba la Llar de la Gent Gran i el convent dels Carmelitans. Durant molts anys va romandre dempeus malgrat la intensa urbanitzaci\u00f3 del seu entorn, fins que finalment va ser enderrocada a la d\u00e8cada dels 80. Totalment envoltada per blocs de pisos, es va convertir en un record viu per molts ve\u00efns, que la van veure com un s\u00edmbol del passat agr\u00edcola i rural de la ciutat. La seva ubicaci\u00f3 estrat\u00e8gica, en un punt de transici\u00f3 entre la Terrassa antiga i la nova expansi\u00f3 urban\u00edstica, fa que encara avui sigui recordada com una pe\u00e7a clau de la mem\u00f2ria local.<\/p>\n\n\n\n<p class=\"has-background\" style=\"background-color:#d30000;font-size:14px\">Adre\u00e7a: (desapareguda) <\/p>\n\n\n\n<div class=\"wp-block-buttons is-layout-flex wp-block-buttons-is-layout-flex\">\n<div class=\"wp-block-button\"><a class=\"wp-block-button__link wp-element-button\" href=\"https:\/\/blogs.terrassa.cat\/mateuavellaneda\/masies\/\">TORNA<\/a><\/div>\n<\/div>\n","protected":false},"excerpt":{"rendered":"<p>Can Pous va ser una de les darreres masies que va resistir el pas del temps dins del nucli urb\u00e0 de Terrassa, situada al carrer Francesc Salvans, a tocar de la zona on actualment es troba la Llar de la Gent Gran i el convent dels Carmelitans. Durant molts anys va romandre dempeus malgrat la [&hellip;]<\/p>\n","protected":false},"author":8,"featured_media":0,"parent":0,"menu_order":0,"comment_status":"closed","ping_status":"closed","template":"","meta":{"footnotes":""},"class_list":["post-457","page","type-page","status-publish","hentry"],"jetpack_sharing_enabled":true,"_links":{"self":[{"href":"https:\/\/blogs.terrassa.cat\/mateuavellaneda\/wp-json\/wp\/v2\/pages\/457","targetHints":{"allow":["GET"]}}],"collection":[{"href":"https:\/\/blogs.terrassa.cat\/mateuavellaneda\/wp-json\/wp\/v2\/pages"}],"about":[{"href":"https:\/\/blogs.terrassa.cat\/mateuavellaneda\/wp-json\/wp\/v2\/types\/page"}],"author":[{"embeddable":true,"href":"https:\/\/blogs.terrassa.cat\/mateuavellaneda\/wp-json\/wp\/v2\/users\/8"}],"replies":[{"embeddable":true,"href":"https:\/\/blogs.terrassa.cat\/mateuavellaneda\/wp-json\/wp\/v2\/comments?post=457"}],"version-history":[{"count":6,"href":"https:\/\/blogs.terrassa.cat\/mateuavellaneda\/wp-json\/wp\/v2\/pages\/457\/revisions"}],"predecessor-version":[{"id":1994,"href":"https:\/\/blogs.terrassa.cat\/mateuavellaneda\/wp-json\/wp\/v2\/pages\/457\/revisions\/1994"}],"wp:attachment":[{"href":"https:\/\/blogs.terrassa.cat\/mateuavellaneda\/wp-json\/wp\/v2\/media?parent=457"}],"curies":[{"name":"wp","href":"https:\/\/api.w.org\/{rel}","templated":true}]}}