{"id":471,"date":"2025-06-09T13:42:16","date_gmt":"2025-06-09T11:42:16","guid":{"rendered":"https:\/\/portfolio34988.wordpress.com\/?page_id=471"},"modified":"2025-06-30T11:46:36","modified_gmt":"2025-06-30T09:46:36","slug":"can-sabater-de-santa-margarida","status":"publish","type":"page","link":"https:\/\/blogs.terrassa.cat\/mateuavellaneda\/can-sabater-de-santa-margarida\/","title":{"rendered":"Can Sabater de Santa Margarida"},"content":{"rendered":"\n<p class=\"has-text-align-left\">La Masia de Can Sabater del Pla, documentada en 1455, es trobava al cam\u00ed dels Monjos, ruta que connectava els monestirs de Sant Cugat i Sant Lloren\u00e7 del Munt. Va ser enderrocada el 1974 per la construcci\u00f3 de l\u2019autopista A-18, i el seu lloc actual es correspon amb l&#8217;\u00e0rea propera al centre comercial Carrefour de Terrassa. La seva destrucci\u00f3 va suposar la p\u00e8rdua d&#8217;un element important del patrimoni hist\u00f2ric de la ciutat.<\/p>\n\n\n\n<div class=\"wp-block-jetpack-slideshow aligncenter\" data-effect=\"slide\"><div class=\"wp-block-jetpack-slideshow_container swiper-container\"><ul class=\"wp-block-jetpack-slideshow_swiper-wrapper swiper-wrapper\"><li class=\"wp-block-jetpack-slideshow_slide swiper-slide\"><figure><img loading=\"lazy\" decoding=\"async\" width=\"1960\" height=\"1373\" alt=\"\" class=\"wp-block-jetpack-slideshow_image wp-image-1355\" data-id=\"1355\" src=\"https:\/\/blogs.terrassa.cat\/mateuavellaneda\/wp-content\/uploads\/sites\/6\/2025\/06\/14781-e1751009201750.jpg\" srcset=\"https:\/\/blogs.terrassa.cat\/mateuavellaneda\/wp-content\/uploads\/sites\/6\/2025\/06\/14781-e1751009201750.jpg 1960w, https:\/\/blogs.terrassa.cat\/mateuavellaneda\/wp-content\/uploads\/sites\/6\/2025\/06\/14781-e1751009201750-300x210.jpg 300w, https:\/\/blogs.terrassa.cat\/mateuavellaneda\/wp-content\/uploads\/sites\/6\/2025\/06\/14781-e1751009201750-1024x717.jpg 1024w, https:\/\/blogs.terrassa.cat\/mateuavellaneda\/wp-content\/uploads\/sites\/6\/2025\/06\/14781-e1751009201750-768x538.jpg 768w, https:\/\/blogs.terrassa.cat\/mateuavellaneda\/wp-content\/uploads\/sites\/6\/2025\/06\/14781-e1751009201750-1536x1076.jpg 1536w, https:\/\/blogs.terrassa.cat\/mateuavellaneda\/wp-content\/uploads\/sites\/6\/2025\/06\/14781-e1751009201750-1200x841.jpg 1200w\" sizes=\"(max-width: 1960px) 100vw, 1960px\" \/><figcaption class=\"wp-block-jetpack-slideshow_caption gallery-caption\"> Can Sabater de Santa Margarida (M.Avellaneda 1933)<\/figcaption><\/figure><\/li><li class=\"wp-block-jetpack-slideshow_slide swiper-slide\"><figure><img loading=\"lazy\" decoding=\"async\" width=\"1946\" height=\"1395\" alt=\"\" class=\"wp-block-jetpack-slideshow_image wp-image-1352\" data-id=\"1352\" src=\"https:\/\/blogs.terrassa.cat\/mateuavellaneda\/wp-content\/uploads\/sites\/6\/2025\/06\/14778-e1751009233947.jpg\" srcset=\"https:\/\/blogs.terrassa.cat\/mateuavellaneda\/wp-content\/uploads\/sites\/6\/2025\/06\/14778-e1751009233947.jpg 1946w, https:\/\/blogs.terrassa.cat\/mateuavellaneda\/wp-content\/uploads\/sites\/6\/2025\/06\/14778-e1751009233947-300x215.jpg 300w, https:\/\/blogs.terrassa.cat\/mateuavellaneda\/wp-content\/uploads\/sites\/6\/2025\/06\/14778-e1751009233947-1024x734.jpg 1024w, https:\/\/blogs.terrassa.cat\/mateuavellaneda\/wp-content\/uploads\/sites\/6\/2025\/06\/14778-e1751009233947-768x551.jpg 768w, https:\/\/blogs.terrassa.cat\/mateuavellaneda\/wp-content\/uploads\/sites\/6\/2025\/06\/14778-e1751009233947-1536x1101.jpg 1536w, https:\/\/blogs.terrassa.cat\/mateuavellaneda\/wp-content\/uploads\/sites\/6\/2025\/06\/14778-e1751009233947-1200x860.jpg 1200w\" sizes=\"(max-width: 1946px) 100vw, 1946px\" \/><figcaption class=\"wp-block-jetpack-slideshow_caption gallery-caption\"> Can Sabater de Santa Margarida. L\u00b4entrada. (M.Avellaneda 1933)<\/figcaption><\/figure><\/li><li class=\"wp-block-jetpack-slideshow_slide swiper-slide\"><figure><img decoding=\"async\" alt=\"\" class=\"wp-block-jetpack-slideshow_image wp-image-1353\" data-id=\"1353\" src=\"https:\/\/blogs.terrassa.cat\/mateuavellaneda\/wp-content\/uploads\/sites\/6\/2025\/06\/14780-e1751009266219.jpg\" \/><figcaption class=\"wp-block-jetpack-slideshow_caption gallery-caption\"> Can Sabater de Santa Margarida (M.Avellaneda 1933)<\/figcaption><\/figure><\/li><li class=\"wp-block-jetpack-slideshow_slide swiper-slide\"><figure><img loading=\"lazy\" decoding=\"async\" width=\"1440\" height=\"1862\" alt=\"\" class=\"wp-block-jetpack-slideshow_image wp-image-1354\" data-id=\"1354\" src=\"https:\/\/blogs.terrassa.cat\/mateuavellaneda\/wp-content\/uploads\/sites\/6\/2025\/06\/14784-e1751009305807.jpg\" srcset=\"https:\/\/blogs.terrassa.cat\/mateuavellaneda\/wp-content\/uploads\/sites\/6\/2025\/06\/14784-e1751009305807.jpg 1440w, https:\/\/blogs.terrassa.cat\/mateuavellaneda\/wp-content\/uploads\/sites\/6\/2025\/06\/14784-e1751009305807-232x300.jpg 232w, https:\/\/blogs.terrassa.cat\/mateuavellaneda\/wp-content\/uploads\/sites\/6\/2025\/06\/14784-e1751009305807-792x1024.jpg 792w, https:\/\/blogs.terrassa.cat\/mateuavellaneda\/wp-content\/uploads\/sites\/6\/2025\/06\/14784-e1751009305807-768x993.jpg 768w, https:\/\/blogs.terrassa.cat\/mateuavellaneda\/wp-content\/uploads\/sites\/6\/2025\/06\/14784-e1751009305807-1188x1536.jpg 1188w, https:\/\/blogs.terrassa.cat\/mateuavellaneda\/wp-content\/uploads\/sites\/6\/2025\/06\/14784-e1751009305807-1200x1552.jpg 1200w\" sizes=\"(max-width: 1440px) 100vw, 1440px\" \/><figcaption class=\"wp-block-jetpack-slideshow_caption gallery-caption\">Can Sabater de Santa Margarida. Rellotge de sol. (M.Avellaneda 1933)<\/figcaption><\/figure><\/li><\/ul><a class=\"wp-block-jetpack-slideshow_button-prev swiper-button-prev swiper-button-white\" role=\"button\"><\/a><a class=\"wp-block-jetpack-slideshow_button-next swiper-button-next swiper-button-white\" role=\"button\"><\/a><a aria-label=\"Pause Slideshow\" class=\"wp-block-jetpack-slideshow_button-pause\" role=\"button\"><\/a><div class=\"wp-block-jetpack-slideshow_pagination swiper-pagination swiper-pagination-white\"><\/div><\/div><\/div>\n\n\n\n<p class=\"has-background\" style=\"background-color:#d30000;font-size:14px\">Adre\u00e7a: (desapareguda)<\/p>\n\n\n\n<div class=\"wp-block-buttons is-layout-flex wp-block-buttons-is-layout-flex\">\n<div class=\"wp-block-button\"><a class=\"wp-block-button__link wp-element-button\" href=\"https:\/\/blogs.terrassa.cat\/mateuavellaneda\/masies\/\">TORNA<\/a><\/div>\n<\/div>\n\n\n\n<p><\/p>\n","protected":false},"excerpt":{"rendered":"<p>La Masia de Can Sabater del Pla, documentada en 1455, es trobava al cam\u00ed dels Monjos, ruta que connectava els monestirs de Sant Cugat i Sant Lloren\u00e7 del Munt. Va ser enderrocada el 1974 per la construcci\u00f3 de l\u2019autopista A-18, i el seu lloc actual es correspon amb l&#8217;\u00e0rea propera al centre comercial Carrefour de [&hellip;]<\/p>\n","protected":false},"author":8,"featured_media":0,"parent":0,"menu_order":0,"comment_status":"closed","ping_status":"closed","template":"","meta":{"footnotes":""},"class_list":["post-471","page","type-page","status-publish","hentry"],"jetpack_sharing_enabled":true,"_links":{"self":[{"href":"https:\/\/blogs.terrassa.cat\/mateuavellaneda\/wp-json\/wp\/v2\/pages\/471","targetHints":{"allow":["GET"]}}],"collection":[{"href":"https:\/\/blogs.terrassa.cat\/mateuavellaneda\/wp-json\/wp\/v2\/pages"}],"about":[{"href":"https:\/\/blogs.terrassa.cat\/mateuavellaneda\/wp-json\/wp\/v2\/types\/page"}],"author":[{"embeddable":true,"href":"https:\/\/blogs.terrassa.cat\/mateuavellaneda\/wp-json\/wp\/v2\/users\/8"}],"replies":[{"embeddable":true,"href":"https:\/\/blogs.terrassa.cat\/mateuavellaneda\/wp-json\/wp\/v2\/comments?post=471"}],"version-history":[{"count":5,"href":"https:\/\/blogs.terrassa.cat\/mateuavellaneda\/wp-json\/wp\/v2\/pages\/471\/revisions"}],"predecessor-version":[{"id":1740,"href":"https:\/\/blogs.terrassa.cat\/mateuavellaneda\/wp-json\/wp\/v2\/pages\/471\/revisions\/1740"}],"wp:attachment":[{"href":"https:\/\/blogs.terrassa.cat\/mateuavellaneda\/wp-json\/wp\/v2\/media?parent=471"}],"curies":[{"name":"wp","href":"https:\/\/api.w.org\/{rel}","templated":true}]}}