{"id":479,"date":"2025-06-19T10:54:41","date_gmt":"2025-06-19T08:54:41","guid":{"rendered":"https:\/\/portfolio34988.wordpress.com\/?page_id=479"},"modified":"2025-07-08T12:14:16","modified_gmt":"2025-07-08T10:14:16","slug":"can-trullas","status":"publish","type":"page","link":"https:\/\/blogs.terrassa.cat\/mateuavellaneda\/can-trullas\/","title":{"rendered":"Can Trull\u00e0s"},"content":{"rendered":"\n<figure class=\"wp-block-image size-full is-resized\"><img loading=\"lazy\" decoding=\"async\" width=\"1024\" height=\"768\" src=\"https:\/\/blogs.terrassa.cat\/mateuavellaneda\/wp-content\/uploads\/sites\/6\/2025\/06\/330947009.jpg\" alt=\"\" class=\"wp-image-1364\" style=\"width:591px;height:auto\" srcset=\"https:\/\/blogs.terrassa.cat\/mateuavellaneda\/wp-content\/uploads\/sites\/6\/2025\/06\/330947009.jpg 1024w, https:\/\/blogs.terrassa.cat\/mateuavellaneda\/wp-content\/uploads\/sites\/6\/2025\/06\/330947009-300x225.jpg 300w, https:\/\/blogs.terrassa.cat\/mateuavellaneda\/wp-content\/uploads\/sites\/6\/2025\/06\/330947009-768x576.jpg 768w\" sizes=\"auto, (max-width: 1024px) 100vw, 1024px\" \/><figcaption class=\"wp-element-caption\">La Masia de Can Trull\u00e0s actualment<\/figcaption><\/figure>\n\n\n\n<p class=\"has-text-align-left\">La masia de Can Trull\u00e0s, situada a Viladecavalls, \u00e9s una de les construccions rurals m\u00e9s antigues del municipi, documentada des del segle XIII. Conserva elements arquitect\u00f2nics destacats com portals d&#8217;arc de mig punt i apuntat, i arcs interiors de pedra, fruit de reformes entre els segles XVII i XX. Actualment, la masia ha estat restaurada i funciona com un espai de vacances, amb totes les comoditats modernes, inclosa una piscina, mantenint alhora el seu encant rural. Est\u00e0 protegida com a b\u00e9 cultural d\u2019inter\u00e8s local, i al seu entorn s\u2019han trobat restes d\u2019\u00e8poca romana.<\/p>\n\n\n\n<div class=\"wp-block-jetpack-slideshow aligncenter\" data-effect=\"slide\"><div class=\"wp-block-jetpack-slideshow_container swiper-container\"><ul class=\"wp-block-jetpack-slideshow_swiper-wrapper swiper-wrapper\"><li class=\"wp-block-jetpack-slideshow_slide swiper-slide\"><figure><img loading=\"lazy\" decoding=\"async\" width=\"718\" height=\"1024\" alt=\"\" class=\"wp-block-jetpack-slideshow_image wp-image-1369\" data-id=\"1369\" src=\"https:\/\/blogs.terrassa.cat\/mateuavellaneda\/wp-content\/uploads\/sites\/6\/2025\/06\/14715-718x1024.jpg\" srcset=\"https:\/\/blogs.terrassa.cat\/mateuavellaneda\/wp-content\/uploads\/sites\/6\/2025\/06\/14715-718x1024.jpg 718w, https:\/\/blogs.terrassa.cat\/mateuavellaneda\/wp-content\/uploads\/sites\/6\/2025\/06\/14715-210x300.jpg 210w, https:\/\/blogs.terrassa.cat\/mateuavellaneda\/wp-content\/uploads\/sites\/6\/2025\/06\/14715-768x1096.jpg 768w, https:\/\/blogs.terrassa.cat\/mateuavellaneda\/wp-content\/uploads\/sites\/6\/2025\/06\/14715-1077x1536.jpg 1077w, https:\/\/blogs.terrassa.cat\/mateuavellaneda\/wp-content\/uploads\/sites\/6\/2025\/06\/14715-1436x2048.jpg 1436w, https:\/\/blogs.terrassa.cat\/mateuavellaneda\/wp-content\/uploads\/sites\/6\/2025\/06\/14715-1200x1712.jpg 1200w, https:\/\/blogs.terrassa.cat\/mateuavellaneda\/wp-content\/uploads\/sites\/6\/2025\/06\/14715-1980x2824.jpg 1980w, https:\/\/blogs.terrassa.cat\/mateuavellaneda\/wp-content\/uploads\/sites\/6\/2025\/06\/14715-scaled.jpg 1795w\" sizes=\"(max-width: 718px) 100vw, 718px\" \/><\/figure><\/li><li class=\"wp-block-jetpack-slideshow_slide swiper-slide\"><figure><img decoding=\"async\" alt=\"\" class=\"wp-block-jetpack-slideshow_image wp-image-1368\" data-id=\"1368\" src=\"https:\/\/blogs.terrassa.cat\/mateuavellaneda\/wp-content\/uploads\/sites\/6\/2025\/06\/14712-1024x786.jpg\" \/><\/figure><\/li><li class=\"wp-block-jetpack-slideshow_slide swiper-slide\"><figure><img loading=\"lazy\" decoding=\"async\" width=\"661\" height=\"1024\" alt=\"\" class=\"wp-block-jetpack-slideshow_image wp-image-1367\" data-id=\"1367\" src=\"https:\/\/blogs.terrassa.cat\/mateuavellaneda\/wp-content\/uploads\/sites\/6\/2025\/06\/14725-2-scaled-e1751010041831-661x1024.jpg\" srcset=\"https:\/\/blogs.terrassa.cat\/mateuavellaneda\/wp-content\/uploads\/sites\/6\/2025\/06\/14725-2-scaled-e1751010041831-661x1024.jpg 661w, https:\/\/blogs.terrassa.cat\/mateuavellaneda\/wp-content\/uploads\/sites\/6\/2025\/06\/14725-2-scaled-e1751010041831-194x300.jpg 194w, https:\/\/blogs.terrassa.cat\/mateuavellaneda\/wp-content\/uploads\/sites\/6\/2025\/06\/14725-2-scaled-e1751010041831-768x1190.jpg 768w, https:\/\/blogs.terrassa.cat\/mateuavellaneda\/wp-content\/uploads\/sites\/6\/2025\/06\/14725-2-scaled-e1751010041831-991x1536.jpg 991w, https:\/\/blogs.terrassa.cat\/mateuavellaneda\/wp-content\/uploads\/sites\/6\/2025\/06\/14725-2-scaled-e1751010041831-1322x2048.jpg 1322w, https:\/\/blogs.terrassa.cat\/mateuavellaneda\/wp-content\/uploads\/sites\/6\/2025\/06\/14725-2-scaled-e1751010041831-1200x1859.jpg 1200w, https:\/\/blogs.terrassa.cat\/mateuavellaneda\/wp-content\/uploads\/sites\/6\/2025\/06\/14725-2-scaled-e1751010041831.jpg 1620w\" sizes=\"(max-width: 661px) 100vw, 661px\" \/><\/figure><\/li><li class=\"wp-block-jetpack-slideshow_slide swiper-slide\"><figure><img decoding=\"async\" alt=\"\" class=\"wp-block-jetpack-slideshow_image wp-image-1366\" data-id=\"1366\" src=\"https:\/\/blogs.terrassa.cat\/mateuavellaneda\/wp-content\/uploads\/sites\/6\/2025\/06\/14724-743x1024.jpg\" \/><\/figure><\/li><li class=\"wp-block-jetpack-slideshow_slide swiper-slide\"><figure><img decoding=\"async\" alt=\"\" class=\"wp-block-jetpack-slideshow_image wp-image-1365\" data-id=\"1365\" src=\"https:\/\/blogs.terrassa.cat\/mateuavellaneda\/wp-content\/uploads\/sites\/6\/2025\/06\/14721-865x1024.jpg\" \/><\/figure><\/li><\/ul><a class=\"wp-block-jetpack-slideshow_button-prev swiper-button-prev swiper-button-white\" role=\"button\"><\/a><a class=\"wp-block-jetpack-slideshow_button-next swiper-button-next swiper-button-white\" role=\"button\"><\/a><a aria-label=\"Pause Slideshow\" class=\"wp-block-jetpack-slideshow_button-pause\" role=\"button\"><\/a><div class=\"wp-block-jetpack-slideshow_pagination swiper-pagination swiper-pagination-white\"><\/div><\/div><\/div>\n\n\n\n<p class=\"has-background\" style=\"background-color:#d30000;font-size:14px\">Adre\u00e7a:<a href=\"https:\/\/www.google.es\/maps\/place\/Masia+Can+Trull%C3%A0s\/@41.5547631,1.939125,948m\/data=!3m1!1e3!4m6!3m5!1s0x12a48d003aef6483:0x95fe9aea89e545cd!8m2!3d41.552546!4d1.9436722!16s%2Fg%2F11lyz8w0sn?hl=es&amp;entry=ttu&amp;g_ep=EgoyMDI1MDYxNi4wIKXMDSoASAFQAw%3D%3D\" data-type=\"link\" data-id=\"https:\/\/www.google.es\/maps\/place\/Masia+Can+Trull%C3%A0s\/@41.5547631,1.939125,948m\/data=!3m1!1e3!4m6!3m5!1s0x12a48d003aef6483:0x95fe9aea89e545cd!8m2!3d41.552546!4d1.9436722!16s%2Fg%2F11lyz8w0sn?hl=es&amp;entry=ttu&amp;g_ep=EgoyMDI1MDYxNi4wIKXMDSoASAFQAw%3D%3D\"> Carretera Olesa, 08232 Viladecavalls, Barcelona<\/a><\/p>\n\n\n\n<div class=\"wp-block-buttons is-layout-flex wp-block-buttons-is-layout-flex\">\n<div class=\"wp-block-button\"><a class=\"wp-block-button__link wp-element-button\" href=\"https:\/\/blogs.terrassa.cat\/mateuavellaneda\/masies\/\">Torna<\/a><\/div>\n<\/div>\n\n\n\n<p><\/p>\n","protected":false},"excerpt":{"rendered":"<p>La masia de Can Trull\u00e0s, situada a Viladecavalls, \u00e9s una de les construccions rurals m\u00e9s antigues del municipi, documentada des del segle XIII. Conserva elements arquitect\u00f2nics destacats com portals d&#8217;arc de mig punt i apuntat, i arcs interiors de pedra, fruit de reformes entre els segles XVII i XX. Actualment, la masia ha estat restaurada [&hellip;]<\/p>\n","protected":false},"author":8,"featured_media":0,"parent":0,"menu_order":0,"comment_status":"closed","ping_status":"closed","template":"","meta":{"footnotes":""},"class_list":["post-479","page","type-page","status-publish","hentry"],"jetpack_sharing_enabled":true,"_links":{"self":[{"href":"https:\/\/blogs.terrassa.cat\/mateuavellaneda\/wp-json\/wp\/v2\/pages\/479","targetHints":{"allow":["GET"]}}],"collection":[{"href":"https:\/\/blogs.terrassa.cat\/mateuavellaneda\/wp-json\/wp\/v2\/pages"}],"about":[{"href":"https:\/\/blogs.terrassa.cat\/mateuavellaneda\/wp-json\/wp\/v2\/types\/page"}],"author":[{"embeddable":true,"href":"https:\/\/blogs.terrassa.cat\/mateuavellaneda\/wp-json\/wp\/v2\/users\/8"}],"replies":[{"embeddable":true,"href":"https:\/\/blogs.terrassa.cat\/mateuavellaneda\/wp-json\/wp\/v2\/comments?post=479"}],"version-history":[{"count":5,"href":"https:\/\/blogs.terrassa.cat\/mateuavellaneda\/wp-json\/wp\/v2\/pages\/479\/revisions"}],"predecessor-version":[{"id":1937,"href":"https:\/\/blogs.terrassa.cat\/mateuavellaneda\/wp-json\/wp\/v2\/pages\/479\/revisions\/1937"}],"wp:attachment":[{"href":"https:\/\/blogs.terrassa.cat\/mateuavellaneda\/wp-json\/wp\/v2\/media?parent=479"}],"curies":[{"name":"wp","href":"https:\/\/api.w.org\/{rel}","templated":true}]}}