{"id":487,"date":"2025-06-19T11:08:57","date_gmt":"2025-06-19T09:08:57","guid":{"rendered":"https:\/\/portfolio34988.wordpress.com\/?page_id=487"},"modified":"2025-07-04T11:08:44","modified_gmt":"2025-07-04T09:08:44","slug":"can-viloca","status":"publish","type":"page","link":"https:\/\/blogs.terrassa.cat\/mateuavellaneda\/can-viloca\/","title":{"rendered":"Can Viloca"},"content":{"rendered":"\n<div class=\"wp-block-jetpack-slideshow aligncenter\" data-effect=\"slide\"><div class=\"wp-block-jetpack-slideshow_container swiper-container\"><ul class=\"wp-block-jetpack-slideshow_swiper-wrapper swiper-wrapper\"><li class=\"wp-block-jetpack-slideshow_slide swiper-slide\"><figure><img loading=\"lazy\" decoding=\"async\" width=\"1443\" height=\"1988\" alt=\"\" class=\"wp-block-jetpack-slideshow_image wp-image-1374\" data-id=\"1374\" src=\"https:\/\/blogs.terrassa.cat\/mateuavellaneda\/wp-content\/uploads\/sites\/6\/2025\/06\/12039-1-e1751013041574.jpg\" srcset=\"https:\/\/blogs.terrassa.cat\/mateuavellaneda\/wp-content\/uploads\/sites\/6\/2025\/06\/12039-1-e1751013041574.jpg 1443w, https:\/\/blogs.terrassa.cat\/mateuavellaneda\/wp-content\/uploads\/sites\/6\/2025\/06\/12039-1-e1751013041574-218x300.jpg 218w, https:\/\/blogs.terrassa.cat\/mateuavellaneda\/wp-content\/uploads\/sites\/6\/2025\/06\/12039-1-e1751013041574-743x1024.jpg 743w, https:\/\/blogs.terrassa.cat\/mateuavellaneda\/wp-content\/uploads\/sites\/6\/2025\/06\/12039-1-e1751013041574-768x1058.jpg 768w, https:\/\/blogs.terrassa.cat\/mateuavellaneda\/wp-content\/uploads\/sites\/6\/2025\/06\/12039-1-e1751013041574-1115x1536.jpg 1115w, https:\/\/blogs.terrassa.cat\/mateuavellaneda\/wp-content\/uploads\/sites\/6\/2025\/06\/12039-1-e1751013041574-1200x1653.jpg 1200w\" sizes=\"(max-width: 1443px) 100vw, 1443px\" \/><figcaption class=\"wp-block-jetpack-slideshow_caption gallery-caption\"> Can Viloca. Pou de la casa vella Can Viloca. Pou de la casa vella (M.Avellaneda 1935) <\/figcaption><\/figure><\/li><li class=\"wp-block-jetpack-slideshow_slide swiper-slide\"><figure><img loading=\"lazy\" decoding=\"async\" width=\"2079\" height=\"1476\" alt=\"\" class=\"wp-block-jetpack-slideshow_image wp-image-1375\" data-id=\"1375\" src=\"https:\/\/blogs.terrassa.cat\/mateuavellaneda\/wp-content\/uploads\/sites\/6\/2025\/06\/14727.jpg\" srcset=\"https:\/\/blogs.terrassa.cat\/mateuavellaneda\/wp-content\/uploads\/sites\/6\/2025\/06\/14727.jpg 2079w, https:\/\/blogs.terrassa.cat\/mateuavellaneda\/wp-content\/uploads\/sites\/6\/2025\/06\/14727-300x213.jpg 300w, https:\/\/blogs.terrassa.cat\/mateuavellaneda\/wp-content\/uploads\/sites\/6\/2025\/06\/14727-1024x727.jpg 1024w, https:\/\/blogs.terrassa.cat\/mateuavellaneda\/wp-content\/uploads\/sites\/6\/2025\/06\/14727-768x545.jpg 768w, https:\/\/blogs.terrassa.cat\/mateuavellaneda\/wp-content\/uploads\/sites\/6\/2025\/06\/14727-1536x1090.jpg 1536w, https:\/\/blogs.terrassa.cat\/mateuavellaneda\/wp-content\/uploads\/sites\/6\/2025\/06\/14727-2048x1454.jpg 2048w, https:\/\/blogs.terrassa.cat\/mateuavellaneda\/wp-content\/uploads\/sites\/6\/2025\/06\/14727-1200x852.jpg 1200w, https:\/\/blogs.terrassa.cat\/mateuavellaneda\/wp-content\/uploads\/sites\/6\/2025\/06\/14727-1980x1406.jpg 1980w\" sizes=\"(max-width: 2079px) 100vw, 2079px\" \/><figcaption class=\"wp-block-jetpack-slideshow_caption gallery-caption\">Runes de la casa vella (M.Avellaneda 1935) <\/figcaption><\/figure><\/li><li class=\"wp-block-jetpack-slideshow_slide swiper-slide\"><figure><img loading=\"lazy\" decoding=\"async\" width=\"1483\" height=\"2042\" alt=\"\" class=\"wp-block-jetpack-slideshow_image wp-image-1376\" data-id=\"1376\" src=\"https:\/\/blogs.terrassa.cat\/mateuavellaneda\/wp-content\/uploads\/sites\/6\/2025\/06\/14723-e1751013088572.jpg\" srcset=\"https:\/\/blogs.terrassa.cat\/mateuavellaneda\/wp-content\/uploads\/sites\/6\/2025\/06\/14723-e1751013088572.jpg 1483w, https:\/\/blogs.terrassa.cat\/mateuavellaneda\/wp-content\/uploads\/sites\/6\/2025\/06\/14723-e1751013088572-218x300.jpg 218w, https:\/\/blogs.terrassa.cat\/mateuavellaneda\/wp-content\/uploads\/sites\/6\/2025\/06\/14723-e1751013088572-744x1024.jpg 744w, https:\/\/blogs.terrassa.cat\/mateuavellaneda\/wp-content\/uploads\/sites\/6\/2025\/06\/14723-e1751013088572-768x1057.jpg 768w, https:\/\/blogs.terrassa.cat\/mateuavellaneda\/wp-content\/uploads\/sites\/6\/2025\/06\/14723-e1751013088572-1116x1536.jpg 1116w, https:\/\/blogs.terrassa.cat\/mateuavellaneda\/wp-content\/uploads\/sites\/6\/2025\/06\/14723-e1751013088572-1200x1652.jpg 1200w\" sizes=\"(max-width: 1483px) 100vw, 1483px\" \/><figcaption class=\"wp-block-jetpack-slideshow_caption gallery-caption\">Safareig de la casa vella (M.Avellaneda 1935) <\/figcaption><\/figure><\/li><li class=\"wp-block-jetpack-slideshow_slide swiper-slide\"><figure><img loading=\"lazy\" decoding=\"async\" width=\"1463\" height=\"2028\" alt=\"\" class=\"wp-block-jetpack-slideshow_image wp-image-1377\" data-id=\"1377\" src=\"https:\/\/blogs.terrassa.cat\/mateuavellaneda\/wp-content\/uploads\/sites\/6\/2025\/06\/14726-e1751013125974.jpg\" srcset=\"https:\/\/blogs.terrassa.cat\/mateuavellaneda\/wp-content\/uploads\/sites\/6\/2025\/06\/14726-e1751013125974.jpg 1463w, https:\/\/blogs.terrassa.cat\/mateuavellaneda\/wp-content\/uploads\/sites\/6\/2025\/06\/14726-e1751013125974-216x300.jpg 216w, https:\/\/blogs.terrassa.cat\/mateuavellaneda\/wp-content\/uploads\/sites\/6\/2025\/06\/14726-e1751013125974-739x1024.jpg 739w, https:\/\/blogs.terrassa.cat\/mateuavellaneda\/wp-content\/uploads\/sites\/6\/2025\/06\/14726-e1751013125974-768x1065.jpg 768w, https:\/\/blogs.terrassa.cat\/mateuavellaneda\/wp-content\/uploads\/sites\/6\/2025\/06\/14726-e1751013125974-1108x1536.jpg 1108w, https:\/\/blogs.terrassa.cat\/mateuavellaneda\/wp-content\/uploads\/sites\/6\/2025\/06\/14726-e1751013125974-1200x1663.jpg 1200w\" sizes=\"(max-width: 1463px) 100vw, 1463px\" \/><figcaption class=\"wp-block-jetpack-slideshow_caption gallery-caption\">Safareig de la casa vella (M.Avellaneda 1935) <\/figcaption><\/figure><\/li><li class=\"wp-block-jetpack-slideshow_slide swiper-slide\"><figure><img loading=\"lazy\" decoding=\"async\" width=\"1245\" height=\"840\" alt=\"\" class=\"wp-block-jetpack-slideshow_image wp-image-1378\" data-id=\"1378\" src=\"https:\/\/blogs.terrassa.cat\/mateuavellaneda\/wp-content\/uploads\/sites\/6\/2025\/06\/N157-Can_Viloca-1988-12-28-Lluis_Fdez_0.jpg\" srcset=\"https:\/\/blogs.terrassa.cat\/mateuavellaneda\/wp-content\/uploads\/sites\/6\/2025\/06\/N157-Can_Viloca-1988-12-28-Lluis_Fdez_0.jpg 1245w, https:\/\/blogs.terrassa.cat\/mateuavellaneda\/wp-content\/uploads\/sites\/6\/2025\/06\/N157-Can_Viloca-1988-12-28-Lluis_Fdez_0-300x202.jpg 300w, https:\/\/blogs.terrassa.cat\/mateuavellaneda\/wp-content\/uploads\/sites\/6\/2025\/06\/N157-Can_Viloca-1988-12-28-Lluis_Fdez_0-1024x691.jpg 1024w, https:\/\/blogs.terrassa.cat\/mateuavellaneda\/wp-content\/uploads\/sites\/6\/2025\/06\/N157-Can_Viloca-1988-12-28-Lluis_Fdez_0-768x518.jpg 768w, https:\/\/blogs.terrassa.cat\/mateuavellaneda\/wp-content\/uploads\/sites\/6\/2025\/06\/N157-Can_Viloca-1988-12-28-Lluis_Fdez_0-1200x810.jpg 1200w\" sizes=\"(max-width: 1245px) 100vw, 1245px\" \/><figcaption class=\"wp-block-jetpack-slideshow_caption gallery-caption\">Casa nova de Can Viloca<\/figcaption><\/figure><\/li><\/ul><a class=\"wp-block-jetpack-slideshow_button-prev swiper-button-prev swiper-button-white\" role=\"button\"><\/a><a class=\"wp-block-jetpack-slideshow_button-next swiper-button-next swiper-button-white\" role=\"button\"><\/a><a aria-label=\"Pause Slideshow\" class=\"wp-block-jetpack-slideshow_button-pause\" role=\"button\"><\/a><div class=\"wp-block-jetpack-slideshow_pagination swiper-pagination swiper-pagination-white\"><\/div><\/div><\/div>\n\n\n\n<p class=\"has-text-align-left\">La masia de Can Viloca, situada al barri de Barber\u00e0 de Sabadell, \u00e9s una construcci\u00f3 hist\u00f2rica que data probablement dels segles XVI o XVII, tot i que ja hi havia una edificaci\u00f3 al mateix lloc des del 1034. De planta i pis amb teulada a doble vessant, destaca per una finestra bigeminada d\u2019estil rom\u00e0nic o g\u00f2tic sobre el portal principal. El nom actual el rep des del 1870, quan fou adquirida per Aleix Vila i Viloca. Antigament, produ\u00efa vi amb les vinyes del seu entorn, i encara conserva un paper simb\u00f2lic dins la mem\u00f2ria rural de la zona, tot i que avui ja no mant\u00e9 activitat agr\u00edcola pr\u00f2pia.<\/p>\n\n\n\n<p class=\"has-primary-color has-text-color has-background has-link-color wp-elements-e4ed94a0f41b2df1ba7e383025d65b5e\" style=\"background-color:#d30000;font-size:14px\">Adre\u00e7a: <a href=\"https:\/\/www.google.es\/maps\/place\/Carrer+de+Par%C3%ADs,+100-132,+08204+Sabadell,+Barcelona\/@41.5275723,2.1224109,205m\/data=!3m2!1e3!4b1!4m9!1m2!2m1!1smasia+Can+Viloca!3m5!1s0x12a495bddc997b5b:0xb7de063c301cd159!8m2!3d41.5275713!4d2.1236286!16s%2Fg%2F11y8k3bwsb?hl=es&amp;entry=ttu&amp;g_ep=EgoyMDI1MDYxNi4wIKXMDSoASAFQAw%3D%3D\" data-type=\"link\" data-id=\"https:\/\/www.google.es\/maps\/place\/Carrer+de+Par%C3%ADs,+100-132,+08204+Sabadell,+Barcelona\/@41.5275723,2.1224109,205m\/data=!3m2!1e3!4b1!4m9!1m2!2m1!1smasia+Can+Viloca!3m5!1s0x12a495bddc997b5b:0xb7de063c301cd159!8m2!3d41.5275713!4d2.1236286!16s%2Fg%2F11y8k3bwsb?hl=es&amp;entry=ttu&amp;g_ep=EgoyMDI1MDYxNi4wIKXMDSoASAFQAw%3D%3D\">Carrer de Par\u00eds, 100-132, 08204 Sabadell, Barcelona<\/a><\/p>\n\n\n\n<div class=\"wp-block-buttons is-layout-flex wp-block-buttons-is-layout-flex\">\n<div class=\"wp-block-button\"><a class=\"wp-block-button__link wp-element-button\" href=\"https:\/\/blogs.terrassa.cat\/mateuavellaneda\/masies\/\">TORNA<\/a><\/div>\n<\/div>\n\n\n\n<p><\/p>\n","protected":false},"excerpt":{"rendered":"<p>La masia de Can Viloca, situada al barri de Barber\u00e0 de Sabadell, \u00e9s una construcci\u00f3 hist\u00f2rica que data probablement dels segles XVI o XVII, tot i que ja hi havia una edificaci\u00f3 al mateix lloc des del 1034. De planta i pis amb teulada a doble vessant, destaca per una finestra bigeminada d\u2019estil rom\u00e0nic o [&hellip;]<\/p>\n","protected":false},"author":8,"featured_media":0,"parent":0,"menu_order":0,"comment_status":"closed","ping_status":"closed","template":"","meta":{"footnotes":""},"class_list":["post-487","page","type-page","status-publish","hentry"],"jetpack_sharing_enabled":true,"_links":{"self":[{"href":"https:\/\/blogs.terrassa.cat\/mateuavellaneda\/wp-json\/wp\/v2\/pages\/487","targetHints":{"allow":["GET"]}}],"collection":[{"href":"https:\/\/blogs.terrassa.cat\/mateuavellaneda\/wp-json\/wp\/v2\/pages"}],"about":[{"href":"https:\/\/blogs.terrassa.cat\/mateuavellaneda\/wp-json\/wp\/v2\/types\/page"}],"author":[{"embeddable":true,"href":"https:\/\/blogs.terrassa.cat\/mateuavellaneda\/wp-json\/wp\/v2\/users\/8"}],"replies":[{"embeddable":true,"href":"https:\/\/blogs.terrassa.cat\/mateuavellaneda\/wp-json\/wp\/v2\/comments?post=487"}],"version-history":[{"count":4,"href":"https:\/\/blogs.terrassa.cat\/mateuavellaneda\/wp-json\/wp\/v2\/pages\/487\/revisions"}],"predecessor-version":[{"id":1895,"href":"https:\/\/blogs.terrassa.cat\/mateuavellaneda\/wp-json\/wp\/v2\/pages\/487\/revisions\/1895"}],"wp:attachment":[{"href":"https:\/\/blogs.terrassa.cat\/mateuavellaneda\/wp-json\/wp\/v2\/media?parent=487"}],"curies":[{"name":"wp","href":"https:\/\/api.w.org\/{rel}","templated":true}]}}