{"id":494,"date":"2025-06-12T13:51:17","date_gmt":"2025-06-12T11:51:17","guid":{"rendered":"https:\/\/portfolio34988.wordpress.com\/?page_id=494"},"modified":"2025-07-15T10:02:46","modified_gmt":"2025-07-15T08:02:46","slug":"can-aurell","status":"publish","type":"page","link":"https:\/\/blogs.terrassa.cat\/mateuavellaneda\/can-aurell\/","title":{"rendered":"Ca n&#8217;Aurell"},"content":{"rendered":"\n<div class=\"wp-block-jetpack-slideshow aligncenter\" data-effect=\"slide\" style=\"--aspect-ratio:calc(580 \/ 411)\"><div class=\"wp-block-jetpack-slideshow_container swiper-container\"><ul class=\"wp-block-jetpack-slideshow_swiper-wrapper swiper-wrapper\"><li class=\"wp-block-jetpack-slideshow_slide swiper-slide\"><figure><img loading=\"lazy\" decoding=\"async\" width=\"1024\" height=\"725\" alt=\"\" class=\"wp-block-jetpack-slideshow_image wp-image-1000\" data-id=\"1000\" data-aspect-ratio=\"580 \/ 411\" src=\"https:\/\/blogs.terrassa.cat\/mateuavellaneda\/wp-content\/uploads\/sites\/6\/2025\/06\/14617-1024x725.jpg\" srcset=\"https:\/\/blogs.terrassa.cat\/mateuavellaneda\/wp-content\/uploads\/sites\/6\/2025\/06\/14617-1024x725.jpg 1024w, https:\/\/blogs.terrassa.cat\/mateuavellaneda\/wp-content\/uploads\/sites\/6\/2025\/06\/14617-300x212.jpg 300w, https:\/\/blogs.terrassa.cat\/mateuavellaneda\/wp-content\/uploads\/sites\/6\/2025\/06\/14617-768x544.jpg 768w, https:\/\/blogs.terrassa.cat\/mateuavellaneda\/wp-content\/uploads\/sites\/6\/2025\/06\/14617-1536x1088.jpg 1536w, https:\/\/blogs.terrassa.cat\/mateuavellaneda\/wp-content\/uploads\/sites\/6\/2025\/06\/14617-2048x1450.jpg 2048w, https:\/\/blogs.terrassa.cat\/mateuavellaneda\/wp-content\/uploads\/sites\/6\/2025\/06\/14617-1200x850.jpg 1200w, https:\/\/blogs.terrassa.cat\/mateuavellaneda\/wp-content\/uploads\/sites\/6\/2025\/06\/14617-1980x1402.jpg 1980w\" sizes=\"(max-width: 1024px) 100vw, 1024px\" \/><figcaption class=\"wp-block-jetpack-slideshow_caption gallery-caption\">Masia Ca n&#8217;Aurell (M. Avellaneda 1928)<\/figcaption><\/figure><\/li><li class=\"wp-block-jetpack-slideshow_slide swiper-slide\"><figure><img loading=\"lazy\" decoding=\"async\" width=\"810\" height=\"1024\" alt=\"\" class=\"wp-block-jetpack-slideshow_image wp-image-1001\" data-id=\"1001\" data-aspect-ratio=\"580 \/ 733\" src=\"https:\/\/blogs.terrassa.cat\/mateuavellaneda\/wp-content\/uploads\/sites\/6\/2025\/06\/14611-810x1024.jpg\" srcset=\"https:\/\/blogs.terrassa.cat\/mateuavellaneda\/wp-content\/uploads\/sites\/6\/2025\/06\/14611-810x1024.jpg 810w, https:\/\/blogs.terrassa.cat\/mateuavellaneda\/wp-content\/uploads\/sites\/6\/2025\/06\/14611-237x300.jpg 237w, https:\/\/blogs.terrassa.cat\/mateuavellaneda\/wp-content\/uploads\/sites\/6\/2025\/06\/14611-768x971.jpg 768w, https:\/\/blogs.terrassa.cat\/mateuavellaneda\/wp-content\/uploads\/sites\/6\/2025\/06\/14611-1215x1536.jpg 1215w, https:\/\/blogs.terrassa.cat\/mateuavellaneda\/wp-content\/uploads\/sites\/6\/2025\/06\/14611-1621x2048.jpg 1621w, https:\/\/blogs.terrassa.cat\/mateuavellaneda\/wp-content\/uploads\/sites\/6\/2025\/06\/14611-1200x1517.jpg 1200w, https:\/\/blogs.terrassa.cat\/mateuavellaneda\/wp-content\/uploads\/sites\/6\/2025\/06\/14611-1980x2502.jpg 1980w, https:\/\/blogs.terrassa.cat\/mateuavellaneda\/wp-content\/uploads\/sites\/6\/2025\/06\/14611.jpg 1994w\" sizes=\"(max-width: 810px) 100vw, 810px\" \/><figcaption class=\"wp-block-jetpack-slideshow_caption gallery-caption\">Restes de la S\u00ednia (M. Avellaneda 1928)<\/figcaption><\/figure><\/li><\/ul><a class=\"wp-block-jetpack-slideshow_button-prev swiper-button-prev swiper-button-white\" role=\"button\"><\/a><a class=\"wp-block-jetpack-slideshow_button-next swiper-button-next swiper-button-white\" role=\"button\"><\/a><a aria-label=\"Pause Slideshow\" class=\"wp-block-jetpack-slideshow_button-pause\" role=\"button\"><\/a><div class=\"wp-block-jetpack-slideshow_pagination swiper-pagination swiper-pagination-white\"><\/div><\/div><\/div>\n\n\n\n<p class=\"has-text-align-left\">Era una antiga masia situada en un tur\u00f3 entre les rieres del Batlle i de Ca n\u2019Aurell, prop de la carretera de Martorell, documentada al segle XVI com a Mas Ametller. Al segle XVII ja es coneixia com a mas Aurell, formant part de la Universitat Forana de Terrassa. El 1800, amb la independ\u00e8ncia de Sant Pere, pass\u00e0 al seu terme, i Miquel Aurell, propietari del mas, en va ser alcalde en dues ocasions al segle XIX. Les seves terres ocupaven bona part dels actuals barris de Ca n\u2019Aurell i la Cogullada. El barri de Ca n\u2019Aurell es va formar oficialment el 1904, amb l\u2019agregaci\u00f3 de Sant Pere a Terrassa. La masia, que es trobava dins del que despr\u00e9s seria el barri de la Cogullada, era coneguda per tenir un jard\u00ed on es feien festes i era un lloc popular per fer sortides al camp. L\u2019\u00faltim membre de la fam\u00edlia Aurell es va arru\u00efnar a finals dels anys vint del segle XX, i la masia fou venuda a la fam\u00edlia Roca. Administrada per masovers, les terres es parcel\u00b7laven per a petits pagesos. Finalment, la zona fou requalificada com a urbanitzable, es va construir en els seus voltants i la masia, ja degradada, va ser enderrocada a causa de l\u2019especulaci\u00f3 urban\u00edstica.<\/p>\n\n\n\n<p class=\"has-background\" style=\"background-color:#d30000;font-size:14px\">Adre\u00e7a: (Desapareguda)<\/p>\n\n\n\n<div class=\"wp-block-buttons is-layout-flex wp-block-buttons-is-layout-flex\">\n<div class=\"wp-block-button\"><a class=\"wp-block-button__link wp-element-button\" href=\"https:\/\/blogs.terrassa.cat\/mateuavellaneda\/masies\/\">TORNA<\/a><\/div>\n<\/div>\n","protected":false},"excerpt":{"rendered":"<p>Era una antiga masia situada en un tur\u00f3 entre les rieres del Batlle i de Ca n\u2019Aurell, prop de la carretera de Martorell, documentada al segle XVI com a Mas Ametller. Al segle XVII ja es coneixia com a mas Aurell, formant part de la Universitat Forana de Terrassa. El 1800, amb la independ\u00e8ncia de [&hellip;]<\/p>\n","protected":false},"author":8,"featured_media":0,"parent":0,"menu_order":0,"comment_status":"closed","ping_status":"closed","template":"","meta":{"footnotes":""},"class_list":["post-494","page","type-page","status-publish","hentry"],"jetpack_sharing_enabled":true,"_links":{"self":[{"href":"https:\/\/blogs.terrassa.cat\/mateuavellaneda\/wp-json\/wp\/v2\/pages\/494","targetHints":{"allow":["GET"]}}],"collection":[{"href":"https:\/\/blogs.terrassa.cat\/mateuavellaneda\/wp-json\/wp\/v2\/pages"}],"about":[{"href":"https:\/\/blogs.terrassa.cat\/mateuavellaneda\/wp-json\/wp\/v2\/types\/page"}],"author":[{"embeddable":true,"href":"https:\/\/blogs.terrassa.cat\/mateuavellaneda\/wp-json\/wp\/v2\/users\/8"}],"replies":[{"embeddable":true,"href":"https:\/\/blogs.terrassa.cat\/mateuavellaneda\/wp-json\/wp\/v2\/comments?post=494"}],"version-history":[{"count":9,"href":"https:\/\/blogs.terrassa.cat\/mateuavellaneda\/wp-json\/wp\/v2\/pages\/494\/revisions"}],"predecessor-version":[{"id":1974,"href":"https:\/\/blogs.terrassa.cat\/mateuavellaneda\/wp-json\/wp\/v2\/pages\/494\/revisions\/1974"}],"wp:attachment":[{"href":"https:\/\/blogs.terrassa.cat\/mateuavellaneda\/wp-json\/wp\/v2\/media?parent=494"}],"curies":[{"name":"wp","href":"https:\/\/api.w.org\/{rel}","templated":true}]}}