{"id":581,"date":"2025-06-09T16:35:01","date_gmt":"2025-06-09T14:35:01","guid":{"rendered":"https:\/\/blogs.terrassa.cat\/mateuavellaneda\/?page_id=581"},"modified":"2025-07-15T09:22:24","modified_gmt":"2025-07-15T07:22:24","slug":"esglesia-del-sant-esperit","status":"publish","type":"page","link":"https:\/\/blogs.terrassa.cat\/mateuavellaneda\/esglesia-del-sant-esperit\/","title":{"rendered":"Catedral del Sant Esperit"},"content":{"rendered":"<div class=\"align wp-block-icb-image-compare\" id='icbImageCompare-1' data-attributes='{&quot;beforeImg&quot;:{&quot;id&quot;:672,&quot;title&quot;:&quot;20240709_172913&quot;,&quot;filename&quot;:&quot;20240709_172913-1-scaled-e1749559037469.jpg&quot;,&quot;url&quot;:&quot;https:\\\/\\\/blogs.terrassa.cat\\\/mateuavellaneda\\\/wp-content\\\/uploads\\\/sites\\\/6\\\/2025\\\/06\\\/20240709_172913-1-scaled-e1749559037469.jpg&quot;,&quot;link&quot;:&quot;https:\\\/\\\/blogs.terrassa.cat\\\/mateuavellaneda\\\/esglesia-del-sant-esperit\\\/20240709_172913-2\\\/&quot;,&quot;alt&quot;:&quot;&quot;,&quot;author&quot;:&quot;8&quot;,&quot;description&quot;:&quot;&quot;,&quot;caption&quot;:&quot;&quot;,&quot;name&quot;:&quot;20240709_172913-2&quot;,&quot;status&quot;:&quot;inherit&quot;,&quot;uploadedTo&quot;:581,&quot;date&quot;:&quot;2025-06-09T14:24:54.000Z&quot;,&quot;modified&quot;:&quot;2025-06-09T14:24:54.000Z&quot;,&quot;menuOrder&quot;:0,&quot;mime&quot;:&quot;image\\\/jpeg&quot;,&quot;type&quot;:&quot;image&quot;,&quot;subtype&quot;:&quot;jpeg&quot;,&quot;icon&quot;:&quot;https:\\\/\\\/blogs.terrassa.cat\\\/mateuavellaneda\\\/wp-includes\\\/images\\\/media\\\/default.svg&quot;,&quot;dateFormatted&quot;:&quot;9 de juny de 2025&quot;,&quot;nonces&quot;:{&quot;update&quot;:&quot;c98456fe8e&quot;,&quot;delete&quot;:&quot;69a0a0b441&quot;,&quot;edit&quot;:&quot;7a06df922f&quot;},&quot;editLink&quot;:&quot;https:\\\/\\\/blogs.terrassa.cat\\\/mateuavellaneda\\\/wp-admin\\\/post.php?post=672&amp;action=edit&quot;,&quot;meta&quot;:false,&quot;authorName&quot;:&quot;museu&quot;,&quot;authorLink&quot;:&quot;https:\\\/\\\/blogs.terrassa.cat\\\/mateuavellaneda\\\/wp-admin\\\/profile.php&quot;,&quot;uploadedToTitle&quot;:&quot;Esgl\\u00e9sia del Sant Esperit&quot;,&quot;uploadedToLink&quot;:&quot;https:\\\/\\\/blogs.terrassa.cat\\\/mateuavellaneda\\\/wp-admin\\\/post.php?post=581&amp;action=edit&quot;,&quot;filesizeInBytes&quot;:491745,&quot;filesizeHumanReadable&quot;:&quot;480 KiB&quot;,&quot;context&quot;:&quot;&quot;,&quot;originalImageURL&quot;:&quot;https:\\\/\\\/blogs.terrassa.cat\\\/mateuavellaneda\\\/wp-content\\\/uploads\\\/sites\\\/6\\\/2025\\\/06\\\/20240709_172913-1.jpg&quot;,&quot;originalImageName&quot;:&quot;20240709_172913-1.jpg&quot;,&quot;height&quot;:1160,&quot;width&quot;:2167,&quot;orientation&quot;:&quot;landscape&quot;,&quot;sizes&quot;:{&quot;thumbnail&quot;:{&quot;height&quot;:150,&quot;width&quot;:150,&quot;url&quot;:&quot;https:\\\/\\\/blogs.terrassa.cat\\\/mateuavellaneda\\\/wp-content\\\/uploads\\\/sites\\\/6\\\/2025\\\/06\\\/20240709_172913-1-scaled-e1749559037469-150x150.jpg&quot;,&quot;orientation&quot;:&quot;landscape&quot;},&quot;medium&quot;:{&quot;height&quot;:161,&quot;width&quot;:300,&quot;url&quot;:&quot;https:\\\/\\\/blogs.terrassa.cat\\\/mateuavellaneda\\\/wp-content\\\/uploads\\\/sites\\\/6\\\/2025\\\/06\\\/20240709_172913-1-scaled-e1749559037469-300x161.jpg&quot;,&quot;orientation&quot;:&quot;landscape&quot;},&quot;large&quot;:{&quot;height&quot;:310,&quot;width&quot;:580,&quot;url&quot;:&quot;https:\\\/\\\/blogs.terrassa.cat\\\/mateuavellaneda\\\/wp-content\\\/uploads\\\/sites\\\/6\\\/2025\\\/06\\\/20240709_172913-1-scaled-e1749559037469-1024x548.jpg&quot;,&quot;orientation&quot;:&quot;landscape&quot;},&quot;full&quot;:{&quot;url&quot;:&quot;https:\\\/\\\/blogs.terrassa.cat\\\/mateuavellaneda\\\/wp-content\\\/uploads\\\/sites\\\/6\\\/2025\\\/06\\\/20240709_172913-1-scaled-e1749559037469.jpg&quot;,&quot;height&quot;:1160,&quot;width&quot;:2167,&quot;orientation&quot;:&quot;landscape&quot;}},&quot;compat&quot;:{&quot;item&quot;:&quot;&quot;,&quot;meta&quot;:&quot;&quot;}},&quot;afterImg&quot;:{&quot;id&quot;:671,&quot;title&quot;:&quot;023435&quot;,&quot;filename&quot;:&quot;023435-5-e1749559077680.jpeg&quot;,&quot;url&quot;:&quot;https:\\\/\\\/blogs.terrassa.cat\\\/mateuavellaneda\\\/wp-content\\\/uploads\\\/sites\\\/6\\\/2025\\\/06\\\/023435-5-e1749559077680.jpeg&quot;,&quot;link&quot;:&quot;https:\\\/\\\/blogs.terrassa.cat\\\/mateuavellaneda\\\/esglesia-del-sant-esperit\\\/023435-6\\\/&quot;,&quot;alt&quot;:&quot;&quot;,&quot;author&quot;:&quot;8&quot;,&quot;description&quot;:&quot;&quot;,&quot;caption&quot;:&quot;&quot;,&quot;name&quot;:&quot;023435-6&quot;,&quot;status&quot;:&quot;inherit&quot;,&quot;uploadedTo&quot;:581,&quot;date&quot;:&quot;2025-06-09T14:24:46.000Z&quot;,&quot;modified&quot;:&quot;2025-06-09T14:24:46.000Z&quot;,&quot;menuOrder&quot;:0,&quot;mime&quot;:&quot;image\\\/jpeg&quot;,&quot;type&quot;:&quot;image&quot;,&quot;subtype&quot;:&quot;jpeg&quot;,&quot;icon&quot;:&quot;https:\\\/\\\/blogs.terrassa.cat\\\/mateuavellaneda\\\/wp-includes\\\/images\\\/media\\\/default.svg&quot;,&quot;dateFormatted&quot;:&quot;9 de juny de 2025&quot;,&quot;nonces&quot;:{&quot;update&quot;:&quot;4e28795283&quot;,&quot;delete&quot;:&quot;00976a1efd&quot;,&quot;edit&quot;:&quot;55ef57582a&quot;},&quot;editLink&quot;:&quot;https:\\\/\\\/blogs.terrassa.cat\\\/mateuavellaneda\\\/wp-admin\\\/post.php?post=671&amp;action=edit&quot;,&quot;meta&quot;:false,&quot;authorName&quot;:&quot;museu&quot;,&quot;authorLink&quot;:&quot;https:\\\/\\\/blogs.terrassa.cat\\\/mateuavellaneda\\\/wp-admin\\\/profile.php&quot;,&quot;uploadedToTitle&quot;:&quot;Esgl\\u00e9sia del Sant Esperit&quot;,&quot;uploadedToLink&quot;:&quot;https:\\\/\\\/blogs.terrassa.cat\\\/mateuavellaneda\\\/wp-admin\\\/post.php?post=581&amp;action=edit&quot;,&quot;filesizeInBytes&quot;:27083,&quot;filesizeHumanReadable&quot;:&quot;26 KiB&quot;,&quot;context&quot;:&quot;&quot;,&quot;height&quot;:303,&quot;width&quot;:448,&quot;orientation&quot;:&quot;landscape&quot;,&quot;sizes&quot;:{&quot;thumbnail&quot;:{&quot;height&quot;:150,&quot;width&quot;:150,&quot;url&quot;:&quot;https:\\\/\\\/blogs.terrassa.cat\\\/mateuavellaneda\\\/wp-content\\\/uploads\\\/sites\\\/6\\\/2025\\\/06\\\/023435-5-e1749559077680-150x150.jpeg&quot;,&quot;orientation&quot;:&quot;landscape&quot;},&quot;medium&quot;:{&quot;height&quot;:203,&quot;width&quot;:300,&quot;url&quot;:&quot;https:\\\/\\\/blogs.terrassa.cat\\\/mateuavellaneda\\\/wp-content\\\/uploads\\\/sites\\\/6\\\/2025\\\/06\\\/023435-5-e1749559077680-300x203.jpeg&quot;,&quot;orientation&quot;:&quot;landscape&quot;},&quot;full&quot;:{&quot;url&quot;:&quot;https:\\\/\\\/blogs.terrassa.cat\\\/mateuavellaneda\\\/wp-content\\\/uploads\\\/sites\\\/6\\\/2025\\\/06\\\/023435-5-e1749559077680.jpeg&quot;,&quot;height&quot;:303,&quot;width&quot;:448,&quot;orientation&quot;:&quot;landscape&quot;}},&quot;compat&quot;:{&quot;item&quot;:&quot;&quot;,&quot;meta&quot;:&quot;&quot;}},&quot;cap&quot;:&quot;Comparaci\\u00f3 entre la catedral actual i el dibuix de Mateu Avellaneda de 1949.&quot;,&quot;align&quot;:&quot;&quot;,&quot;alignment&quot;:&quot;center&quot;,&quot;theme&quot;:&quot;default&quot;,&quot;width&quot;:&quot;80%&quot;,&quot;border&quot;:[],&quot;orientation&quot;:&quot;horizontal&quot;,&quot;isSwap&quot;:false,&quot;isLabel&quot;:true,&quot;label&quot;:{&quot;hAlign&quot;:&quot;bottom&quot;,&quot;vAlign&quot;:&quot;center&quot;,&quot;isShowHover&quot;:false},&quot;beforeLabel&quot;:&quot;&quot;,&quot;afterLabel&quot;:&quot;&quot;,&quot;labelTypo&quot;:{&quot;fontSize&quot;:{&quot;desktop&quot;:15,&quot;tablet&quot;:15,&quot;mobile&quot;:15}},&quot;labelColors&quot;:{&quot;color&quot;:&quot;#fff&quot;,&quot;bg&quot;:&quot;#00000080&quot;},&quot;labelPadding&quot;:{&quot;vertical&quot;:&quot;10px&quot;,&quot;horizontal&quot;:&quot;15px&quot;},&quot;isCap&quot;:true,&quot;capAlign&quot;:&quot;center&quot;,&quot;capTypo&quot;:{&quot;fontSize&quot;:{&quot;desktop&quot;:14,&quot;tablet&quot;:14,&quot;mobile&quot;:14}},&quot;capColors&quot;:{&quot;color&quot;:&quot;#333&quot;,&quot;bg&quot;:&quot;#f4f4f4&quot;},&quot;capPadding&quot;:{&quot;vertical&quot;:&quot;10px&quot;,&quot;horizontal&quot;:&quot;15px&quot;},&quot;dragg&quot;:{&quot;handleType&quot;:&quot;default&quot;,&quot;shapeType&quot;:&quot;default&quot;},&quot;styles&quot;:{&quot;container&quot;:{&quot;height&quot;:{&quot;desktop&quot;:&quot;&quot;,&quot;tablet&quot;:&quot;&quot;,&quot;mobile&quot;:&quot;&quot;}},&quot;dragg&quot;:{&quot;line&quot;:{&quot;bg&quot;:{&quot;color&quot;:&quot;#fff&quot;},&quot;size&quot;:2},&quot;icon&quot;:{&quot;color&quot;:&quot;&quot;},&quot;handler&quot;:{&quot;color&quot;:&quot;&quot;}}},&quot;options&quot;:{&quot;defaultOffset&quot;:0.5,&quot;moveMouseOver&quot;:false,&quot;isMoveClick&quot;:false,&quot;autoSlide&quot;:{&quot;isAutoSlide&quot;:false,&quot;speed&quot;:5,&quot;isHoverStop&quot;:true}},&quot;sliderOptions&quot;:{&quot;arrowType&quot;:&quot;style1&quot;,&quot;height&quot;:{&quot;desktop&quot;:&quot;400px&quot;,&quot;tablet&quot;:&quot;400px&quot;,&quot;mobile&quot;:&quot;400px&quot;},&quot;autoplay&quot;:true,&quot;dots&quot;:false,&quot;speed&quot;:500,&quot;autoplaySpeed&quot;:2500,&quot;pauseOnHover&quot;:true,&quot;infinite&quot;:true,&quot;arrows&quot;:true,&quot;slidesView&quot;:{&quot;desktop&quot;:1,&quot;tablet&quot;:1,&quot;mobile&quot;:1}},&quot;sliderStyle&quot;:{&quot;pagination&quot;:{&quot;active&quot;:&quot;#4527a4&quot;},&quot;navigation&quot;:{&quot;icon&quot;:{&quot;normal&quot;:{&quot;color&quot;:&quot;#000&quot;,&quot;size&quot;:&quot;22px&quot;},&quot;hover&quot;:{&quot;color&quot;:&quot;&quot;,&quot;size&quot;:&quot;22px&quot;}},&quot;container&quot;:{&quot;height&quot;:&quot;&quot;,&quot;width&quot;:&quot;&quot;,&quot;normal&quot;:{&quot;bg&quot;:{&quot;color&quot;:&quot;#fff&quot;},&quot;border&quot;:[],&quot;radius&quot;:{&quot;left&quot;:&quot;30px&quot;,&quot;right&quot;:&quot;30px&quot;,&quot;top&quot;:&quot;30px&quot;,&quot;bottom&quot;:&quot;30px&quot;}},&quot;hover&quot;:{&quot;bg&quot;:{&quot;color&quot;:&quot;#fff&quot;},&quot;border&quot;:[],&quot;radius&quot;:[]}}}},&quot;slider&quot;:[{&quot;beforeImg&quot;:{&quot;img&quot;:{&quot;url&quot;:&quot;https:\\\/\\\/templates.bplugins.com\\\/wp-content\\\/uploads\\\/2025\\\/03\\\/beafImg.jpg&quot;},&quot;beforeLabel&quot;:&quot;Before Label&quot;},&quot;afterImg&quot;:{&quot;img&quot;:{&quot;url&quot;:&quot;https:\\\/\\\/templates.bplugins.com\\\/wp-content\\\/uploads\\\/2025\\\/03\\\/beafImg2.jpg&quot;},&quot;afterLabel&quot;:&quot;After Label&quot;},&quot;caption&quot;:&quot;Before After Image Caption&quot;},{&quot;beforeImg&quot;:{&quot;img&quot;:{&quot;url&quot;:&quot;https:\\\/\\\/templates.bplugins.com\\\/wp-content\\\/uploads\\\/2025\\\/03\\\/beafImg.jpg&quot;},&quot;beforeLabel&quot;:&quot;Before Label&quot;},&quot;afterImg&quot;:{&quot;img&quot;:{&quot;url&quot;:&quot;https:\\\/\\\/templates.bplugins.com\\\/wp-content\\\/uploads\\\/2025\\\/03\\\/beafImg2.jpg&quot;},&quot;afterLabel&quot;:&quot;After Label&quot;},&quot;caption&quot;:&quot;Before After Image Caption&quot;},{&quot;beforeImg&quot;:{&quot;img&quot;:{&quot;url&quot;:&quot;https:\\\/\\\/templates.bplugins.com\\\/wp-content\\\/uploads\\\/2025\\\/03\\\/beafImg.jpg&quot;},&quot;beforeLabel&quot;:&quot;Before Label&quot;},&quot;afterImg&quot;:{&quot;img&quot;:{&quot;url&quot;:&quot;https:\\\/\\\/templates.bplugins.com\\\/wp-content\\\/uploads\\\/2025\\\/03\\\/beafImg2.jpg&quot;},&quot;afterLabel&quot;:&quot;After Label&quot;},&quot;caption&quot;:&quot;Before After Image Caption&quot;}]}' data-icbchecker='false'><\/div>\n\n\n<figure class=\"wp-block-jetpack-image-compare\"><div class=\"juxtapose\" data-mode=\"horizontal\"><img loading=\"lazy\" decoding=\"async\" id=\"663\" src=\"https:\/\/blogs.terrassa.cat\/mateuavellaneda\/wp-content\/uploads\/sites\/6\/2025\/06\/023435.jpeg\" alt=\"\" width=\"600\" height=\"450\" class=\"image-compare__image-before\" \/><img loading=\"lazy\" decoding=\"async\" id=\"662\" src=\"https:\/\/i0.wp.com\/blogs.terrassa.cat\/mateuavellaneda\/wp-content\/uploads\/sites\/6\/2025\/06\/images.jpeg?ssl=1\" alt=\"\" width=\"283\" height=\"178\" class=\"image-compare__image-after\" \/><\/div><\/figure>\n\n\n\n<p class=\"has-text-align-left\">La Catedral del Sant Esperit de Terrassa, situada al centre hist\u00f2ric de la ciutat, \u00e9s un edifici d\u2019estil g\u00f2tic tard\u00e0, la seva construcci\u00f3 es va iniciar l\u2019any 1575 i es va completar el 1616, tot i que\u00a0el culte s\u2019hi va comen\u00e7ar a celebrar el 21 de novembre de 1593, amb el trasllat del Sant\u00edssim Sagrament des de l\u2019Hospital del Sant Esperit.<\/p>\n\n\n\n<p class=\"has-text-align-left\"><br>La parr\u00f2quia es va erigir oficialment el 1601. Durant la Guerra Civil Espanyola (1936-1939), el temple va ser greument danyat i es va cremar, perdent, entre altres elements, el retaule barroc de Joan Mompe\u00f3. Posteriorment, es va restaurar i el 10 de desembre de 1950 va ser consagrat pel bisbe Gregorio Modrego, rebent un any despr\u00e9s el t\u00edtol de Bas\u00edlica Menor. M\u00e9s endavant, el 15 de juny de 2004, va ser elevada a la categoria de catedral amb la creaci\u00f3 de la nova di\u00f2cesi de Terrassa per Sant Joan Pau II. Pel que fa a la fa\u00e7ana, la construcci\u00f3 original era for\u00e7a austera, per\u00f2 al segle XX es va iniciar un projecte de renovaci\u00f3 liderat pels arquitectes Alexandre Soler i Amadeu Llompart, que preveia una gran portalada amb tres arcs ogivals i una torre de 60 metres, per\u00f2 la Guerra Civil va interrompre les obres i nom\u00e9s es van arribar a completar les tres arcades d\u2019entrada.<\/p>\n\n\n\n<p class=\"has-text-align-left\"> La fa\u00e7ana actual, d\u2019estil modern i constru\u00efda amb sensibilitat per harmonitzar amb l\u2019entorn hist\u00f2ric, incorpora escultures de Luis Bertia que representen Sant Benet, Sant Miquel, Santa Elena i Sant Antoni Maria Claret, bene\u00efdes el 24 de juliol de 2005. Aix\u00ed, la catedral reflecteix una rica evoluci\u00f3 arquitect\u00f2nica que combina el passat g\u00f2tic amb intervencions contempor\u00e0nies, convertint-se en un s\u00edmbol viu de la hist\u00f2ria religiosa i cultural de Terrassa.<\/p>\n\n\n\n<div class=\"wp-block-jetpack-slideshow aligncenter\" data-effect=\"slide\"><div class=\"wp-block-jetpack-slideshow_container swiper-container\"><ul class=\"wp-block-jetpack-slideshow_swiper-wrapper swiper-wrapper\"><li class=\"wp-block-jetpack-slideshow_slide swiper-slide\"><figure><img loading=\"lazy\" decoding=\"async\" width=\"771\" height=\"1024\" alt=\"\" class=\"wp-block-jetpack-slideshow_image wp-image-1561\" data-id=\"1561\" src=\"https:\/\/blogs.terrassa.cat\/mateuavellaneda\/wp-content\/uploads\/sites\/6\/2025\/06\/IMG_20250626_085615-771x1024.jpg\" srcset=\"https:\/\/blogs.terrassa.cat\/mateuavellaneda\/wp-content\/uploads\/sites\/6\/2025\/06\/IMG_20250626_085615-771x1024.jpg 771w, https:\/\/blogs.terrassa.cat\/mateuavellaneda\/wp-content\/uploads\/sites\/6\/2025\/06\/IMG_20250626_085615-226x300.jpg 226w, https:\/\/blogs.terrassa.cat\/mateuavellaneda\/wp-content\/uploads\/sites\/6\/2025\/06\/IMG_20250626_085615-768x1020.jpg 768w, https:\/\/blogs.terrassa.cat\/mateuavellaneda\/wp-content\/uploads\/sites\/6\/2025\/06\/IMG_20250626_085615-1157x1536.jpg 1157w, https:\/\/blogs.terrassa.cat\/mateuavellaneda\/wp-content\/uploads\/sites\/6\/2025\/06\/IMG_20250626_085615-1542x2048.jpg 1542w, https:\/\/blogs.terrassa.cat\/mateuavellaneda\/wp-content\/uploads\/sites\/6\/2025\/06\/IMG_20250626_085615-1200x1594.jpg 1200w, https:\/\/blogs.terrassa.cat\/mateuavellaneda\/wp-content\/uploads\/sites\/6\/2025\/06\/IMG_20250626_085615-1980x2630.jpg 1980w, https:\/\/blogs.terrassa.cat\/mateuavellaneda\/wp-content\/uploads\/sites\/6\/2025\/06\/IMG_20250626_085615-scaled.jpg 1928w\" sizes=\"(max-width: 771px) 100vw, 771px\" \/><figcaption class=\"wp-block-jetpack-slideshow_caption gallery-caption\">Interior de la nau de la catedral actualment<\/figcaption><\/figure><\/li><li class=\"wp-block-jetpack-slideshow_slide swiper-slide\"><figure><img loading=\"lazy\" decoding=\"async\" width=\"1024\" height=\"789\" alt=\"\" class=\"wp-block-jetpack-slideshow_image wp-image-949\" data-id=\"949\" src=\"https:\/\/blogs.terrassa.cat\/mateuavellaneda\/wp-content\/uploads\/sites\/6\/2025\/06\/14489-4-1024x789.jpg\" srcset=\"https:\/\/blogs.terrassa.cat\/mateuavellaneda\/wp-content\/uploads\/sites\/6\/2025\/06\/14489-4-1024x789.jpg 1024w, https:\/\/blogs.terrassa.cat\/mateuavellaneda\/wp-content\/uploads\/sites\/6\/2025\/06\/14489-4-300x231.jpg 300w, https:\/\/blogs.terrassa.cat\/mateuavellaneda\/wp-content\/uploads\/sites\/6\/2025\/06\/14489-4-768x592.jpg 768w, https:\/\/blogs.terrassa.cat\/mateuavellaneda\/wp-content\/uploads\/sites\/6\/2025\/06\/14489-4-1536x1184.jpg 1536w, https:\/\/blogs.terrassa.cat\/mateuavellaneda\/wp-content\/uploads\/sites\/6\/2025\/06\/14489-4-2048x1578.jpg 2048w, https:\/\/blogs.terrassa.cat\/mateuavellaneda\/wp-content\/uploads\/sites\/6\/2025\/06\/14489-4-1200x925.jpg 1200w, https:\/\/blogs.terrassa.cat\/mateuavellaneda\/wp-content\/uploads\/sites\/6\/2025\/06\/14489-4-1980x1526.jpg 1980w\" sizes=\"(max-width: 1024px) 100vw, 1024px\" \/><figcaption class=\"wp-block-jetpack-slideshow_caption gallery-caption\">Interior de la nau de la catedral a principis del segle XX (M. Avellaneda)<\/figcaption><\/figure><\/li><\/ul><a class=\"wp-block-jetpack-slideshow_button-prev swiper-button-prev swiper-button-white\" role=\"button\"><\/a><a class=\"wp-block-jetpack-slideshow_button-next swiper-button-next swiper-button-white\" role=\"button\"><\/a><a aria-label=\"Pause Slideshow\" class=\"wp-block-jetpack-slideshow_button-pause\" role=\"button\"><\/a><div class=\"wp-block-jetpack-slideshow_pagination swiper-pagination swiper-pagination-white\"><\/div><\/div><\/div>\n\n\n\n<div class=\"wp-block-columns is-layout-flex wp-container-core-columns-is-layout-9d6595d7 wp-block-columns-is-layout-flex\">\n<div class=\"wp-block-column is-layout-flow wp-block-column-is-layout-flow\">\n<p class=\"has-background\" style=\"background-color:#d30000;font-size:14px\">Adre\u00e7a: <a href=\"https:\/\/www.google.com\/maps\/place\/Catedral+Sant+Esperit+de+Terrassa\/@41.5620989,2.0090118,17z\/data=!3m1!4b1!4m6!3m5!1s0x12a492ea392f286f:0x5be1e272916ddc5d!8m2!3d41.5620949!4d2.0115867!16s%2Fm%2F0kvbch3?entry=ttu&amp;g_ep=EgoyMDI1MDYwOS4wIKXMDSoASAFQAw%3D%3D\" data-type=\"link\" data-id=\"https:\/\/www.google.com\/maps\/place\/Catedral+Sant+Esperit+de+Terrassa\/@41.5620989,2.0090118,17z\/data=!3m1!4b1!4m6!3m5!1s0x12a492ea392f286f:0x5be1e272916ddc5d!8m2!3d41.5620949!4d2.0115867!16s%2Fm%2F0kvbch3?entry=ttu&amp;g_ep=EgoyMDI1MDYwOS4wIKXMDSoASAFQAw%3D%3D\">Pla\u00e7a Vella, 12, 08221 Terrassa, Barcelona<\/a><\/p>\n<\/div>\n<\/div>\n\n\n\n<div class=\"wp-block-buttons is-layout-flex wp-block-buttons-is-layout-flex\">\n<div class=\"wp-block-button\"><a class=\"wp-block-button__link wp-element-button\" href=\"https:\/\/blogs.terrassa.cat\/mateuavellaneda\/2025\/03\/19\/esglesies\/\">TORNA<\/a><\/div>\n<\/div>\n\n\n\n<p><\/p>\n","protected":false},"excerpt":{"rendered":"<p>La Catedral del Sant Esperit de Terrassa, situada al centre hist\u00f2ric de la ciutat, \u00e9s un edifici d\u2019estil g\u00f2tic tard\u00e0, la seva construcci\u00f3 es va iniciar l\u2019any 1575 i es va completar el 1616, tot i que\u00a0el culte s\u2019hi va comen\u00e7ar a celebrar el 21 de novembre de 1593, amb el trasllat del Sant\u00edssim Sagrament [&hellip;]<\/p>\n","protected":false},"author":8,"featured_media":0,"parent":0,"menu_order":0,"comment_status":"closed","ping_status":"closed","template":"","meta":{"footnotes":""},"class_list":["post-581","page","type-page","status-publish","hentry"],"jetpack_sharing_enabled":true,"_links":{"self":[{"href":"https:\/\/blogs.terrassa.cat\/mateuavellaneda\/wp-json\/wp\/v2\/pages\/581","targetHints":{"allow":["GET"]}}],"collection":[{"href":"https:\/\/blogs.terrassa.cat\/mateuavellaneda\/wp-json\/wp\/v2\/pages"}],"about":[{"href":"https:\/\/blogs.terrassa.cat\/mateuavellaneda\/wp-json\/wp\/v2\/types\/page"}],"author":[{"embeddable":true,"href":"https:\/\/blogs.terrassa.cat\/mateuavellaneda\/wp-json\/wp\/v2\/users\/8"}],"replies":[{"embeddable":true,"href":"https:\/\/blogs.terrassa.cat\/mateuavellaneda\/wp-json\/wp\/v2\/comments?post=581"}],"version-history":[{"count":14,"href":"https:\/\/blogs.terrassa.cat\/mateuavellaneda\/wp-json\/wp\/v2\/pages\/581\/revisions"}],"predecessor-version":[{"id":1966,"href":"https:\/\/blogs.terrassa.cat\/mateuavellaneda\/wp-json\/wp\/v2\/pages\/581\/revisions\/1966"}],"wp:attachment":[{"href":"https:\/\/blogs.terrassa.cat\/mateuavellaneda\/wp-json\/wp\/v2\/media?parent=581"}],"curies":[{"name":"wp","href":"https:\/\/api.w.org\/{rel}","templated":true}]}}