{"id":702,"date":"2025-06-11T11:36:45","date_gmt":"2025-06-11T09:36:45","guid":{"rendered":"https:\/\/blogs.terrassa.cat\/mateuavellaneda\/?page_id=702"},"modified":"2025-07-08T11:40:30","modified_gmt":"2025-07-08T09:40:30","slug":"santa-agnes-de-toudell","status":"publish","type":"page","link":"https:\/\/blogs.terrassa.cat\/mateuavellaneda\/santa-agnes-de-toudell\/","title":{"rendered":"Santa Agn\u00e8s del Munt"},"content":{"rendered":"<div class=\"align wp-block-icb-image-compare\" id='icbImageCompare-1' data-attributes='{&quot;beforeImg&quot;:{&quot;id&quot;:861,&quot;title&quot;:&quot;Screenshot_2025-06-11-10-44-30-865_com.miui.mediaeditor-edit&quot;,&quot;filename&quot;:&quot;Screenshot_2025-06-11-10-44-30-865_com.miui_.mediaeditor-edit-e1749634122509.jpg&quot;,&quot;url&quot;:&quot;https:\\\/\\\/blogs.terrassa.cat\\\/mateuavellaneda\\\/wp-content\\\/uploads\\\/sites\\\/6\\\/2025\\\/06\\\/Screenshot_2025-06-11-10-44-30-865_com.miui_.mediaeditor-edit-e1749634122509.jpg&quot;,&quot;link&quot;:&quot;https:\\\/\\\/blogs.terrassa.cat\\\/mateuavellaneda\\\/screenshot_2025-06-11-10-44-30-865_com-miui-mediaeditor-edit\\\/&quot;,&quot;alt&quot;:&quot;&quot;,&quot;author&quot;:&quot;8&quot;,&quot;description&quot;:&quot;&quot;,&quot;caption&quot;:&quot;&quot;,&quot;name&quot;:&quot;screenshot_2025-06-11-10-44-30-865_com-miui-mediaeditor-edit&quot;,&quot;status&quot;:&quot;inherit&quot;,&quot;uploadedTo&quot;:0,&quot;date&quot;:&quot;2025-06-11T08:46:10.000Z&quot;,&quot;modified&quot;:&quot;2025-06-11T08:46:10.000Z&quot;,&quot;menuOrder&quot;:0,&quot;mime&quot;:&quot;image\\\/jpeg&quot;,&quot;type&quot;:&quot;image&quot;,&quot;subtype&quot;:&quot;jpeg&quot;,&quot;icon&quot;:&quot;https:\\\/\\\/blogs.terrassa.cat\\\/mateuavellaneda\\\/wp-includes\\\/images\\\/media\\\/default.svg&quot;,&quot;dateFormatted&quot;:&quot;11 de juny de 2025&quot;,&quot;nonces&quot;:{&quot;update&quot;:&quot;ed76ff2df6&quot;,&quot;delete&quot;:&quot;9da0f4030a&quot;,&quot;edit&quot;:&quot;e3975d2ae5&quot;},&quot;editLink&quot;:&quot;https:\\\/\\\/blogs.terrassa.cat\\\/mateuavellaneda\\\/wp-admin\\\/post.php?post=861&amp;action=edit&quot;,&quot;meta&quot;:false,&quot;authorName&quot;:&quot;museu&quot;,&quot;authorLink&quot;:&quot;https:\\\/\\\/blogs.terrassa.cat\\\/mateuavellaneda\\\/wp-admin\\\/profile.php&quot;,&quot;filesizeInBytes&quot;:391575,&quot;filesizeHumanReadable&quot;:&quot;382 KiB&quot;,&quot;context&quot;:&quot;&quot;,&quot;height&quot;:1267,&quot;width&quot;:1028,&quot;orientation&quot;:&quot;portrait&quot;,&quot;sizes&quot;:{&quot;thumbnail&quot;:{&quot;height&quot;:150,&quot;width&quot;:150,&quot;url&quot;:&quot;https:\\\/\\\/blogs.terrassa.cat\\\/mateuavellaneda\\\/wp-content\\\/uploads\\\/sites\\\/6\\\/2025\\\/06\\\/Screenshot_2025-06-11-10-44-30-865_com.miui_.mediaeditor-edit-e1749634122509-150x150.jpg&quot;,&quot;orientation&quot;:&quot;landscape&quot;},&quot;medium&quot;:{&quot;height&quot;:300,&quot;width&quot;:243,&quot;url&quot;:&quot;https:\\\/\\\/blogs.terrassa.cat\\\/mateuavellaneda\\\/wp-content\\\/uploads\\\/sites\\\/6\\\/2025\\\/06\\\/Screenshot_2025-06-11-10-44-30-865_com.miui_.mediaeditor-edit-e1749634122509-243x300.jpg&quot;,&quot;orientation&quot;:&quot;portrait&quot;},&quot;large&quot;:{&quot;height&quot;:715,&quot;width&quot;:580,&quot;url&quot;:&quot;https:\\\/\\\/blogs.terrassa.cat\\\/mateuavellaneda\\\/wp-content\\\/uploads\\\/sites\\\/6\\\/2025\\\/06\\\/Screenshot_2025-06-11-10-44-30-865_com.miui_.mediaeditor-edit-e1749634122509-831x1024.jpg&quot;,&quot;orientation&quot;:&quot;portrait&quot;},&quot;full&quot;:{&quot;url&quot;:&quot;https:\\\/\\\/blogs.terrassa.cat\\\/mateuavellaneda\\\/wp-content\\\/uploads\\\/sites\\\/6\\\/2025\\\/06\\\/Screenshot_2025-06-11-10-44-30-865_com.miui_.mediaeditor-edit-e1749634122509.jpg&quot;,&quot;height&quot;:1267,&quot;width&quot;:1028,&quot;orientation&quot;:&quot;portrait&quot;}},&quot;compat&quot;:{&quot;item&quot;:&quot;&quot;,&quot;meta&quot;:&quot;&quot;}},&quot;afterImg&quot;:{&quot;id&quot;:829,&quot;title&quot;:&quot;ANGES DEL MUNT&quot;,&quot;filename&quot;:&quot;ANGES-DEL-MUNT-scaled-e1749634074781.jpg&quot;,&quot;url&quot;:&quot;https:\\\/\\\/blogs.terrassa.cat\\\/mateuavellaneda\\\/wp-content\\\/uploads\\\/sites\\\/6\\\/2025\\\/06\\\/ANGES-DEL-MUNT-scaled-e1749634074781.jpg&quot;,&quot;link&quot;:&quot;https:\\\/\\\/blogs.terrassa.cat\\\/mateuavellaneda\\\/anges-del-munt\\\/&quot;,&quot;alt&quot;:&quot;&quot;,&quot;author&quot;:&quot;8&quot;,&quot;description&quot;:&quot;&quot;,&quot;caption&quot;:&quot;&quot;,&quot;name&quot;:&quot;anges-del-munt&quot;,&quot;status&quot;:&quot;inherit&quot;,&quot;uploadedTo&quot;:0,&quot;date&quot;:&quot;2025-06-11T08:42:01.000Z&quot;,&quot;modified&quot;:&quot;2025-06-11T08:42:01.000Z&quot;,&quot;menuOrder&quot;:0,&quot;mime&quot;:&quot;image\\\/jpeg&quot;,&quot;type&quot;:&quot;image&quot;,&quot;subtype&quot;:&quot;jpeg&quot;,&quot;icon&quot;:&quot;https:\\\/\\\/blogs.terrassa.cat\\\/mateuavellaneda\\\/wp-includes\\\/images\\\/media\\\/default.svg&quot;,&quot;dateFormatted&quot;:&quot;11 de juny de 2025&quot;,&quot;nonces&quot;:{&quot;update&quot;:&quot;730b90905b&quot;,&quot;delete&quot;:&quot;9f728db2b1&quot;,&quot;edit&quot;:&quot;6e15ad7fd0&quot;},&quot;editLink&quot;:&quot;https:\\\/\\\/blogs.terrassa.cat\\\/mateuavellaneda\\\/wp-admin\\\/post.php?post=829&amp;action=edit&quot;,&quot;meta&quot;:false,&quot;authorName&quot;:&quot;museu&quot;,&quot;authorLink&quot;:&quot;https:\\\/\\\/blogs.terrassa.cat\\\/mateuavellaneda\\\/wp-admin\\\/profile.php&quot;,&quot;filesizeInBytes&quot;:564071,&quot;filesizeHumanReadable&quot;:&quot;551 KiB&quot;,&quot;context&quot;:&quot;&quot;,&quot;originalImageURL&quot;:&quot;https:\\\/\\\/blogs.terrassa.cat\\\/mateuavellaneda\\\/wp-content\\\/uploads\\\/sites\\\/6\\\/2025\\\/06\\\/ANGES-DEL-MUNT.jpg&quot;,&quot;originalImageName&quot;:&quot;ANGES-DEL-MUNT.jpg&quot;,&quot;height&quot;:1920,&quot;width&quot;:1058,&quot;orientation&quot;:&quot;portrait&quot;,&quot;sizes&quot;:{&quot;thumbnail&quot;:{&quot;height&quot;:150,&quot;width&quot;:150,&quot;url&quot;:&quot;https:\\\/\\\/blogs.terrassa.cat\\\/mateuavellaneda\\\/wp-content\\\/uploads\\\/sites\\\/6\\\/2025\\\/06\\\/ANGES-DEL-MUNT-scaled-e1749634074781-150x150.jpg&quot;,&quot;orientation&quot;:&quot;landscape&quot;},&quot;medium&quot;:{&quot;height&quot;:300,&quot;width&quot;:165,&quot;url&quot;:&quot;https:\\\/\\\/blogs.terrassa.cat\\\/mateuavellaneda\\\/wp-content\\\/uploads\\\/sites\\\/6\\\/2025\\\/06\\\/ANGES-DEL-MUNT-scaled-e1749634074781-165x300.jpg&quot;,&quot;orientation&quot;:&quot;portrait&quot;},&quot;large&quot;:{&quot;height&quot;:1024,&quot;width&quot;:564,&quot;url&quot;:&quot;https:\\\/\\\/blogs.terrassa.cat\\\/mateuavellaneda\\\/wp-content\\\/uploads\\\/sites\\\/6\\\/2025\\\/06\\\/ANGES-DEL-MUNT-scaled-e1749634074781-564x1024.jpg&quot;,&quot;orientation&quot;:&quot;portrait&quot;},&quot;full&quot;:{&quot;url&quot;:&quot;https:\\\/\\\/blogs.terrassa.cat\\\/mateuavellaneda\\\/wp-content\\\/uploads\\\/sites\\\/6\\\/2025\\\/06\\\/ANGES-DEL-MUNT-scaled-e1749634074781.jpg&quot;,&quot;height&quot;:1920,&quot;width&quot;:1058,&quot;orientation&quot;:&quot;portrait&quot;}},&quot;compat&quot;:{&quot;item&quot;:&quot;&quot;,&quot;meta&quot;:&quot;&quot;}},&quot;cap&quot;:&quot;Comparaci\\u00f3 entre la portada conservada de Sant Ang\\u00e8s actualment i el dibuix de Mateu Avelladena de 1935 &quot;,&quot;align&quot;:&quot;&quot;,&quot;alignment&quot;:&quot;center&quot;,&quot;theme&quot;:&quot;default&quot;,&quot;width&quot;:&quot;80%&quot;,&quot;border&quot;:[],&quot;orientation&quot;:&quot;horizontal&quot;,&quot;isSwap&quot;:false,&quot;isLabel&quot;:true,&quot;label&quot;:{&quot;hAlign&quot;:&quot;bottom&quot;,&quot;vAlign&quot;:&quot;center&quot;,&quot;isShowHover&quot;:false},&quot;beforeLabel&quot;:&quot;&quot;,&quot;afterLabel&quot;:&quot;&quot;,&quot;labelTypo&quot;:{&quot;fontSize&quot;:{&quot;desktop&quot;:15,&quot;tablet&quot;:15,&quot;mobile&quot;:15}},&quot;labelColors&quot;:{&quot;color&quot;:&quot;#fff&quot;,&quot;bg&quot;:&quot;#00000080&quot;},&quot;labelPadding&quot;:{&quot;vertical&quot;:&quot;10px&quot;,&quot;horizontal&quot;:&quot;15px&quot;},&quot;isCap&quot;:true,&quot;capAlign&quot;:&quot;center&quot;,&quot;capTypo&quot;:{&quot;fontSize&quot;:{&quot;desktop&quot;:14,&quot;tablet&quot;:14,&quot;mobile&quot;:14}},&quot;capColors&quot;:{&quot;color&quot;:&quot;#333&quot;,&quot;bg&quot;:&quot;#f4f4f4&quot;},&quot;capPadding&quot;:{&quot;vertical&quot;:&quot;10px&quot;,&quot;horizontal&quot;:&quot;15px&quot;},&quot;dragg&quot;:{&quot;handleType&quot;:&quot;default&quot;,&quot;shapeType&quot;:&quot;default&quot;},&quot;styles&quot;:{&quot;container&quot;:{&quot;height&quot;:{&quot;desktop&quot;:&quot;&quot;,&quot;tablet&quot;:&quot;&quot;,&quot;mobile&quot;:&quot;&quot;}},&quot;dragg&quot;:{&quot;line&quot;:{&quot;bg&quot;:{&quot;color&quot;:&quot;#fff&quot;},&quot;size&quot;:2},&quot;icon&quot;:{&quot;color&quot;:&quot;&quot;},&quot;handler&quot;:{&quot;color&quot;:&quot;&quot;}}},&quot;options&quot;:{&quot;defaultOffset&quot;:0.5,&quot;moveMouseOver&quot;:false,&quot;isMoveClick&quot;:false,&quot;autoSlide&quot;:{&quot;isAutoSlide&quot;:false,&quot;speed&quot;:5,&quot;isHoverStop&quot;:true}},&quot;sliderOptions&quot;:{&quot;arrowType&quot;:&quot;style1&quot;,&quot;height&quot;:{&quot;desktop&quot;:&quot;400px&quot;,&quot;tablet&quot;:&quot;400px&quot;,&quot;mobile&quot;:&quot;400px&quot;},&quot;autoplay&quot;:true,&quot;dots&quot;:false,&quot;speed&quot;:500,&quot;autoplaySpeed&quot;:2500,&quot;pauseOnHover&quot;:true,&quot;infinite&quot;:true,&quot;arrows&quot;:true,&quot;slidesView&quot;:{&quot;desktop&quot;:1,&quot;tablet&quot;:1,&quot;mobile&quot;:1}},&quot;sliderStyle&quot;:{&quot;pagination&quot;:{&quot;active&quot;:&quot;#4527a4&quot;},&quot;navigation&quot;:{&quot;icon&quot;:{&quot;normal&quot;:{&quot;color&quot;:&quot;#000&quot;,&quot;size&quot;:&quot;22px&quot;},&quot;hover&quot;:{&quot;color&quot;:&quot;&quot;,&quot;size&quot;:&quot;22px&quot;}},&quot;container&quot;:{&quot;height&quot;:&quot;&quot;,&quot;width&quot;:&quot;&quot;,&quot;normal&quot;:{&quot;bg&quot;:{&quot;color&quot;:&quot;#fff&quot;},&quot;border&quot;:[],&quot;radius&quot;:{&quot;left&quot;:&quot;30px&quot;,&quot;right&quot;:&quot;30px&quot;,&quot;top&quot;:&quot;30px&quot;,&quot;bottom&quot;:&quot;30px&quot;}},&quot;hover&quot;:{&quot;bg&quot;:{&quot;color&quot;:&quot;#fff&quot;},&quot;border&quot;:[],&quot;radius&quot;:[]}}}},&quot;slider&quot;:[{&quot;beforeImg&quot;:{&quot;img&quot;:{&quot;url&quot;:&quot;https:\\\/\\\/templates.bplugins.com\\\/wp-content\\\/uploads\\\/2025\\\/03\\\/beafImg.jpg&quot;},&quot;beforeLabel&quot;:&quot;Before Label&quot;},&quot;afterImg&quot;:{&quot;img&quot;:{&quot;url&quot;:&quot;https:\\\/\\\/templates.bplugins.com\\\/wp-content\\\/uploads\\\/2025\\\/03\\\/beafImg2.jpg&quot;},&quot;afterLabel&quot;:&quot;After Label&quot;},&quot;caption&quot;:&quot;Before After Image Caption&quot;},{&quot;beforeImg&quot;:{&quot;img&quot;:{&quot;url&quot;:&quot;https:\\\/\\\/templates.bplugins.com\\\/wp-content\\\/uploads\\\/2025\\\/03\\\/beafImg.jpg&quot;},&quot;beforeLabel&quot;:&quot;Before Label&quot;},&quot;afterImg&quot;:{&quot;img&quot;:{&quot;url&quot;:&quot;https:\\\/\\\/templates.bplugins.com\\\/wp-content\\\/uploads\\\/2025\\\/03\\\/beafImg2.jpg&quot;},&quot;afterLabel&quot;:&quot;After Label&quot;},&quot;caption&quot;:&quot;Before After Image Caption&quot;},{&quot;beforeImg&quot;:{&quot;img&quot;:{&quot;url&quot;:&quot;https:\\\/\\\/templates.bplugins.com\\\/wp-content\\\/uploads\\\/2025\\\/03\\\/beafImg.jpg&quot;},&quot;beforeLabel&quot;:&quot;Before Label&quot;},&quot;afterImg&quot;:{&quot;img&quot;:{&quot;url&quot;:&quot;https:\\\/\\\/templates.bplugins.com\\\/wp-content\\\/uploads\\\/2025\\\/03\\\/beafImg2.jpg&quot;},&quot;afterLabel&quot;:&quot;After Label&quot;},&quot;caption&quot;:&quot;Before After Image Caption&quot;}]}' data-icbchecker='false'><\/div>\n\n\n<p class=\"has-text-align-left\">L\u2019ermita de Santa Agn\u00e8s es troba al nord de la Mola, dins el Parc Natural de Sant Lloren\u00e7 del Munt, a 825 metres d\u2019altitud. Est\u00e0 constru\u00efda dins una balma i es conserven nom\u00e9s unes poques restes de la capella g\u00f2tica d&#8217;una sola nau amb volta apuntada, una portada de pedra, unes piques excavades a la roca que van fer-se servir de cisterna. Hi ha dues teories sobre el seu origen: una diu que fou un petit monestir de monges benedictines; l\u2019altra, que la van habitar &#8220;deodonades&#8221;, dones religioses sense vincle amb cap ordre, per\u00f2 amb vida piadosa i h\u00e0bit. Documentada des del segle XIV, s\u2019hi feren celebracions fins al segle XVIII. Va ser refugi d\u2019eremites com fra Bonaventura Grau i es va abandonar cap al 1809 per les guerres napole\u00f2niques.<\/p>\n\n\n\n<figure class=\"wp-block-image size-large\"><img loading=\"lazy\" decoding=\"async\" width=\"760\" height=\"1024\" src=\"https:\/\/blogs.terrassa.cat\/mateuavellaneda\/wp-content\/uploads\/sites\/6\/2025\/06\/sant-agnes-760x1024.jpg\" alt=\"\" class=\"wp-image-941\" srcset=\"https:\/\/blogs.terrassa.cat\/mateuavellaneda\/wp-content\/uploads\/sites\/6\/2025\/06\/sant-agnes-760x1024.jpg 760w, https:\/\/blogs.terrassa.cat\/mateuavellaneda\/wp-content\/uploads\/sites\/6\/2025\/06\/sant-agnes-223x300.jpg 223w, https:\/\/blogs.terrassa.cat\/mateuavellaneda\/wp-content\/uploads\/sites\/6\/2025\/06\/sant-agnes-768x1034.jpg 768w, https:\/\/blogs.terrassa.cat\/mateuavellaneda\/wp-content\/uploads\/sites\/6\/2025\/06\/sant-agnes-1141x1536.jpg 1141w, https:\/\/blogs.terrassa.cat\/mateuavellaneda\/wp-content\/uploads\/sites\/6\/2025\/06\/sant-agnes-1521x2048.jpg 1521w, https:\/\/blogs.terrassa.cat\/mateuavellaneda\/wp-content\/uploads\/sites\/6\/2025\/06\/sant-agnes-1200x1616.jpg 1200w, https:\/\/blogs.terrassa.cat\/mateuavellaneda\/wp-content\/uploads\/sites\/6\/2025\/06\/sant-agnes-1980x2666.jpg 1980w, https:\/\/blogs.terrassa.cat\/mateuavellaneda\/wp-content\/uploads\/sites\/6\/2025\/06\/sant-agnes-scaled.jpg 1901w\" sizes=\"auto, (max-width: 760px) 100vw, 760px\" \/><figcaption class=\"wp-element-caption\">Vista general de l&#8217;ermita en conjunt amb la natura. (Dibuix de M. Avellaneda de  1949) <\/figcaption><\/figure>\n\n\n\n<p class=\"has-background\" style=\"background-color:#d30000;font-size:14px\">Adre\u00e7a: <a href=\"https:\/\/www.google.com\/maps\/place\/Ermita+de+Santa+Agn%C3%A8s\/@41.6317376,2.0899943,12z\/data=!4m10!1m2!2m1!1sSant+agn%C3%A9s+del+munt+!3m6!1s0x12a4edb58b6ca8f9:0x459f06c63b5db3f7!8m2!3d41.6469392!4d2.0159024!15sChRTYW50IGFnbsOpcyBkZWwgbXVudFoWIhRzYW50IGFnbsOpcyBkZWwgbXVudJIBE2hpc3RvcmljYWxfbGFuZG1hcmuaASNDaFpEU1VoTk1HOW5TMFZKUTBGblNVUkNYM0F6VWtoM0VBReABAPoBBQiBARAt!16s%2Fg%2F1yw9kr7gy?entry=ttu&amp;g_ep=EgoyMDI1MDYwOS4wIKXMDSoASAFQAw%3D%3D\">08230 Matadepera, Barcelona<\/a><\/p>\n\n\n\n<div class=\"wp-block-buttons is-layout-flex wp-block-buttons-is-layout-flex\">\n<div class=\"wp-block-button\"><a class=\"wp-block-button__link wp-element-button\" href=\"https:\/\/blogs.terrassa.cat\/mateuavellaneda\/ermites\/\">TORNA<\/a><\/div>\n<\/div>\n","protected":false},"excerpt":{"rendered":"<p>L\u2019ermita de Santa Agn\u00e8s es troba al nord de la Mola, dins el Parc Natural de Sant Lloren\u00e7 del Munt, a 825 metres d\u2019altitud. Est\u00e0 constru\u00efda dins una balma i es conserven nom\u00e9s unes poques restes de la capella g\u00f2tica d&#8217;una sola nau amb volta apuntada, una portada de pedra, unes piques excavades a la [&hellip;]<\/p>\n","protected":false},"author":8,"featured_media":0,"parent":0,"menu_order":0,"comment_status":"closed","ping_status":"closed","template":"","meta":{"footnotes":""},"class_list":["post-702","page","type-page","status-publish","hentry"],"jetpack_sharing_enabled":true,"_links":{"self":[{"href":"https:\/\/blogs.terrassa.cat\/mateuavellaneda\/wp-json\/wp\/v2\/pages\/702","targetHints":{"allow":["GET"]}}],"collection":[{"href":"https:\/\/blogs.terrassa.cat\/mateuavellaneda\/wp-json\/wp\/v2\/pages"}],"about":[{"href":"https:\/\/blogs.terrassa.cat\/mateuavellaneda\/wp-json\/wp\/v2\/types\/page"}],"author":[{"embeddable":true,"href":"https:\/\/blogs.terrassa.cat\/mateuavellaneda\/wp-json\/wp\/v2\/users\/8"}],"replies":[{"embeddable":true,"href":"https:\/\/blogs.terrassa.cat\/mateuavellaneda\/wp-json\/wp\/v2\/comments?post=702"}],"version-history":[{"count":10,"href":"https:\/\/blogs.terrassa.cat\/mateuavellaneda\/wp-json\/wp\/v2\/pages\/702\/revisions"}],"predecessor-version":[{"id":1918,"href":"https:\/\/blogs.terrassa.cat\/mateuavellaneda\/wp-json\/wp\/v2\/pages\/702\/revisions\/1918"}],"wp:attachment":[{"href":"https:\/\/blogs.terrassa.cat\/mateuavellaneda\/wp-json\/wp\/v2\/media?parent=702"}],"curies":[{"name":"wp","href":"https:\/\/api.w.org\/{rel}","templated":true}]}}