{"id":715,"date":"2025-06-10T10:27:49","date_gmt":"2025-06-10T08:27:49","guid":{"rendered":"https:\/\/blogs.terrassa.cat\/mateuavellaneda\/?page_id=715"},"modified":"2025-06-30T12:24:38","modified_gmt":"2025-06-30T10:24:38","slug":"santa-margarida-de-mojal","status":"publish","type":"page","link":"https:\/\/blogs.terrassa.cat\/mateuavellaneda\/santa-margarida-de-mojal\/","title":{"rendered":"Santa Margarida de Mojal"},"content":{"rendered":"\n<p><\/p>\n\n\n\n<figure class=\"wp-block-jetpack-image-compare\"><div class=\"juxtapose\" data-mode=\"horizontal\"><img loading=\"lazy\" decoding=\"async\" id=\"279\" src=\"https:\/\/blogs.terrassa.cat\/mateuavellaneda\/wp-content\/uploads\/sites\/6\/2025\/03\/santa-margarida-de-mujal-ma-1.jpg\" alt=\"\" width=\"444\" height=\"311\" class=\"image-compare__image-before\" \/><img loading=\"lazy\" decoding=\"async\" id=\"280\" src=\"https:\/\/blogs.terrassa.cat\/mateuavellaneda\/wp-content\/uploads\/sites\/6\/2025\/03\/santa-margarida-de-mujal-actual-1.jpg\" alt=\"\" width=\"443\" height=\"313\" class=\"image-compare__image-after\" \/><\/div><figcaption>Ermita de Santa Margarida de Mojal l&#8217;any 1910 i la imatge compartiva de Santa Margarida de Mojal actualment<br><\/figcaption><\/figure>\n\n\n\n<p class=\"has-text-align-left\">L\u2019ermita de Santa Margarida de Mojal \u00e9s una petita capella rom\u00e0nica situada al ve\u00efnat de Can Parellada, al terme municipal de Terrassa, i est\u00e0 adossada a la masia de Santa Margarida, de la qual pren el nom. Documentada des del segle XI, conserva l\u2019estructura senzilla pr\u00f2pia del primer rom\u00e0nic, amb una nau \u00fanica i un absis semicircular. Tot i les reformes posteriors, encara mant\u00e9 l\u2019encant auster de les construccions medievals. Durant segles va ser un lloc de devoci\u00f3 popular, especialment vinculat a la festivitat de Santa Margarida, i avui forma part del patrimoni hist\u00f2ric i espiritual del barri, integrant-se en la mem\u00f2ria col\u00b7lectiva i el paisatge local.<\/p>\n\n\n\n<div class=\"wp-block-jetpack-slideshow aligncenter\" data-effect=\"slide\"><div class=\"wp-block-jetpack-slideshow_container swiper-container\"><ul class=\"wp-block-jetpack-slideshow_swiper-wrapper swiper-wrapper\"><li class=\"wp-block-jetpack-slideshow_slide swiper-slide\"><figure><img loading=\"lazy\" decoding=\"async\" width=\"1367\" height=\"1170\" alt=\"\" class=\"wp-block-jetpack-slideshow_image wp-image-857\" data-id=\"857\" src=\"https:\/\/blogs.terrassa.cat\/mateuavellaneda\/wp-content\/uploads\/sites\/6\/2025\/06\/SANTA-MARGARIDA-4-e1750846209278.jpg\" srcset=\"https:\/\/blogs.terrassa.cat\/mateuavellaneda\/wp-content\/uploads\/sites\/6\/2025\/06\/SANTA-MARGARIDA-4-e1750846209278.jpg 1367w, https:\/\/blogs.terrassa.cat\/mateuavellaneda\/wp-content\/uploads\/sites\/6\/2025\/06\/SANTA-MARGARIDA-4-e1750846209278-300x257.jpg 300w, https:\/\/blogs.terrassa.cat\/mateuavellaneda\/wp-content\/uploads\/sites\/6\/2025\/06\/SANTA-MARGARIDA-4-e1750846209278-1024x876.jpg 1024w, https:\/\/blogs.terrassa.cat\/mateuavellaneda\/wp-content\/uploads\/sites\/6\/2025\/06\/SANTA-MARGARIDA-4-e1750846209278-768x657.jpg 768w, https:\/\/blogs.terrassa.cat\/mateuavellaneda\/wp-content\/uploads\/sites\/6\/2025\/06\/SANTA-MARGARIDA-4-e1750846209278-1200x1027.jpg 1200w\" sizes=\"(max-width: 1367px) 100vw, 1367px\" \/><figcaption class=\"wp-block-jetpack-slideshow_caption gallery-caption\">Vista lateral de l&#8217;ermita (M. Avellaneda,1935)<\/figcaption><\/figure><\/li><li class=\"wp-block-jetpack-slideshow_slide swiper-slide\"><figure><img loading=\"lazy\" decoding=\"async\" width=\"1505\" height=\"2039\" alt=\"\" class=\"wp-block-jetpack-slideshow_image wp-image-854\" data-id=\"854\" src=\"https:\/\/blogs.terrassa.cat\/mateuavellaneda\/wp-content\/uploads\/sites\/6\/2025\/06\/SANTA-MARGARIDA-2.jpg\" srcset=\"https:\/\/blogs.terrassa.cat\/mateuavellaneda\/wp-content\/uploads\/sites\/6\/2025\/06\/SANTA-MARGARIDA-2.jpg 1505w, https:\/\/blogs.terrassa.cat\/mateuavellaneda\/wp-content\/uploads\/sites\/6\/2025\/06\/SANTA-MARGARIDA-2-221x300.jpg 221w, https:\/\/blogs.terrassa.cat\/mateuavellaneda\/wp-content\/uploads\/sites\/6\/2025\/06\/SANTA-MARGARIDA-2-756x1024.jpg 756w, https:\/\/blogs.terrassa.cat\/mateuavellaneda\/wp-content\/uploads\/sites\/6\/2025\/06\/SANTA-MARGARIDA-2-768x1040.jpg 768w, https:\/\/blogs.terrassa.cat\/mateuavellaneda\/wp-content\/uploads\/sites\/6\/2025\/06\/SANTA-MARGARIDA-2-1134x1536.jpg 1134w, https:\/\/blogs.terrassa.cat\/mateuavellaneda\/wp-content\/uploads\/sites\/6\/2025\/06\/SANTA-MARGARIDA-2-1200x1626.jpg 1200w\" sizes=\"(max-width: 1505px) 100vw, 1505px\" \/><figcaption class=\"wp-block-jetpack-slideshow_caption gallery-caption\">Antic interior de l&#8217;ermita (M. Avellaneda)<\/figcaption><\/figure><\/li><li class=\"wp-block-jetpack-slideshow_slide swiper-slide\"><figure><img loading=\"lazy\" decoding=\"async\" width=\"2010\" height=\"1428\" alt=\"\" class=\"wp-block-jetpack-slideshow_image wp-image-858\" data-id=\"858\" src=\"https:\/\/blogs.terrassa.cat\/mateuavellaneda\/wp-content\/uploads\/sites\/6\/2025\/06\/SANTA-MARGARIDA-e1750846309704.jpg\" srcset=\"https:\/\/blogs.terrassa.cat\/mateuavellaneda\/wp-content\/uploads\/sites\/6\/2025\/06\/SANTA-MARGARIDA-e1750846309704.jpg 2010w, https:\/\/blogs.terrassa.cat\/mateuavellaneda\/wp-content\/uploads\/sites\/6\/2025\/06\/SANTA-MARGARIDA-e1750846309704-300x213.jpg 300w, https:\/\/blogs.terrassa.cat\/mateuavellaneda\/wp-content\/uploads\/sites\/6\/2025\/06\/SANTA-MARGARIDA-e1750846309704-1024x727.jpg 1024w, https:\/\/blogs.terrassa.cat\/mateuavellaneda\/wp-content\/uploads\/sites\/6\/2025\/06\/SANTA-MARGARIDA-e1750846309704-768x546.jpg 768w, https:\/\/blogs.terrassa.cat\/mateuavellaneda\/wp-content\/uploads\/sites\/6\/2025\/06\/SANTA-MARGARIDA-e1750846309704-1536x1091.jpg 1536w, https:\/\/blogs.terrassa.cat\/mateuavellaneda\/wp-content\/uploads\/sites\/6\/2025\/06\/SANTA-MARGARIDA-e1750846309704-1200x853.jpg 1200w, https:\/\/blogs.terrassa.cat\/mateuavellaneda\/wp-content\/uploads\/sites\/6\/2025\/06\/SANTA-MARGARIDA-e1750846309704-1980x1407.jpg 1980w\" sizes=\"(max-width: 2010px) 100vw, 2010px\" \/><figcaption class=\"wp-block-jetpack-slideshow_caption gallery-caption\">Exterior de l&#8217;esgl\u00e9sia  (M. Avellaneda, 1935)<\/figcaption><\/figure><\/li><\/ul><a class=\"wp-block-jetpack-slideshow_button-prev swiper-button-prev swiper-button-white\" role=\"button\"><\/a><a class=\"wp-block-jetpack-slideshow_button-next swiper-button-next swiper-button-white\" role=\"button\"><\/a><a aria-label=\"Pause Slideshow\" class=\"wp-block-jetpack-slideshow_button-pause\" role=\"button\"><\/a><div class=\"wp-block-jetpack-slideshow_pagination swiper-pagination swiper-pagination-white\"><\/div><\/div><\/div>\n\n\n\n<p class=\"has-background\" style=\"background-color:#d30000;font-size:14px\">Adre\u00e7a: <a href=\"https:\/\/www.google.com\/maps\/place\/Ermita+de+Santa+Margarida+del+Mojal\/@41.544664,2.0334421,16z\/data=!3m1!4b1!4m6!3m5!1s0x12a493092e74d561:0xd462d0dfd2e2e1a6!8m2!3d41.54466!4d2.036017!16s%2Fg%2F11v3x9qtx3?entry=ttu&amp;g_ep=EgoyMDI1MDYwOS4wIKXMDSoASAFQAw%3D%3D\" data-type=\"link\" data-id=\"https:\/\/www.google.com\/maps\/place\/Ermita+de+Santa+Margarida+del+Mojal\/@41.544664,2.0334421,16z\/data=!3m1!4b1!4m6!3m5!1s0x12a493092e74d561:0xd462d0dfd2e2e1a6!8m2!3d41.54466!4d2.036017!16s%2Fg%2F11v3x9qtx3?entry=ttu&amp;g_ep=EgoyMDI1MDYwOS4wIKXMDSoASAFQAw%3D%3D\">Carrer d&#8217;Hercules, 4, 08228 Terrassa, Barcelona<\/a><\/p>\n\n\n\n<div class=\"wp-block-buttons is-layout-flex wp-block-buttons-is-layout-flex\">\n<div class=\"wp-block-button\"><a class=\"wp-block-button__link wp-element-button\" href=\"https:\/\/blogs.terrassa.cat\/mateuavellaneda\/ermites\/\">TORNA<\/a><\/div>\n<\/div>\n","protected":false},"excerpt":{"rendered":"<p>L\u2019ermita de Santa Margarida de Mojal \u00e9s una petita capella rom\u00e0nica situada al ve\u00efnat de Can Parellada, al terme municipal de Terrassa, i est\u00e0 adossada a la masia de Santa Margarida, de la qual pren el nom. Documentada des del segle XI, conserva l\u2019estructura senzilla pr\u00f2pia del primer rom\u00e0nic, amb una nau \u00fanica i un [&hellip;]<\/p>\n","protected":false},"author":8,"featured_media":0,"parent":0,"menu_order":0,"comment_status":"closed","ping_status":"closed","template":"","meta":{"footnotes":""},"class_list":["post-715","page","type-page","status-publish","hentry"],"jetpack_sharing_enabled":true,"_links":{"self":[{"href":"https:\/\/blogs.terrassa.cat\/mateuavellaneda\/wp-json\/wp\/v2\/pages\/715","targetHints":{"allow":["GET"]}}],"collection":[{"href":"https:\/\/blogs.terrassa.cat\/mateuavellaneda\/wp-json\/wp\/v2\/pages"}],"about":[{"href":"https:\/\/blogs.terrassa.cat\/mateuavellaneda\/wp-json\/wp\/v2\/types\/page"}],"author":[{"embeddable":true,"href":"https:\/\/blogs.terrassa.cat\/mateuavellaneda\/wp-json\/wp\/v2\/users\/8"}],"replies":[{"embeddable":true,"href":"https:\/\/blogs.terrassa.cat\/mateuavellaneda\/wp-json\/wp\/v2\/comments?post=715"}],"version-history":[{"count":9,"href":"https:\/\/blogs.terrassa.cat\/mateuavellaneda\/wp-json\/wp\/v2\/pages\/715\/revisions"}],"predecessor-version":[{"id":1771,"href":"https:\/\/blogs.terrassa.cat\/mateuavellaneda\/wp-json\/wp\/v2\/pages\/715\/revisions\/1771"}],"wp:attachment":[{"href":"https:\/\/blogs.terrassa.cat\/mateuavellaneda\/wp-json\/wp\/v2\/media?parent=715"}],"curies":[{"name":"wp","href":"https:\/\/api.w.org\/{rel}","templated":true}]}}