{"id":901,"date":"2025-06-11T12:50:56","date_gmt":"2025-06-11T10:50:56","guid":{"rendered":"https:\/\/blogs.terrassa.cat\/mateuavellaneda\/?page_id=901"},"modified":"2025-07-08T11:36:22","modified_gmt":"2025-07-08T09:36:22","slug":"ermita-de-can-viver-de-torrebonica","status":"publish","type":"page","link":"https:\/\/blogs.terrassa.cat\/mateuavellaneda\/ermita-de-can-viver-de-torrebonica\/","title":{"rendered":"Ermita de Can Viver de Torrebonica"},"content":{"rendered":"\n<figure class=\"wp-block-image size-large\"><img loading=\"lazy\" decoding=\"async\" width=\"1836\" height=\"2560\" src=\"https:\/\/blogs.terrassa.cat\/mateuavellaneda\/wp-content\/uploads\/sites\/6\/2025\/07\/CAN-VIVER-DE-TORREBONICA-edited-scaled.jpg\" alt=\"\" class=\"wp-image-1822\" srcset=\"https:\/\/blogs.terrassa.cat\/mateuavellaneda\/wp-content\/uploads\/sites\/6\/2025\/07\/CAN-VIVER-DE-TORREBONICA-edited-scaled.jpg 1836w, https:\/\/blogs.terrassa.cat\/mateuavellaneda\/wp-content\/uploads\/sites\/6\/2025\/07\/CAN-VIVER-DE-TORREBONICA-edited-215x300.jpg 215w, https:\/\/blogs.terrassa.cat\/mateuavellaneda\/wp-content\/uploads\/sites\/6\/2025\/07\/CAN-VIVER-DE-TORREBONICA-edited-735x1024.jpg 735w, https:\/\/blogs.terrassa.cat\/mateuavellaneda\/wp-content\/uploads\/sites\/6\/2025\/07\/CAN-VIVER-DE-TORREBONICA-edited-768x1071.jpg 768w, https:\/\/blogs.terrassa.cat\/mateuavellaneda\/wp-content\/uploads\/sites\/6\/2025\/07\/CAN-VIVER-DE-TORREBONICA-edited-1102x1536.jpg 1102w, https:\/\/blogs.terrassa.cat\/mateuavellaneda\/wp-content\/uploads\/sites\/6\/2025\/07\/CAN-VIVER-DE-TORREBONICA-edited-1469x2048.jpg 1469w, https:\/\/blogs.terrassa.cat\/mateuavellaneda\/wp-content\/uploads\/sites\/6\/2025\/07\/CAN-VIVER-DE-TORREBONICA-edited-1200x1673.jpg 1200w, https:\/\/blogs.terrassa.cat\/mateuavellaneda\/wp-content\/uploads\/sites\/6\/2025\/07\/CAN-VIVER-DE-TORREBONICA-edited-1980x2760.jpg 1980w\" sizes=\"auto, (max-width: 1836px) 100vw, 1836px\" \/><figcaption class=\"wp-element-caption\">Dibuix de l&#8217;ermita (M. Avellaneda 1935)<\/figcaption><\/figure>\n\n\n\n<p class=\"has-text-align-left\">L&#8217;ermita de Can Viver de Torrebonica, tamb\u00e9 anomenada cap \u00e9s coneguda principalment gr\u00e0cies a algunes fotos antigues i sobretot pel dibuix realitzat per Mateu Avellaneda l\u2019any 1935, on es representa amb una sola nau, coberta a dues aig\u00fces i una estructura senzilla que va desapar\u00e8ixer l&#8217;any 1911 quan s\u2019hi va construir el sanatori antitubercul\u00f3s promogut pel Patronat de Catalunya per la Lluita contra la Tuberculosi. L\u2019arquitecte Josep Dom\u00e8nech i Mansana va ser l\u2019encarregat de dissenyar el conjunt modernista, que inclo\u00efa nous pavellons, una granja agr\u00edcola i, com a centre espiritual, una nova esgl\u00e9sia dedicada a la Mare de D\u00e9u de Montserrat. Aquesta esgl\u00e9sia, projectada per Bernard\u00ed Martorell i bene\u00efda el 1930, les vidrieres acolorides, les c\u00fapules i l\u2019espadanya que encara avui destaquen en l\u2019entorn de Torrebonica. La capella del Roser encara es conserva en l&#8217;interior del sanatori, tamb\u00e9 \u00e9s conseva un retaule del segle XVII. <\/p>\n\n\n\n<div class=\"wp-block-jetpack-slideshow aligncenter\" data-effect=\"slide\"><div class=\"wp-block-jetpack-slideshow_container swiper-container\"><ul class=\"wp-block-jetpack-slideshow_swiper-wrapper swiper-wrapper\"><li class=\"wp-block-jetpack-slideshow_slide swiper-slide\"><figure><img loading=\"lazy\" decoding=\"async\" width=\"711\" height=\"438\" alt=\"\" class=\"wp-block-jetpack-slideshow_image wp-image-907\" data-id=\"907\" src=\"https:\/\/blogs.terrassa.cat\/mateuavellaneda\/wp-content\/uploads\/sites\/6\/2025\/06\/can-viver-avellaneda.jpg\" srcset=\"https:\/\/blogs.terrassa.cat\/mateuavellaneda\/wp-content\/uploads\/sites\/6\/2025\/06\/can-viver-avellaneda.jpg 711w, https:\/\/blogs.terrassa.cat\/mateuavellaneda\/wp-content\/uploads\/sites\/6\/2025\/06\/can-viver-avellaneda-300x185.jpg 300w\" sizes=\"(max-width: 711px) 100vw, 711px\" \/><figcaption class=\"wp-block-jetpack-slideshow_caption gallery-caption\">Dibuix de M. Avellaneda (1935) on apareix el conjunt de can viver abans de la reforma<\/figcaption><\/figure><\/li><li class=\"wp-block-jetpack-slideshow_slide swiper-slide\"><figure><img loading=\"lazy\" decoding=\"async\" width=\"528\" height=\"365\" alt=\"\" class=\"wp-block-jetpack-slideshow_image wp-image-906\" data-id=\"906\" src=\"https:\/\/blogs.terrassa.cat\/mateuavellaneda\/wp-content\/uploads\/sites\/6\/2025\/06\/sanatori-inauguracio-1911.jpg\" srcset=\"https:\/\/blogs.terrassa.cat\/mateuavellaneda\/wp-content\/uploads\/sites\/6\/2025\/06\/sanatori-inauguracio-1911.jpg 528w, https:\/\/blogs.terrassa.cat\/mateuavellaneda\/wp-content\/uploads\/sites\/6\/2025\/06\/sanatori-inauguracio-1911-300x207.jpg 300w\" sizes=\"(max-width: 528px) 100vw, 528px\" \/><figcaption class=\"wp-block-jetpack-slideshow_caption gallery-caption\">L&#8217;antic sanatori abans de la reforma<\/figcaption><\/figure><\/li><li class=\"wp-block-jetpack-slideshow_slide swiper-slide\"><figure><img loading=\"lazy\" decoding=\"async\" width=\"1024\" height=\"682\" alt=\"\" class=\"wp-block-jetpack-slideshow_image wp-image-905\" data-id=\"905\" src=\"https:\/\/blogs.terrassa.cat\/mateuavellaneda\/wp-content\/uploads\/sites\/6\/2025\/06\/dsc02315.jpg\" srcset=\"https:\/\/blogs.terrassa.cat\/mateuavellaneda\/wp-content\/uploads\/sites\/6\/2025\/06\/dsc02315.jpg 1024w, https:\/\/blogs.terrassa.cat\/mateuavellaneda\/wp-content\/uploads\/sites\/6\/2025\/06\/dsc02315-300x200.jpg 300w, https:\/\/blogs.terrassa.cat\/mateuavellaneda\/wp-content\/uploads\/sites\/6\/2025\/06\/dsc02315-768x512.jpg 768w\" sizes=\"(max-width: 1024px) 100vw, 1024px\" \/><figcaption class=\"wp-block-jetpack-slideshow_caption gallery-caption\">Actual sanatori reformat en 1911<\/figcaption><\/figure><\/li><\/ul><a class=\"wp-block-jetpack-slideshow_button-prev swiper-button-prev swiper-button-white\" role=\"button\"><\/a><a class=\"wp-block-jetpack-slideshow_button-next swiper-button-next swiper-button-white\" role=\"button\"><\/a><a aria-label=\"Pause Slideshow\" class=\"wp-block-jetpack-slideshow_button-pause\" role=\"button\"><\/a><div class=\"wp-block-jetpack-slideshow_pagination swiper-pagination swiper-pagination-white\"><\/div><\/div><\/div>\n\n\n\n<p class=\"has-primary-color has-text-color has-background has-link-color wp-elements-23eaf04f0d100f47c27af026e935462f\" style=\"background-color:#d30000;font-size:14px\">Adre\u00e7a: <a href=\"https:\/\/www.google.com\/maps\/place\/Can+Viver+de+Torrebonica\/@41.563275,2.0481581,17z\/data=!3m1!4b1!4m6!3m5!1s0x12a493000bf1f46f:0x84a85bd2f58ce434!8m2!3d41.563271!4d2.050733!16s%2Fg%2F1hl3grqcx?entry=ttu&amp;g_ep=EgoyMDI1MDYwOS4wIKXMDSoASAFQAw%3D%3D\" data-type=\"link\" data-id=\"https:\/\/www.google.com\/maps\/place\/Can+Viver+de+Torrebonica\/@41.563275,2.0481581,17z\/data=!3m1!4b1!4m6!3m5!1s0x12a493000bf1f46f:0x84a85bd2f58ce434!8m2!3d41.563271!4d2.050733!16s%2Fg%2F1hl3grqcx?entry=ttu&amp;g_ep=EgoyMDI1MDYwOS4wIKXMDSoASAFQAw%3D%3D\">Torrebonica, 1, 08227 Torrebonica, Barcelona<\/a><\/p>\n\n\n\n<div class=\"wp-block-buttons is-layout-flex wp-block-buttons-is-layout-flex\">\n<div class=\"wp-block-button\"><a class=\"wp-block-button__link wp-element-button\" href=\"https:\/\/blogs.terrassa.cat\/mateuavellaneda\/ermites\/\">TORNA<\/a><\/div>\n<\/div>\n","protected":false},"excerpt":{"rendered":"<p>L&#8217;ermita de Can Viver de Torrebonica, tamb\u00e9 anomenada cap \u00e9s coneguda principalment gr\u00e0cies a algunes fotos antigues i sobretot pel dibuix realitzat per Mateu Avellaneda l\u2019any 1935, on es representa amb una sola nau, coberta a dues aig\u00fces i una estructura senzilla que va desapar\u00e8ixer l&#8217;any 1911 quan s\u2019hi va construir el sanatori antitubercul\u00f3s promogut [&hellip;]<\/p>\n","protected":false},"author":8,"featured_media":0,"parent":0,"menu_order":0,"comment_status":"closed","ping_status":"closed","template":"","meta":{"footnotes":""},"class_list":["post-901","page","type-page","status-publish","hentry"],"jetpack_sharing_enabled":true,"_links":{"self":[{"href":"https:\/\/blogs.terrassa.cat\/mateuavellaneda\/wp-json\/wp\/v2\/pages\/901","targetHints":{"allow":["GET"]}}],"collection":[{"href":"https:\/\/blogs.terrassa.cat\/mateuavellaneda\/wp-json\/wp\/v2\/pages"}],"about":[{"href":"https:\/\/blogs.terrassa.cat\/mateuavellaneda\/wp-json\/wp\/v2\/types\/page"}],"author":[{"embeddable":true,"href":"https:\/\/blogs.terrassa.cat\/mateuavellaneda\/wp-json\/wp\/v2\/users\/8"}],"replies":[{"embeddable":true,"href":"https:\/\/blogs.terrassa.cat\/mateuavellaneda\/wp-json\/wp\/v2\/comments?post=901"}],"version-history":[{"count":9,"href":"https:\/\/blogs.terrassa.cat\/mateuavellaneda\/wp-json\/wp\/v2\/pages\/901\/revisions"}],"predecessor-version":[{"id":1914,"href":"https:\/\/blogs.terrassa.cat\/mateuavellaneda\/wp-json\/wp\/v2\/pages\/901\/revisions\/1914"}],"wp:attachment":[{"href":"https:\/\/blogs.terrassa.cat\/mateuavellaneda\/wp-json\/wp\/v2\/media?parent=901"}],"curies":[{"name":"wp","href":"https:\/\/api.w.org\/{rel}","templated":true}]}}