{"id":987,"date":"2025-06-12T11:39:33","date_gmt":"2025-06-12T09:39:33","guid":{"rendered":"https:\/\/blogs.terrassa.cat\/mateuavellaneda\/?page_id=987"},"modified":"2025-07-08T11:37:21","modified_gmt":"2025-07-08T09:37:21","slug":"capella-de-sant-roc-de-la-barata","status":"publish","type":"page","link":"https:\/\/blogs.terrassa.cat\/mateuavellaneda\/capella-de-sant-roc-de-la-barata\/","title":{"rendered":"Capella de La Barata"},"content":{"rendered":"\n<div class=\"wp-block-jetpack-slideshow aligncenter\" data-effect=\"slide\"><div class=\"wp-block-jetpack-slideshow_container swiper-container\"><ul class=\"wp-block-jetpack-slideshow_swiper-wrapper swiper-wrapper\"><li class=\"wp-block-jetpack-slideshow_slide swiper-slide\"><figure><img loading=\"lazy\" decoding=\"async\" width=\"1024\" height=\"641\" alt=\"\" class=\"wp-block-jetpack-slideshow_image wp-image-983\" data-id=\"983\" src=\"https:\/\/blogs.terrassa.cat\/mateuavellaneda\/wp-content\/uploads\/sites\/6\/2025\/06\/IMG_6887-e1749721732347-1024x641.jpg\" srcset=\"https:\/\/blogs.terrassa.cat\/mateuavellaneda\/wp-content\/uploads\/sites\/6\/2025\/06\/IMG_6887-e1749721732347-1024x641.jpg 1024w, https:\/\/blogs.terrassa.cat\/mateuavellaneda\/wp-content\/uploads\/sites\/6\/2025\/06\/IMG_6887-e1749721732347-300x188.jpg 300w, https:\/\/blogs.terrassa.cat\/mateuavellaneda\/wp-content\/uploads\/sites\/6\/2025\/06\/IMG_6887-e1749721732347-768x481.jpg 768w, https:\/\/blogs.terrassa.cat\/mateuavellaneda\/wp-content\/uploads\/sites\/6\/2025\/06\/IMG_6887-e1749721732347-1536x962.jpg 1536w, https:\/\/blogs.terrassa.cat\/mateuavellaneda\/wp-content\/uploads\/sites\/6\/2025\/06\/IMG_6887-e1749721732347-1200x752.jpg 1200w, https:\/\/blogs.terrassa.cat\/mateuavellaneda\/wp-content\/uploads\/sites\/6\/2025\/06\/IMG_6887-e1749721732347.jpg 1592w\" sizes=\"(max-width: 1024px) 100vw, 1024px\" \/><figcaption class=\"wp-block-jetpack-slideshow_caption gallery-caption\">Estat actual de la capella de Sant Roc.<\/figcaption><\/figure><\/li><li class=\"wp-block-jetpack-slideshow_slide swiper-slide\"><figure><img loading=\"lazy\" decoding=\"async\" width=\"711\" height=\"1024\" alt=\"\" class=\"wp-block-jetpack-slideshow_image wp-image-889\" data-id=\"889\" src=\"https:\/\/blogs.terrassa.cat\/mateuavellaneda\/wp-content\/uploads\/sites\/6\/2025\/06\/CAPELLA-DE-LA-BARATA-1-711x1024.jpg\" srcset=\"https:\/\/blogs.terrassa.cat\/mateuavellaneda\/wp-content\/uploads\/sites\/6\/2025\/06\/CAPELLA-DE-LA-BARATA-1-711x1024.jpg 711w, https:\/\/blogs.terrassa.cat\/mateuavellaneda\/wp-content\/uploads\/sites\/6\/2025\/06\/CAPELLA-DE-LA-BARATA-1-208x300.jpg 208w, https:\/\/blogs.terrassa.cat\/mateuavellaneda\/wp-content\/uploads\/sites\/6\/2025\/06\/CAPELLA-DE-LA-BARATA-1-768x1106.jpg 768w, https:\/\/blogs.terrassa.cat\/mateuavellaneda\/wp-content\/uploads\/sites\/6\/2025\/06\/CAPELLA-DE-LA-BARATA-1-1067x1536.jpg 1067w, https:\/\/blogs.terrassa.cat\/mateuavellaneda\/wp-content\/uploads\/sites\/6\/2025\/06\/CAPELLA-DE-LA-BARATA-1-1422x2048.jpg 1422w, https:\/\/blogs.terrassa.cat\/mateuavellaneda\/wp-content\/uploads\/sites\/6\/2025\/06\/CAPELLA-DE-LA-BARATA-1-1200x1728.jpg 1200w, https:\/\/blogs.terrassa.cat\/mateuavellaneda\/wp-content\/uploads\/sites\/6\/2025\/06\/CAPELLA-DE-LA-BARATA-1.jpg 1698w\" sizes=\"(max-width: 711px) 100vw, 711px\" \/><figcaption class=\"wp-block-jetpack-slideshow_caption gallery-caption\">La antiga capella de Sant Roc (M. Avellaneda,1935)<\/figcaption><\/figure><\/li><li class=\"wp-block-jetpack-slideshow_slide swiper-slide\"><figure><img loading=\"lazy\" decoding=\"async\" width=\"1024\" height=\"682\" alt=\"\" class=\"wp-block-jetpack-slideshow_image wp-image-981\" data-id=\"981\" src=\"https:\/\/blogs.terrassa.cat\/mateuavellaneda\/wp-content\/uploads\/sites\/6\/2025\/06\/IMG_6851-1024x682.jpg\" srcset=\"https:\/\/blogs.terrassa.cat\/mateuavellaneda\/wp-content\/uploads\/sites\/6\/2025\/06\/IMG_6851-1024x682.jpg 1024w, https:\/\/blogs.terrassa.cat\/mateuavellaneda\/wp-content\/uploads\/sites\/6\/2025\/06\/IMG_6851-300x200.jpg 300w, https:\/\/blogs.terrassa.cat\/mateuavellaneda\/wp-content\/uploads\/sites\/6\/2025\/06\/IMG_6851-768x512.jpg 768w, https:\/\/blogs.terrassa.cat\/mateuavellaneda\/wp-content\/uploads\/sites\/6\/2025\/06\/IMG_6851-1536x1023.jpg 1536w, https:\/\/blogs.terrassa.cat\/mateuavellaneda\/wp-content\/uploads\/sites\/6\/2025\/06\/IMG_6851-1200x800.jpg 1200w, https:\/\/blogs.terrassa.cat\/mateuavellaneda\/wp-content\/uploads\/sites\/6\/2025\/06\/IMG_6851.jpg 1600w\" sizes=\"(max-width: 1024px) 100vw, 1024px\" \/><figcaption class=\"wp-block-jetpack-slideshow_caption gallery-caption\">Interior de la capella actualment<\/figcaption><\/figure><\/li><li class=\"wp-block-jetpack-slideshow_slide swiper-slide\"><figure><img loading=\"lazy\" decoding=\"async\" width=\"728\" height=\"1024\" alt=\"\" class=\"wp-block-jetpack-slideshow_image wp-image-838\" data-id=\"838\" src=\"https:\/\/blogs.terrassa.cat\/mateuavellaneda\/wp-content\/uploads\/sites\/6\/2025\/06\/CREU-BARATA-728x1024.jpg\" srcset=\"https:\/\/blogs.terrassa.cat\/mateuavellaneda\/wp-content\/uploads\/sites\/6\/2025\/06\/CREU-BARATA-728x1024.jpg 728w, https:\/\/blogs.terrassa.cat\/mateuavellaneda\/wp-content\/uploads\/sites\/6\/2025\/06\/CREU-BARATA-213x300.jpg 213w, https:\/\/blogs.terrassa.cat\/mateuavellaneda\/wp-content\/uploads\/sites\/6\/2025\/06\/CREU-BARATA-768x1081.jpg 768w, https:\/\/blogs.terrassa.cat\/mateuavellaneda\/wp-content\/uploads\/sites\/6\/2025\/06\/CREU-BARATA-1092x1536.jpg 1092w, https:\/\/blogs.terrassa.cat\/mateuavellaneda\/wp-content\/uploads\/sites\/6\/2025\/06\/CREU-BARATA-1455x2048.jpg 1455w, https:\/\/blogs.terrassa.cat\/mateuavellaneda\/wp-content\/uploads\/sites\/6\/2025\/06\/CREU-BARATA-1200x1689.jpg 1200w, https:\/\/blogs.terrassa.cat\/mateuavellaneda\/wp-content\/uploads\/sites\/6\/2025\/06\/CREU-BARATA.jpg 1471w\" sizes=\"(max-width: 728px) 100vw, 728px\" \/><figcaption class=\"wp-block-jetpack-slideshow_caption gallery-caption\">Creu que coronava la capella (M. Avellaneda, 1935) <\/figcaption><\/figure><\/li><li class=\"wp-block-jetpack-slideshow_slide swiper-slide\"><figure><img loading=\"lazy\" decoding=\"async\" width=\"768\" height=\"512\" alt=\"\" class=\"wp-block-jetpack-slideshow_image wp-image-982\" data-id=\"982\" src=\"https:\/\/blogs.terrassa.cat\/mateuavellaneda\/wp-content\/uploads\/sites\/6\/2025\/06\/7833cd27d4b88d2d9507ebc409f4b9d0543a1990.jpg\" srcset=\"https:\/\/blogs.terrassa.cat\/mateuavellaneda\/wp-content\/uploads\/sites\/6\/2025\/06\/7833cd27d4b88d2d9507ebc409f4b9d0543a1990.jpg 768w, https:\/\/blogs.terrassa.cat\/mateuavellaneda\/wp-content\/uploads\/sites\/6\/2025\/06\/7833cd27d4b88d2d9507ebc409f4b9d0543a1990-300x200.jpg 300w\" sizes=\"(max-width: 768px) 100vw, 768px\" \/><figcaption class=\"wp-block-jetpack-slideshow_caption gallery-caption\">La casa pairal La Barata actualment (Matadepera)<\/figcaption><\/figure><\/li><\/ul><a class=\"wp-block-jetpack-slideshow_button-prev swiper-button-prev swiper-button-white\" role=\"button\"><\/a><a class=\"wp-block-jetpack-slideshow_button-next swiper-button-next swiper-button-white\" role=\"button\"><\/a><a aria-label=\"Pause Slideshow\" class=\"wp-block-jetpack-slideshow_button-pause\" role=\"button\"><\/a><div class=\"wp-block-jetpack-slideshow_pagination swiper-pagination swiper-pagination-white\"><\/div><\/div><\/div>\n\n\n\n<p class=\"has-text-align-left\">La capella de Sant Roc de La Barata es troba a la part m\u00e9s elevada del recinte de la casa pairal de <em>La Barata<\/em> (Matadepera)  Es troba al tra\u00e7at de l\u2019antic cam\u00ed ral que unia Barcelona amb Manresa i est\u00e0 formada per un conjunt d\u2019edificacions annexades que ocupen una zona plana.<\/p>\n\n\n\n<p class=\"has-text-align-left\">L\u2019edifici t\u00e9 planta de creu llatina amb una sola nau i cap\u00e7alera recta, i una coberta a dues aig\u00fces i un campanar d&#8217;espadanya. L\u2019exterior destaca per una decoraci\u00f3 en estuc que imita carreus, amb motius geom\u00e8trics en contrast de blanc i negre. A la fa\u00e7ana principal hi ha una porta amb llinda de pedra i pilastres esculpides als costats. L&#8217;edifici va ser atacat durant la guerra civil i restaurat als anys 40 per l\u2019arquitecte Jeroni Martorell. La capella est\u00e0 consagrada a Sant Roc patr\u00f3 de<em> La Barata<\/em>.<\/p>\n\n\n\n<p class=\"has-primary-color has-text-color has-background has-link-color wp-elements-4465d775d454859eadf5a35918be8a4b\" style=\"background-color:#d30000;font-size:14px\">Adre\u00e7a:<a href=\"https:\/\/www.google.com\/maps\/place\/La+Barata\/@41.641103,1.9879636,850m\/data=!3m2!1e3!4b1!4m6!3m5!1s0x12a4ed8a54a519f7:0xe3e39e5cd9abf55e!8m2!3d41.641099!4d1.9905385!16s%2Fg%2F11bwyxn40m?entry=ttu&amp;g_ep=EgoyMDI1MDYwOS4wIKXMDSoASAFQAw%3D%3D\" data-type=\"link\" data-id=\"https:\/\/www.google.com\/maps\/place\/La+Barata\/@41.641103,1.9879636,850m\/data=!3m2!1e3!4b1!4m6!3m5!1s0x12a4ed8a54a519f7:0xe3e39e5cd9abf55e!8m2!3d41.641099!4d1.9905385!16s%2Fg%2F11bwyxn40m?entry=ttu&amp;g_ep=EgoyMDI1MDYwOS4wIKXMDSoASAFQAw%3D%3D\"> Masia la Barata, 08230 Barcelona<\/a><\/p>\n\n\n\n<div class=\"wp-block-buttons is-layout-flex wp-block-buttons-is-layout-flex\">\n<div class=\"wp-block-button\"><a class=\"wp-block-button__link wp-element-button\" href=\"https:\/\/blogs.terrassa.cat\/mateuavellaneda\/ermites\/\">TORNA<\/a><\/div>\n<\/div>\n","protected":false},"excerpt":{"rendered":"<p>La capella de Sant Roc de La Barata es troba a la part m\u00e9s elevada del recinte de la casa pairal de La Barata (Matadepera) Es troba al tra\u00e7at de l\u2019antic cam\u00ed ral que unia Barcelona amb Manresa i est\u00e0 formada per un conjunt d\u2019edificacions annexades que ocupen una zona plana. L\u2019edifici t\u00e9 planta de [&hellip;]<\/p>\n","protected":false},"author":8,"featured_media":0,"parent":0,"menu_order":0,"comment_status":"closed","ping_status":"closed","template":"","meta":{"footnotes":""},"class_list":["post-987","page","type-page","status-publish","hentry"],"jetpack_sharing_enabled":true,"_links":{"self":[{"href":"https:\/\/blogs.terrassa.cat\/mateuavellaneda\/wp-json\/wp\/v2\/pages\/987","targetHints":{"allow":["GET"]}}],"collection":[{"href":"https:\/\/blogs.terrassa.cat\/mateuavellaneda\/wp-json\/wp\/v2\/pages"}],"about":[{"href":"https:\/\/blogs.terrassa.cat\/mateuavellaneda\/wp-json\/wp\/v2\/types\/page"}],"author":[{"embeddable":true,"href":"https:\/\/blogs.terrassa.cat\/mateuavellaneda\/wp-json\/wp\/v2\/users\/8"}],"replies":[{"embeddable":true,"href":"https:\/\/blogs.terrassa.cat\/mateuavellaneda\/wp-json\/wp\/v2\/comments?post=987"}],"version-history":[{"count":9,"href":"https:\/\/blogs.terrassa.cat\/mateuavellaneda\/wp-json\/wp\/v2\/pages\/987\/revisions"}],"predecessor-version":[{"id":1915,"href":"https:\/\/blogs.terrassa.cat\/mateuavellaneda\/wp-json\/wp\/v2\/pages\/987\/revisions\/1915"}],"wp:attachment":[{"href":"https:\/\/blogs.terrassa.cat\/mateuavellaneda\/wp-json\/wp\/v2\/media?parent=987"}],"curies":[{"name":"wp","href":"https:\/\/api.w.org\/{rel}","templated":true}]}}